{"id":112352,"date":"2024-04-03T00:00:00","date_gmt":"2024-04-02T22:00:00","guid":{"rendered":"http:\/\/gpl-love.com\/fr\/produit\/searchwp-boolean-search-query\/"},"modified":"2026-04-10T18:38:46","modified_gmt":"2026-04-10T16:38:46","slug":"searchwp-boolean-search-query","status":"publish","type":"product","link":"https:\/\/gpl-love.com\/fr\/produit\/searchwp-boolean-search-query\/","title":{"rendered":"SearchWP Boolean Search Query 1.4.3"},"content":{"rendered":"<h3>SearchWP Boolean Search Query Traits<\/h3>\n<p>La requ\u00eate de recherche Boolean SearchWP est un outil incroyablement robuste et tr\u00e8s efficace qui fournit aux utilisateurs un moyen transparent et rationalis\u00e9 de localiser des termes et phrases particuliers dans leur site Web. En utilisant des op\u00e9rateurs bool\u00e9ens, cette ressource permet aux individus de r\u00e9duire consid\u00e9rablement leurs r\u00e9sultats de recherche en mettant en \u0153uvre des crit\u00e8res sp\u00e9cifiques, tels que l&rsquo;exclusion de certains mots ou phrases, l&rsquo;identification de correspondances exactes ou la poursuite de synonymes. Avec cette fonctionnalit\u00e9 de recherche avanc\u00e9e \u00e0 leur disposition, les utilisateurs peuvent acc\u00e9der rapidement et sans effort \u00e0 acc\u00e9der sans effort aux informations pr\u00e9cises dont ils ont besoin, ce qui leur offre la possibilit\u00e9 de conserver \u00e0 la fois du temps et des ressources pr\u00e9cieuses. Peu importe que l&rsquo;on soit charg\u00e9 de la gestion d&rsquo;un site Web \u00e9tendu ou que la recherche d&rsquo;une m\u00e9thode plus efficace pour effectuer des recherches d&rsquo;informations, la requ\u00eate de recherche bool\u00e9enne de recherche repr\u00e9sente ind\u00e9niablement un actif inestimable qui ne devrait \u00eatre n\u00e9glig\u00e9 par aucun propri\u00e9taire ou administrateur de site Web.<\/p>\n<ul>\n<li>R\u00e9sultats de recherche pr\u00e9cis: la requ\u00eate de recherche bool\u00e9enne SearchWP fournit des r\u00e9sultats pr\u00e9cis en permettant aux utilisateurs d&rsquo;utiliser des op\u00e9rateurs bool\u00e9ens tels que et, et de ne pas affiner leurs requ\u00eates de recherche.<\/li>\n<li>Personnalisation: la requ\u00eate de recherche peut \u00eatre personnalis\u00e9e pour r\u00e9pondre aux besoins et aux pr\u00e9f\u00e9rences des utilisateurs sp\u00e9cifiques.<\/li>\n<li>Facile \u00e0 utiliser: l&rsquo;interface est conviviale, ce qui permet \u00e0 quiconque de rechercher rapidement et facilement son contenu souhait\u00e9.<\/li>\n<li>Speed: La requ\u00eate de recherche bool\u00e9enne de recherche de recherche est optimis\u00e9e pour les r\u00e9sultats rapides, r\u00e9duisant les temps de recherche et am\u00e9liorant la productivit\u00e9.<\/li>\n<li>Compatibilit\u00e9 avec les sites WordPress: Le plugin est compatible avec les sites WordPress, permettant aux utilisateurs de WordPress d&rsquo;int\u00e9grer facilement le plugin \u00e0 leurs sites Web.<\/li>\n<li>Sortie de recherche personnalisable: SearchWP Bool\u00e9en Recherche La sortie de la requ\u00eate peut \u00eatre personnalis\u00e9e pour s&rsquo;adapter aux pr\u00e9f\u00e9rences des utilisateurs sp\u00e9cifiques, y compris l&rsquo;ordre de r\u00e9sultat de la recherche et la mise en page.<\/li>\n<li>Am\u00e9lioration de la pr\u00e9cision de la recherche: l&rsquo;utilisation de la requ\u00eate de recherche bool\u00e9enne de recherche de recherche am\u00e9liore la pr\u00e9cision de la recherche et r\u00e9duit la probabilit\u00e9 de r\u00e9sultats de recherche non pertinents.<\/li>\n<li>Int\u00e9gration avec d&rsquo;autres plugins: le plugin peut \u00eatre int\u00e9gr\u00e9 \u00e0 d&rsquo;autres plugins WordPress, am\u00e9liorant davantage la fonctionnalit\u00e9 du site Web.<\/li>\n<li>Options de licence flexibles: la requ\u00eate de recherche bool\u00e9enne de recherche SearchWP est disponible dans diff\u00e9rents mod\u00e8les de licence, y compris les licences de site individuelles et les licences illimit\u00e9es du site, permettant aux utilisateurs de s\u00e9lectionner la meilleure option de licence pour leurs besoins.<\/li>\n<\/ul>\n","protected":false},"excerpt":{"rendered":"<p>La requ\u00eate de recherche bool\u00e9enne de recherche est un instrument incroyablement puissant et formidable qui vous permet de affiner et d&rsquo;am\u00e9liorer m\u00e9ticuleusement les r\u00e9sultats des requ\u00eates de recherche men\u00e9es sur votre site Web. En exploitant les capacit\u00e9s remarquables des op\u00e9rateurs bool\u00e9ens tels que et, et non, vous avez la capacit\u00e9 de fabriquer des requ\u00eates de recherche complexes et sophistiqu\u00e9es qui sont m\u00e9ticuleusement personnalis\u00e9es pour r\u00e9pondre aux exigences et pr\u00e9f\u00e9rences uniques de vos utilisateurs estim\u00e9s. Le r\u00e9sultat ultime est un assortiment extr\u00eamement raffin\u00e9 et soigneusement organis\u00e9 de r\u00e9sultats de recherche qui s&rsquo;alignent impeccablement et atteignent les objectifs et les d\u00e9sirs pr\u00e9cis de vos utilisateurs estim\u00e9s. En mettant en \u0153uvre et en int\u00e9grant la requ\u00eate de recherche bool\u00e9enne SearchWP dans votre site Web, vous avez la possibilit\u00e9 d&rsquo;\u00e9lever et d&rsquo;am\u00e9liorer consid\u00e9rablement l&rsquo;exp\u00e9rience utilisateur globale, stimulant ainsi efficacement l&rsquo;engagement des utilisateurs \u00e0 des hauteurs sans pr\u00e9c\u00e9dent.<\/p>\n","protected":false},"featured_media":145175,"comment_status":"open","ping_status":"open","template":"","meta":[],"product_brand":[2649],"product_cat":[1189,1181,1186],"product_tag":[1343],"class_list":{"0":"post-112352","1":"product","2":"type-product","3":"status-publish","4":"has-post-thumbnail","6":"product_brand-search-wp","7":"product_cat-personnalisation","8":"product_cat-plugins","9":"product_cat-wordpress-plugins","10":"product_tag-search-wp","11":"member-discount","12":"discount-restricted","14":"first","15":"instock","16":"sale","17":"downloadable","18":"virtual","19":"sold-individually","20":"purchasable","21":"product-type-simple"},"_links":{"self":[{"href":"https:\/\/gpl-love.com\/fr\/wp-json\/wp\/v2\/product\/112352","targetHints":{"allow":["GET"]}}],"collection":[{"href":"https:\/\/gpl-love.com\/fr\/wp-json\/wp\/v2\/product"}],"about":[{"href":"https:\/\/gpl-love.com\/fr\/wp-json\/wp\/v2\/types\/product"}],"replies":[{"embeddable":true,"href":"https:\/\/gpl-love.com\/fr\/wp-json\/wp\/v2\/comments?post=112352"}],"wp:featuredmedia":[{"embeddable":true,"href":"https:\/\/gpl-love.com\/fr\/wp-json\/wp\/v2\/media\/145175"}],"wp:attachment":[{"href":"https:\/\/gpl-love.com\/fr\/wp-json\/wp\/v2\/media?parent=112352"}],"wp:term":[{"taxonomy":"product_brand","embeddable":true,"href":"https:\/\/gpl-love.com\/fr\/wp-json\/wp\/v2\/product_brand?post=112352"},{"taxonomy":"product_cat","embeddable":true,"href":"https:\/\/gpl-love.com\/fr\/wp-json\/wp\/v2\/product_cat?post=112352"},{"taxonomy":"product_tag","embeddable":true,"href":"https:\/\/gpl-love.com\/fr\/wp-json\/wp\/v2\/product_tag?post=112352"}],"curies":[{"name":"wp","href":"https:\/\/api.w.org\/{rel}","templated":true}]}}