{"id":112350,"date":"2023-02-06T00:00:00","date_gmt":"2023-02-05T23:00:00","guid":{"rendered":"http:\/\/gpl-love.com\/fr\/produit\/searchwp-bigcommerce-integration\/"},"modified":"2026-04-10T18:38:46","modified_gmt":"2026-04-10T16:38:46","slug":"searchwp-bigcommerce-integration","status":"publish","type":"product","link":"https:\/\/gpl-love.com\/fr\/produit\/searchwp-bigcommerce-integration\/","title":{"rendered":"SearchWP BigCommerce Integration 1.2.0"},"content":{"rendered":"<h3>SearchWP BigCommerce Integration Traits<\/h3>\n<p>L&rsquo;int\u00e9gration SearchWP BigCommerce est un outil de recherche complet qui a \u00e9t\u00e9 d\u00e9velopp\u00e9 dans le but d&rsquo;am\u00e9liorer la fonctionnalit\u00e9 de recherche de votre boutique en ligne BigCommerce. Cette int\u00e9gration s&rsquo;int\u00e8gre de mani\u00e8re transparente \u00e0 votre magasin BigCommerce pr\u00e9existant, garantissant ainsi une exp\u00e9rience de recherche am\u00e9lior\u00e9e pour vos clients estim\u00e9s. B\u00e9n\u00e9ficiant d&rsquo;algorithmes de recherche avanc\u00e9s et d&rsquo;un large \u00e9ventail de fonctionnalit\u00e9s robustes telles que la recherche en direct, la tol\u00e9rance aux erreurs et la mise en \u00e9vidence du terme de recherche, l&rsquo;int\u00e9gration BigCommerce SearchWP est m\u00e9ticuleusement con\u00e7ue pour garantir pour. De plus, cette int\u00e9gration offre un niveau de personnalisation in\u00e9gal\u00e9, vous permettant de faire un contr\u00f4le complet sur les produits et les pages englob\u00e9s dans les r\u00e9sultats de la recherche. En r\u00e9sum\u00e9, il est sans \u00e9quivoque \u00e9vident que l&rsquo;int\u00e9gration SearchWP BigCommerce est un outil indispensable qui ne peut tout simplement pas \u00eatre n\u00e9glig\u00e9 par un propri\u00e9taire de magasin BigCommerce exigeant qui est vraiment d\u00e9termin\u00e9 \u00e0 optimiser les fonctionnalit\u00e9s de recherche de leur boutique en ligne.<\/p>\n<ul>\n<li>Int\u00e8gre de mani\u00e8re transparente SearchWP \u00e0 votre boutique BigCommerce<\/li>\n<li>Am\u00e9liore l&rsquo;exp\u00e9rience de recherche de vos clients en leur permettant de trouver facilement ce qu&rsquo;ils recherchent<\/li>\n<li>Fournit des r\u00e9sultats de recherche plus pertinents en utilisant les fonctionnalit\u00e9s de recherche avanc\u00e9es de SearchWP<\/li>\n<li>Peut \u00eatre enti\u00e8rement personnalis\u00e9 pour s&rsquo;adapter \u00e0 la conception et \u00e0 la disposition de votre boutique BigCommerce<\/li>\n<li>Fonctionne avec tous les types de produits et cat\u00e9gories, ce qui en fait une solution polyvalente pour toute boutique en ligne<\/li>\n<li>Facile \u00e0 installer et \u00e0 configurer sans aucune connaissance de codage requise<\/li>\n<li>Fournit des rapports et des analyses d\u00e9taill\u00e9s sur les requ\u00eates de recherche, vous permettant d&rsquo;optimiser votre site pour de meilleures performances de recherche<\/li>\n<li>Compatible avec la derni\u00e8re version de BigCommerce<\/li>\n<li>R\u00e9guli\u00e8rement mis \u00e0 jour pour assurer la compatibilit\u00e9 avec les nouvelles versions de BigCommerce et SearchWP<\/li>\n<li>Fournit un excellent support client, avec une \u00e9quipe disponible pour vous aider avec toutes les questions ou probl\u00e8mes que vous pouvez rencontrer.<\/li>\n<\/ul>\n","protected":false},"excerpt":{"rendered":"<p>L&rsquo;int\u00e9gration BigCommerce SearchWP, un compl\u00e9ment remarquable, poss\u00e8de la possibilit\u00e9 d&rsquo;int\u00e9grer de mani\u00e8re transparente votre boutique BigCommerce au plugin SearchWP, augmentant ainsi consid\u00e9rablement la fonctionnalit\u00e9 de recherche de votre magasin. Cette int\u00e9gration facilite les clients en localisant rapidement et sans effort les produits sp\u00e9cifiques qu&rsquo;ils souhaitent. Impr\u00e9gn\u00e9 d&rsquo;une interface qui d\u00e9gage l&rsquo;intuitivit\u00e9, un tableau d&rsquo;options de recherche avanc\u00e9es et une rapidit\u00e9 in\u00e9gal\u00e9e, l&rsquo;int\u00e9gration de recherche BigCommerce SearchWP assure une rencontre de recherche in\u00e9gal\u00e9e pour vos clients estim\u00e9s. Par cons\u00e9quent, cela se traduit par une implication accrue des clients, des taux de conversion sup\u00e9rieurs et des chiffres de vente amplifi\u00e9s pour votre entreprise florissante.<\/p>\n","protected":false},"featured_media":145174,"comment_status":"open","ping_status":"open","template":"","meta":[],"product_brand":[2649],"product_cat":[1189,1181,1186],"product_tag":[1343],"class_list":{"0":"post-112350","1":"product","2":"type-product","3":"status-publish","4":"has-post-thumbnail","6":"product_brand-search-wp","7":"product_cat-personnalisation","8":"product_cat-plugins","9":"product_cat-wordpress-plugins","10":"product_tag-search-wp","11":"member-discount","12":"discount-restricted","14":"first","15":"instock","16":"sale","17":"downloadable","18":"virtual","19":"sold-individually","20":"purchasable","21":"product-type-simple"},"_links":{"self":[{"href":"https:\/\/gpl-love.com\/fr\/wp-json\/wp\/v2\/product\/112350","targetHints":{"allow":["GET"]}}],"collection":[{"href":"https:\/\/gpl-love.com\/fr\/wp-json\/wp\/v2\/product"}],"about":[{"href":"https:\/\/gpl-love.com\/fr\/wp-json\/wp\/v2\/types\/product"}],"replies":[{"embeddable":true,"href":"https:\/\/gpl-love.com\/fr\/wp-json\/wp\/v2\/comments?post=112350"}],"wp:featuredmedia":[{"embeddable":true,"href":"https:\/\/gpl-love.com\/fr\/wp-json\/wp\/v2\/media\/145174"}],"wp:attachment":[{"href":"https:\/\/gpl-love.com\/fr\/wp-json\/wp\/v2\/media?parent=112350"}],"wp:term":[{"taxonomy":"product_brand","embeddable":true,"href":"https:\/\/gpl-love.com\/fr\/wp-json\/wp\/v2\/product_brand?post=112350"},{"taxonomy":"product_cat","embeddable":true,"href":"https:\/\/gpl-love.com\/fr\/wp-json\/wp\/v2\/product_cat?post=112350"},{"taxonomy":"product_tag","embeddable":true,"href":"https:\/\/gpl-love.com\/fr\/wp-json\/wp\/v2\/product_tag?post=112350"}],"curies":[{"name":"wp","href":"https:\/\/api.w.org\/{rel}","templated":true}]}}