{"id":112348,"date":"2021-02-09T00:00:00","date_gmt":"2021-02-08T23:00:00","guid":{"rendered":"http:\/\/gpl-love.com\/fr\/produit\/searchwp-bbpress-integration\/"},"modified":"2026-04-10T18:38:45","modified_gmt":"2026-04-10T16:38:45","slug":"searchwp-bbpress-integration","status":"publish","type":"product","link":"https:\/\/gpl-love.com\/fr\/produit\/searchwp-bbpress-integration\/","title":{"rendered":"SearchWP bbPress Integration 1.3.1"},"content":{"rendered":"<h3>SearchWP bbPress Integration Traits<\/h3>\n<p>L&rsquo;int\u00e9gration SearchWP BBPress, un outil remarquablement robuste, pr\u00e9sente la capacit\u00e9 remarquable pour autonomiser les utilisateurs dans leur qu\u00eate pour localiser efficacement et rapidement le contenu pertinent \u00e0 travers la vaste \u00e9tendue des forums BBPress. Cette int\u00e9gration, m\u00e9ticuleusement adapt\u00e9e et remarquablement \u00e0 l&rsquo;\u00e9coute pour augmenter la fonctionnalit\u00e9 de recherche inn\u00e9e de BBPress, un plugin WordPress extr\u00eamement bien re\u00e7u v\u00e9n\u00e9r\u00e9 pour sa capacit\u00e9 \u00e0 faciliter la cr\u00e9ation de forums de discussion engageants et interactifs. Avec l&rsquo;int\u00e9gration SearchWP BBPress se sont entrelac\u00e9es de mani\u00e8re transparente dans le tissu de leur exp\u00e9rience en ligne, les utilisateurs ont la commodit\u00e9 sans pr\u00e9c\u00e9dent de naviguer rapidement \u00e0 travers un vaste \u00e9ventail de sujets, de r\u00e9ponses, de balises et m\u00eame de types de publication personnalis\u00e9s, facilitant ainsi leur qu\u00eate pour extraire rapidement la indispensable informations qu&rsquo;ils recherchent. En vertu de cette int\u00e9gration in\u00e9gal\u00e9e, les utilisateurs sont dou\u00e9s d&rsquo;un sentiment de folie in\u00e9gal\u00e9, entra\u00eenant une amplification profonde de l&rsquo;efficacit\u00e9 et de la productivit\u00e9. Essentiellement, l&rsquo;int\u00e9gration SearchWP BBPress est un atout indispensable, un alli\u00e9 inestimable, pour tout site Web ou communaut\u00e9 en ligne qui a la chance de se pr\u00e9valoir de la myriade d&rsquo;avantages offerts par l&#8217;emploi de forums BBPress.<\/p>\n<ul>\n<li>Int\u00e9gration transparente des fonctionnalit\u00e9s de recherche avanc\u00e9es dans vos forums BBPress<\/li>\n<li>Exp\u00e9rience utilisateur am\u00e9lior\u00e9e pour les membres du forum \u00e0 la recherche de sujets ou de threads sp\u00e9cifiques<\/li>\n<li>Utilise le puissant moteur SearchWP pour fournir des r\u00e9sultats de recherche pr\u00e9cis en fonction de la pertinence des mots cl\u00e9s<\/li>\n<li>Options d&rsquo;affichage des r\u00e9sultats de recherche enti\u00e8rement personnalisables pour correspondre \u00e0 l&rsquo;apparence de vos forums BBPress<\/li>\n<li>Prend en charge les types de poste et les taxonomies personnalis\u00e9s pour des r\u00e9sultats de recherche encore plus cibl\u00e9s<\/li>\n<li>Processus d&rsquo;installation et de configuration simple sans codage requis<\/li>\n<li>Paiement unique pour une fourniture \u00e0 vie de mises \u00e0 jour et d&rsquo;assistance<\/li>\n<li>Compatible avec la derni\u00e8re version de WordPress et BBPress<\/li>\n<li>Convivial avec les d\u00e9veloppeurs avec des filtres et des crochets pour des options de personnalisation avanc\u00e9es<\/li>\n<li>Garantie de remboursement de 30 jours sur tous les achats<\/li>\n<\/ul>\n","protected":false},"excerpt":{"rendered":"<p>SearchWP BBPress Integration est un plugin premium tr\u00e8s recherch\u00e9 qui int\u00e8gre harmonieusement le logiciel de forum de discussion largement acclam\u00e9, BBPress, avec la fonctionnalit\u00e9 de recherche WordPress exceptionnelle que les utilisateurs adorent. En utilisant efficacement ce plugin impressionnant, vos utilisateurs estim\u00e9s appr\u00e9cieront sans aucun doute l&rsquo;exp\u00e9rience de recherche transparente, examinant sans effort les sujets et les r\u00e9ponses du forum BBPRESS avec une pr\u00e9cision et une signification in\u00e9gal\u00e9es. Rassurez-vous, ce plugin extraordinaire poss\u00e8de un tableau de param\u00e8tres de recherche personnalisables, vous permettant de hi\u00e9rarchiser m\u00e9ticuleusement les r\u00e9sultats de recherche conform\u00e9ment \u00e0 vos pr\u00e9f\u00e9rences estim\u00e9es. Avec la remarquable int\u00e9gration SearchWP BBPress \u00e0 votre disposition, l&rsquo;exp\u00e9rience utilisateur doit \u00eatre \u00e9lev\u00e9e \u00e0 des hauteurs sans pr\u00e9c\u00e9dent, car naviguer dans votre site Web estim\u00e9 pour localiser les informations souhait\u00e9es devient un jeu d&rsquo;enfant.<\/p>\n","protected":false},"featured_media":145173,"comment_status":"open","ping_status":"open","template":"","meta":[],"product_brand":[2649],"product_cat":[1189,1181,1186],"product_tag":[1343],"class_list":{"0":"post-112348","1":"product","2":"type-product","3":"status-publish","4":"has-post-thumbnail","6":"product_brand-search-wp","7":"product_cat-personnalisation","8":"product_cat-plugins","9":"product_cat-wordpress-plugins","10":"product_tag-search-wp","11":"member-discount","12":"discount-restricted","14":"first","15":"instock","16":"sale","17":"downloadable","18":"virtual","19":"sold-individually","20":"purchasable","21":"product-type-simple"},"_links":{"self":[{"href":"https:\/\/gpl-love.com\/fr\/wp-json\/wp\/v2\/product\/112348","targetHints":{"allow":["GET"]}}],"collection":[{"href":"https:\/\/gpl-love.com\/fr\/wp-json\/wp\/v2\/product"}],"about":[{"href":"https:\/\/gpl-love.com\/fr\/wp-json\/wp\/v2\/types\/product"}],"replies":[{"embeddable":true,"href":"https:\/\/gpl-love.com\/fr\/wp-json\/wp\/v2\/comments?post=112348"}],"wp:featuredmedia":[{"embeddable":true,"href":"https:\/\/gpl-love.com\/fr\/wp-json\/wp\/v2\/media\/145173"}],"wp:attachment":[{"href":"https:\/\/gpl-love.com\/fr\/wp-json\/wp\/v2\/media?parent=112348"}],"wp:term":[{"taxonomy":"product_brand","embeddable":true,"href":"https:\/\/gpl-love.com\/fr\/wp-json\/wp\/v2\/product_brand?post=112348"},{"taxonomy":"product_cat","embeddable":true,"href":"https:\/\/gpl-love.com\/fr\/wp-json\/wp\/v2\/product_cat?post=112348"},{"taxonomy":"product_tag","embeddable":true,"href":"https:\/\/gpl-love.com\/fr\/wp-json\/wp\/v2\/product_tag?post=112348"}],"curies":[{"name":"wp","href":"https:\/\/api.w.org\/{rel}","templated":true}]}}