{"id":112346,"date":"2024-02-15T00:00:00","date_gmt":"2024-02-14T23:00:00","guid":{"rendered":"http:\/\/gpl-love.com\/fr\/produit\/residence-real-estate-wordpress-theme\/"},"modified":"2026-04-10T18:38:01","modified_gmt":"2026-04-10T16:38:01","slug":"residence-real-estate-wordpress-theme","status":"publish","type":"product","link":"https:\/\/gpl-love.com\/fr\/produit\/residence-real-estate-wordpress-theme\/","title":{"rendered":"Residence Real Estate WordPress Theme 4.11.0"},"content":{"rendered":"<h3>Residence Real Estate WordPress Theme Traits<\/h3>\n<p>Le th\u00e8me WordPress immobilier de la r\u00e9sidence est une solution impeccable et id\u00e9ale sp\u00e9cialement adapt\u00e9e aux agents et agences immobili\u00e8res qui aspirent \u00e0 cr\u00e9er un site Web sophistiqu\u00e9 et convivial. Int\u00e9grant un design contemporain et rationalis\u00e9, ce th\u00e8me pr\u00e9sente un vaste \u00e9ventail de fonctionnalit\u00e9s et de fonctionnalit\u00e9s m\u00e9ticuleusement con\u00e7ues pour vous permettre de montrer efficacement vos propri\u00e9t\u00e9s et services de mani\u00e8re captivante et convaincante. Parmi les attributs notables englob\u00e9s dans ce th\u00e8me figurent ses options de recherche avanc\u00e9es, ses listes de propri\u00e9t\u00e9s personnalis\u00e9es, ses cartes interactives et une conception r\u00e9active m\u00e9ticuleusement optimis\u00e9e pour une visualisation transparente sur tous les appareils. En tirant parti du th\u00e8me WordPress immobilier de la r\u00e9sidence, vous pouvez fa\u00e7onner sans effort un site Web qui incarne avec pr\u00e9cision et repr\u00e9sente votre marque tout en magn\u00e9tisant simultan\u00e9ment les clients potentiels.<\/p>\n<ul>\n<li>Design \u00e9l\u00e9gant et moderne qui est parfait pour pr\u00e9senter les propri\u00e9t\u00e9s r\u00e9sidentielles<\/li>\n<li>Disposition r\u00e9active qui a fi\u00e8re allure sur n&rsquo;importe quel appareil, permettant aux clients de visualiser les propri\u00e9t\u00e9s en d\u00e9placement<\/li>\n<li>Plusieurs types de publication personnalis\u00e9s pour une organisation facile des propri\u00e9t\u00e9s, des agents et des t\u00e9moignages<\/li>\n<li>Google Maps int\u00e9gr\u00e9s pour une emplacement et une navigation faciles aux propri\u00e9t\u00e9s<\/li>\n<li>Fonctionnalit\u00e9 avanc\u00e9e de recherche de propri\u00e9t\u00e9s pour aider les clients \u00e0 trouver la maison parfaite rapidement et facilement<\/li>\n<li>Builder de page flexible pour personnaliser les dispositions et cr\u00e9er des pages uniques<\/li>\n<li>Fonctionnalit\u00e9 de blog int\u00e9gr\u00e9e pour partager les nouvelles et les mises \u00e0 jour de l&rsquo;industrie avec les clients<\/li>\n<li>Int\u00e9gration des m\u00e9dias sociaux pour un partage facile sur les plateformes populaires<\/li>\n<li>Sch\u00e9ma de couleurs enti\u00e8rement personnalisable pour correspondre \u00e0 votre marque et \u00e0 votre style<\/li>\n<li>Mises \u00e0 jour r\u00e9guli\u00e8res pour assurer la compatibilit\u00e9 avec la derni\u00e8re version et plugins WordPress.<\/li>\n<\/ul>\n","protected":false},"excerpt":{"rendered":"<p>Le th\u00e8me WordPress immobilier de la r\u00e9sidence se distingue comme un mod\u00e8le de site Web \u00e9tonnant et adaptable qui a \u00e9t\u00e9 sp\u00e9cialement con\u00e7u pour les agents et les agences immobili\u00e8res. Ce mod\u00e8le particulier poss\u00e8de une interface intuitive et conviviale, permettant une personnalisation sans effort, ce qui en fait le choix parfait pour pr\u00e9senter votre vaste gamme de propri\u00e9t\u00e9s et attirer des clients potentiels. De plus, sa conception enti\u00e8rement r\u00e9active permet aux visiteurs d&rsquo;acc\u00e9der de mani\u00e8re transparente \u00e0 votre site Web \u00e0 partir de tout appareil, vous accordant ainsi un niveau de port\u00e9e et de flexibilit\u00e9 sans pr\u00e9c\u00e9dent. De plus, le th\u00e8me est \u00e9quip\u00e9 de toutes les fonctionnalit\u00e9s essentielles que vous attendez, y compris un syst\u00e8me de recherche et de filtre puissant, des listes de propri\u00e9t\u00e9s compl\u00e8tes, des galeries captivantes et bien plus encore. De plus, il comprend \u00e9galement des boutons de m\u00e9dias sociaux int\u00e9gr\u00e9s, des formulaires de contact personnalisables et une section de blog m\u00e9ticuleusement con\u00e7ue qui sert \u00e0 promouvoir votre marque et \u00e0 vous \u00e9tablir comme un leader d&rsquo;opinion de premier plan au sein de l&rsquo;industrie. Ainsi, avec le th\u00e8me WordPress de la r\u00e9sidence immobilier, votre entreprise peut atteindre sans effort le niveau de r\u00e9ussite en ligne souhait\u00e9.<\/p>\n","protected":false},"featured_media":145107,"comment_status":"open","ping_status":"open","template":"","meta":[],"product_brand":[2433],"product_cat":[1356,1212,1213],"product_tag":[1366],"class_list":{"0":"post-112346","1":"product","2":"type-product","3":"status-publish","4":"has-post-thumbnail","6":"product_brand-themeforest","7":"product_cat-immobilier","8":"product_cat-themes","9":"product_cat-wordpress-themes","10":"product_tag-themeforest","11":"member-discount","12":"discount-restricted","14":"first","15":"instock","16":"sale","17":"downloadable","18":"virtual","19":"sold-individually","20":"purchasable","21":"product-type-simple"},"_links":{"self":[{"href":"https:\/\/gpl-love.com\/fr\/wp-json\/wp\/v2\/product\/112346","targetHints":{"allow":["GET"]}}],"collection":[{"href":"https:\/\/gpl-love.com\/fr\/wp-json\/wp\/v2\/product"}],"about":[{"href":"https:\/\/gpl-love.com\/fr\/wp-json\/wp\/v2\/types\/product"}],"replies":[{"embeddable":true,"href":"https:\/\/gpl-love.com\/fr\/wp-json\/wp\/v2\/comments?post=112346"}],"wp:featuredmedia":[{"embeddable":true,"href":"https:\/\/gpl-love.com\/fr\/wp-json\/wp\/v2\/media\/145107"}],"wp:attachment":[{"href":"https:\/\/gpl-love.com\/fr\/wp-json\/wp\/v2\/media?parent=112346"}],"wp:term":[{"taxonomy":"product_brand","embeddable":true,"href":"https:\/\/gpl-love.com\/fr\/wp-json\/wp\/v2\/product_brand?post=112346"},{"taxonomy":"product_cat","embeddable":true,"href":"https:\/\/gpl-love.com\/fr\/wp-json\/wp\/v2\/product_cat?post=112346"},{"taxonomy":"product_tag","embeddable":true,"href":"https:\/\/gpl-love.com\/fr\/wp-json\/wp\/v2\/product_tag?post=112346"}],"curies":[{"name":"wp","href":"https:\/\/api.w.org\/{rel}","templated":true}]}}