{"id":112344,"date":"2026-03-03T00:00:00","date_gmt":"2026-03-02T23:00:00","guid":{"rendered":"http:\/\/gpl-love.com\/fr\/produit\/greenmart-organic-and-food-woocommerce-theme\/"},"modified":"2026-03-20T23:19:03","modified_gmt":"2026-03-20T22:19:03","slug":"greenmart-organic-and-food-woocommerce-theme","status":"publish","type":"product","link":"https:\/\/gpl-love.com\/fr\/produit\/greenmart-organic-and-food-woocommerce-theme\/","title":{"rendered":"GreenMart Organic et Food WooCommerce Theme 4.2.14"},"content":{"rendered":"<h3>GreenMart Organic et Food WooCommerce Theme Traits<\/h3>\n<p>Le th\u00e8me GreenMart Organic and Food WooCommerce est une plate-forme de commerce \u00e9lectronique \u00e0 la fois r\u00e9active et personnalisable. Il se concentre principalement sur la restauration des entreprises biologiques et li\u00e9es \u00e0 l&rsquo;alimentation, ce qui en fait un choix id\u00e9al pour ceux de l&rsquo;industrie. Avec son design \u00e9l\u00e9gant et contemporain, ce th\u00e8me est assur\u00e9 de capter l&rsquo;attention des consommateurs qui priorisent les produits biologiques et sains. Il propose une interface conviviale, permettant une navigation et une personnalisation faciles des mises en page pour s&rsquo;adapter aux pr\u00e9f\u00e9rences individuelles. De plus, un large \u00e9ventail de pages et mod\u00e8les pr\u00e9-con\u00e7us sont disponibles, rationalisant le processus de configuration et de gestion d&rsquo;une boutique en ligne. Greenmart poss\u00e8de \u00e9galement une solide collection d&rsquo;outils de commerce \u00e9lectronique, y compris des filtres, des capacit\u00e9s de tri et des options de recherche. De plus, il s&rsquo;int\u00e8gre parfaitement aux passerelles de paiement populaires et aux options d&rsquo;exp\u00e9dition, assurant un processus de transaction fluide et efficace. En utilisant GreenMart, les entreprises biologiques et alimentaires peuvent \u00e9tablir une formidable pr\u00e9sence en ligne tout en offrant aux clients une exp\u00e9rience de magasinage transparente et agr\u00e9able.<\/p>\n<ul>\n<li>Con\u00e7u sp\u00e9cifiquement pour les magasins d&rsquo;aliments biologiques et les march\u00e9s<\/li>\n<li>Enti\u00e8rement compatible avec WooCommerce et WordPress<\/li>\n<li>Comprend des plugins premium tels que Revolution Slider et Visual Composer<\/li>\n<li>Mobile r\u00e9actif et r\u00e9tine pr\u00eat pour un affichage optimal sur n&rsquo;importe quel appareil<\/li>\n<li>Multipliers de page d&rsquo;accueil, styles d&rsquo;en-t\u00eate et de pied de page au choix<\/li>\n<li>Filtres de produit int\u00e9gr\u00e9s et barre de recherche pour une navigation facile<\/li>\n<li>Int\u00e9gration des m\u00e9dias sociaux et ic\u00f4nes sociales personnalis\u00e9es<\/li>\n<li>Traduction pr\u00eate pour l&rsquo;internationalisation transparente<\/li>\n<li>Installation de d\u00e9monstration en un clic pour une configuration facile<\/li>\n<li>SEO optimis\u00e9 pour une meilleure visibilit\u00e9 sur les moteurs de recherche<\/li>\n<\/ul>\n","protected":false},"excerpt":{"rendered":"<p>Greenmart est un th\u00e8me WooCommerce exceptionnel sp\u00e9cialement con\u00e7u pour les magasins en ligne sp\u00e9cialis\u00e9s dans la vente de produits organiques ou d&rsquo;\u00e9picerie. Ce th\u00e8me offre une solution moderne et innovante qui r\u00e9pond aux besoins uniques de ces entreprises. En tirant parti d&rsquo;une conception propre et r\u00e9active, Greenmart garantit une exp\u00e9rience de navigation transparente et conviviale, permettant aux clients de naviguer sans effort sur le site et de localiser facilement les produits qui r\u00e9pondent \u00e0 leurs besoins sp\u00e9cifiques. De plus, le th\u00e8me offre une pl\u00e9thore de fonctionnalit\u00e9s personnalisables et de plusieurs dispositions de page d&rsquo;accueil, permettant aux entreprises de pr\u00e9senter leurs articles frais et organiques de mani\u00e8re \u00e9l\u00e9gante et visuellement captivante. Il convient de noter que Greenmart est construit sur la derni\u00e8re version de WooCommerce, qui accorde l&rsquo;acc\u00e8s \u00e0 un large \u00e9ventail de fonctionnalit\u00e9s et de fonctionnalit\u00e9s avanc\u00e9es. Il s&rsquo;agit notamment d&rsquo;un processus de paiement fluide et rationalis\u00e9, d&rsquo;une interface utilisateur intuitive et d&rsquo;une s\u00e9lection robuste de modules compl\u00e9mentaires qui am\u00e9liorent encore l&rsquo;exp\u00e9rience utilisateur globale. En cons\u00e9quence, Greenmart se d\u00e9marque comme un excellent choix pour les \u00e9piceries en ligne, quelle que soit leur \u00e9chelle ou leur ampleur. Que vous exploitez une petite boutique biologique ou que vous g\u00e9riez une entreprise de commerce \u00e9lectronique \u00e0 grande \u00e9chelle, Greenmart est la solution optimale pour cr\u00e9er un site Web visuellement attrayant, convivial et tr\u00e8s performant qui captivera sans aucun doute et engagera votre public cible.<\/p>\n","protected":false},"featured_media":144149,"comment_status":"open","ping_status":"open","template":"","meta":[],"product_brand":[2433],"product_cat":[1238,1851,1212],"product_tag":[1366],"class_list":{"0":"post-112344","1":"product","2":"type-product","3":"status-publish","4":"has-post-thumbnail","6":"product_brand-themeforest","7":"product_cat-commerce-electronique-themes","8":"product_cat-entreprise-commerce-electronique-themes","9":"product_cat-themes","10":"product_tag-themeforest","11":"member-discount","12":"discount-restricted","14":"first","15":"instock","16":"sale","17":"downloadable","18":"virtual","19":"sold-individually","20":"purchasable","21":"product-type-simple"},"_links":{"self":[{"href":"https:\/\/gpl-love.com\/fr\/wp-json\/wp\/v2\/product\/112344","targetHints":{"allow":["GET"]}}],"collection":[{"href":"https:\/\/gpl-love.com\/fr\/wp-json\/wp\/v2\/product"}],"about":[{"href":"https:\/\/gpl-love.com\/fr\/wp-json\/wp\/v2\/types\/product"}],"replies":[{"embeddable":true,"href":"https:\/\/gpl-love.com\/fr\/wp-json\/wp\/v2\/comments?post=112344"}],"wp:featuredmedia":[{"embeddable":true,"href":"https:\/\/gpl-love.com\/fr\/wp-json\/wp\/v2\/media\/144149"}],"wp:attachment":[{"href":"https:\/\/gpl-love.com\/fr\/wp-json\/wp\/v2\/media?parent=112344"}],"wp:term":[{"taxonomy":"product_brand","embeddable":true,"href":"https:\/\/gpl-love.com\/fr\/wp-json\/wp\/v2\/product_brand?post=112344"},{"taxonomy":"product_cat","embeddable":true,"href":"https:\/\/gpl-love.com\/fr\/wp-json\/wp\/v2\/product_cat?post=112344"},{"taxonomy":"product_tag","embeddable":true,"href":"https:\/\/gpl-love.com\/fr\/wp-json\/wp\/v2\/product_tag?post=112344"}],"curies":[{"name":"wp","href":"https:\/\/api.w.org\/{rel}","templated":true}]}}