{"id":112342,"date":"2026-02-14T00:00:00","date_gmt":"2026-02-13T23:00:00","guid":{"rendered":"http:\/\/gpl-love.com\/fr\/produit\/diza-pharmacy-store-elementor-woocommerce-theme\/"},"modified":"2026-03-20T23:01:05","modified_gmt":"2026-03-20T22:01:05","slug":"diza-pharmacy-store-elementor-woocommerce-theme","status":"publish","type":"product","link":"https:\/\/gpl-love.com\/fr\/produit\/diza-pharmacy-store-elementor-woocommerce-theme\/","title":{"rendered":"Diza Pharmacy Store Elementor WooCommerce Theme 1.3.17"},"content":{"rendered":"<h3>Diza Pharmacy Store Elementor WooCommerce Theme Traits<\/h3>\n<p>Le th\u00e8me WooCommerce de Diza Pharmacy Store Elementor est un th\u00e8me extr\u00eamement fonctionnel et hautement personnalisable qui a \u00e9t\u00e9 sp\u00e9cifiquement con\u00e7u pour r\u00e9pondre aux besoins et aux exigences des pharmacies en ligne. Sa conception esth\u00e9tique et de pointe se combine parfaitement avec son interface conviviale pour offrir aux clients une exp\u00e9rience de navigation transparente, leur permettant de localiser et d&rsquo;acqu\u00e9rir sans effort les produits souhait\u00e9s. Ce th\u00e8me offre une pl\u00e9thore d&rsquo;options de mise en page, de sch\u00e9mas de couleurs et d&rsquo;\u00e9l\u00e9ments de conception qui peuvent \u00eatre personnalis\u00e9s sans effort \u00e0 l&rsquo;aide d&rsquo;Elementor, ce qui en fait la quintessence de la perfection pour les entreprises s&rsquo;effor\u00e7ant d&rsquo;\u00e9tablir un emporium de pharmacie en ligne distinctif et sophistiqu\u00e9. De plus, le th\u00e8me est enti\u00e8rement r\u00e9actif et m\u00e9ticuleusement optimis\u00e9 pour les moteurs de recherche, garantissant ainsi que votre site Web sera accessible sans effort et visiblement visible par un vaste \u00e9ventail d&rsquo;utilisateurs. Dans l&rsquo;ensemble, le th\u00e8me Diza Pharmacy Store Elementor WooCommerce est un choix exemplaire pour que toute pharmacie en ligne s&rsquo;efforce d&rsquo;\u00e9lever leur pr\u00e9sence num\u00e9rique et d&rsquo;augmenter leurs chiffres de vente.<\/p>\n<ul>\n<li>Design moderne et professionnel sp\u00e9cifiquement adapt\u00e9 aux magasins de pharmacie<\/li>\n<li>Construit sur Elementor Page Builder pour une personnalisation et une flexibilit\u00e9 faciles<\/li>\n<li>Enti\u00e8rement compatible avec WooCommerce pour l&rsquo;int\u00e9gration de la boutique en ligne transparente<\/li>\n<li>Page d&rsquo;accueil personnalisable incluse avec des sections pr\u00e9-con\u00e7ues pour les produits en vedette, les t\u00e9moignages et plus encore<\/li>\n<li>Options de disposition de la liste de produits multiples parmi lesquelles choisir<\/li>\n<li>Fonctionnalit\u00e9 de recherche avanc\u00e9e pour aider les clients \u00e0 trouver ce dont ils ont besoin rapidement et facilement<\/li>\n<li>Int\u00e9gration avec les principales passerelles de paiement pour les transactions en ligne s\u00e9curis\u00e9es<\/li>\n<li>La conception r\u00e9active mobile garantit que votre magasin aura fi\u00e8re allure sur n&rsquo;importe quel appareil<\/li>\n<li>SEO optimis\u00e9 pour aider votre magasin plus haut dans les r\u00e9sultats des moteurs de recherche<\/li>\n<li>Mises \u00e0 jour r\u00e9guli\u00e8res et support d\u00e9di\u00e9 des cr\u00e9ateurs de th\u00e8me.<\/li>\n<\/ul>\n","protected":false},"excerpt":{"rendered":"<p>D\u00e9couvrez une solution de commerce \u00e9lectronique in\u00e9gal\u00e9e avec le th\u00e8me WooCommerce de Diza Pharmacy Store Elementor. Ce th\u00e8me est un ajustement parfait pour les magasins de pharmacie en ligne, offrant un design \u00e9l\u00e9gant et professionnel qui attirera certainement des clients potentiels. Construit avec le constructeur de page Elementor, il permet une personnalisation facile, m\u00eame pour ceux qui n&rsquo;ont aucune connaissance de codage. Avec l&rsquo;int\u00e9gration WooCommerce, la gestion de votre boutique en ligne devient un jeu d&rsquo;enfant. Le th\u00e8me est \u00e9galement tr\u00e8s r\u00e9actif, assurant une exp\u00e9rience d&rsquo;achat transparente sur n&rsquo;importe quel appareil. Diza Pharmacy Store Elementor WooCommerce Le th\u00e8me poss\u00e8de l&rsquo;optimisation du r\u00e9f\u00e9rencement pour une visibilit\u00e9 accrue en ligne, et comprend \u00e9galement une fonctionnalit\u00e9 de blog pour partager des conseils de sant\u00e9 et des informations sur les produits. \u00c9levez votre magasin de pharmacie en ligne avec notre th\u00e8me convivial et riche en fonctionnalit\u00e9s.<\/p>\n","protected":false},"featured_media":143556,"comment_status":"open","ping_status":"open","template":"","meta":[],"product_brand":[2433],"product_cat":[1238,1851,1212],"product_tag":[1366],"class_list":{"0":"post-112342","1":"product","2":"type-product","3":"status-publish","4":"has-post-thumbnail","6":"product_brand-themeforest","7":"product_cat-commerce-electronique-themes","8":"product_cat-entreprise-commerce-electronique-themes","9":"product_cat-themes","10":"product_tag-themeforest","11":"member-discount","12":"discount-restricted","14":"first","15":"instock","16":"sale","17":"downloadable","18":"virtual","19":"sold-individually","20":"purchasable","21":"product-type-simple"},"_links":{"self":[{"href":"https:\/\/gpl-love.com\/fr\/wp-json\/wp\/v2\/product\/112342","targetHints":{"allow":["GET"]}}],"collection":[{"href":"https:\/\/gpl-love.com\/fr\/wp-json\/wp\/v2\/product"}],"about":[{"href":"https:\/\/gpl-love.com\/fr\/wp-json\/wp\/v2\/types\/product"}],"replies":[{"embeddable":true,"href":"https:\/\/gpl-love.com\/fr\/wp-json\/wp\/v2\/comments?post=112342"}],"wp:featuredmedia":[{"embeddable":true,"href":"https:\/\/gpl-love.com\/fr\/wp-json\/wp\/v2\/media\/143556"}],"wp:attachment":[{"href":"https:\/\/gpl-love.com\/fr\/wp-json\/wp\/v2\/media?parent=112342"}],"wp:term":[{"taxonomy":"product_brand","embeddable":true,"href":"https:\/\/gpl-love.com\/fr\/wp-json\/wp\/v2\/product_brand?post=112342"},{"taxonomy":"product_cat","embeddable":true,"href":"https:\/\/gpl-love.com\/fr\/wp-json\/wp\/v2\/product_cat?post=112342"},{"taxonomy":"product_tag","embeddable":true,"href":"https:\/\/gpl-love.com\/fr\/wp-json\/wp\/v2\/product_tag?post=112342"}],"curies":[{"name":"wp","href":"https:\/\/api.w.org\/{rel}","templated":true}]}}