{"id":112340,"date":"2026-04-07T00:00:00","date_gmt":"2026-04-06T22:00:00","guid":{"rendered":"http:\/\/gpl-love.com\/fr\/produit\/phox-hosting-wordpress-and-whmcs-theme\/"},"modified":"2026-04-10T18:36:26","modified_gmt":"2026-04-10T16:36:26","slug":"phox-hosting-wordpress-and-whmcs-theme","status":"publish","type":"product","link":"https:\/\/gpl-love.com\/fr\/produit\/phox-hosting-wordpress-and-whmcs-theme\/","title":{"rendered":"Phox Hosting WordPress et WHMCS Theme 2.5.9"},"content":{"rendered":"<h3>Phox Hosting WordPress et WHMCS Theme Traits<\/h3>\n<p>Le th\u00e8me WordPress et WHMCS de Phox, r\u00e9put\u00e9 pour sa puissance et sa flexibilit\u00e9, a \u00e9t\u00e9 m\u00e9ticuleusement con\u00e7u pour r\u00e9pondre aux exigences sp\u00e9cifiques des entreprises d&rsquo;h\u00e9bergement Web. B\u00e9n\u00e9ficiant d&rsquo;une r\u00e9activit\u00e9 compl\u00e8te et de capacit\u00e9s de personnalisation in\u00e9gal\u00e9es, les utilisateurs peuvent modeler sans effort des sites Web qui sont \u00e0 la fois uniques et d\u00e9gager une aura professionnelle. Ce th\u00e8me s&rsquo;int\u00e8gre harmonieusement \u00e0 WordPress et aux WHMC, ce qui en fait la quintessence de l&rsquo;excellence pour les entreprises qui fournissent des services d&rsquo;h\u00e9bergement Web. Avec une vaste gamme de fonctionnalit\u00e9s et d&rsquo;options \u00e0 votre disposition, comme un assortiment d&rsquo;alternatives de mise en page, de sch\u00e9mas de couleurs infinis et de possibilit\u00e9s de personnalisation de pointe, Phox H\u00e9berge WordPress et WHMCS Le th\u00e8me est la solution par excellence pour les individus aspirant \u00e0 construire un premier ordre de premier ordre est la solution par excellence pour les individus \u00e0 construire un premier ordre de premier ordre est Site Web d&rsquo;h\u00e9bergement Web. Que vous soyez un d\u00e9veloppeur chevronn\u00e9 ou un novice, ce th\u00e8me est extraordinairement convivial et vous permettra incontestablement de construire un site Web qui attire sans effort l&rsquo;attention et se distingue de ses contemporains.<\/p>\n<ul>\n<li>Un th\u00e8me professionnel et personnalisable pour WordPress et WHMCS<\/li>\n<li>Parfait pour l&rsquo;h\u00e9bergement et les entreprises d&rsquo;enregistrement de domaine<\/li>\n<li>Comprend des fonctionnalit\u00e9s telles que la gestion de la facturation, le syst\u00e8me de support des billets et la recherche de domaine int\u00e9gr\u00e9<\/li>\n<li>Facile \u00e0 utiliser et \u00e0 configurer avec une interface conviviale<\/li>\n<li>Conception enti\u00e8rement r\u00e9active qui a fi\u00e8re allure sur tous les appareils<\/li>\n<li>Livr\u00e9 avec une gamme de dispositions pr\u00e9d\u00e9finies et d&rsquo;options de personnalisation pour rendre votre site Web vraiment unique<\/li>\n<li>Codage et optimisation de haute qualit\u00e9 pour les vitesses de chargement rapide et l&rsquo;optimisation du r\u00e9f\u00e9rencement<\/li>\n<li>Compatible avec tous les principaux navigateurs et WooCommerce<\/li>\n<li>Comprend une gamme de codes et de widgets utiles<\/li>\n<li>RECLARG\u00c9 MISE \u00c0 JOUR AVEC DE LA NOUVELLES DE NOUVELLES ET DES COMMISSES DE BOGES POUR LES PERFORMANCES OPTIMALES.<\/li>\n<\/ul>\n","protected":false},"excerpt":{"rendered":"<p>L&rsquo;h\u00e9bergement de Phox, un th\u00e8me WordPress et WHMCS contemporain et multiforme, a \u00e9t\u00e9 m\u00e9ticuleusement con\u00e7u pour l&rsquo;h\u00e9bergement Web et les entreprises technologiques. B\u00e9n\u00e9ficiant d&rsquo;un design vierge et sophistiqu\u00e9, ce th\u00e8me pr\u00e9sente une myriade d&rsquo;options personnalisables et s&rsquo;int\u00e8gre parfaitement aux WHMC, vous permettant de construire sans effort un site Web convaincant et raffin\u00e9 pour pr\u00e9senter vos services d&rsquo;h\u00e9bergement estim\u00e9s. Impr\u00e9gn\u00e9 d&rsquo;une disposition r\u00e9active, d&rsquo;effets de parallaxe, de prise en charge SSL, de fonctionnalit\u00e9 de recherche de domaine et d&rsquo;un \u00e9ventail d&rsquo;autres fonctionnalit\u00e9s de pointe, votre site Web d\u00e9gagera de l&rsquo;esth\u00e9tique in\u00e9gal\u00e9e et fonctionnera avec une pr\u00e9cision in\u00e9gal\u00e9e. Que vous vous lanciez dans un voyage inaugural dans le domaine de l&rsquo;h\u00e9bergement des services ou que vous vous efforcez de revitaliser votre pr\u00e9sence en ligne existante, l&rsquo;h\u00e9bergement de Phox appara\u00eet comme la solution par excellence qui d\u00e9passera sans aucun doute vos attentes \u00e9lev\u00e9es.<\/p>\n","protected":false},"featured_media":144973,"comment_status":"open","ping_status":"open","template":"","meta":[],"product_brand":[2433],"product_cat":[1516,1212,1213],"product_tag":[1366],"class_list":{"0":"post-112340","1":"product","2":"type-product","3":"status-publish","4":"has-post-thumbnail","6":"product_brand-themeforest","7":"product_cat-entreprise","8":"product_cat-themes","9":"product_cat-wordpress-themes","10":"product_tag-themeforest","11":"member-discount","12":"discount-restricted","14":"first","15":"instock","16":"sale","17":"downloadable","18":"virtual","19":"sold-individually","20":"purchasable","21":"product-type-simple"},"_links":{"self":[{"href":"https:\/\/gpl-love.com\/fr\/wp-json\/wp\/v2\/product\/112340","targetHints":{"allow":["GET"]}}],"collection":[{"href":"https:\/\/gpl-love.com\/fr\/wp-json\/wp\/v2\/product"}],"about":[{"href":"https:\/\/gpl-love.com\/fr\/wp-json\/wp\/v2\/types\/product"}],"replies":[{"embeddable":true,"href":"https:\/\/gpl-love.com\/fr\/wp-json\/wp\/v2\/comments?post=112340"}],"wp:featuredmedia":[{"embeddable":true,"href":"https:\/\/gpl-love.com\/fr\/wp-json\/wp\/v2\/media\/144973"}],"wp:attachment":[{"href":"https:\/\/gpl-love.com\/fr\/wp-json\/wp\/v2\/media?parent=112340"}],"wp:term":[{"taxonomy":"product_brand","embeddable":true,"href":"https:\/\/gpl-love.com\/fr\/wp-json\/wp\/v2\/product_brand?post=112340"},{"taxonomy":"product_cat","embeddable":true,"href":"https:\/\/gpl-love.com\/fr\/wp-json\/wp\/v2\/product_cat?post=112340"},{"taxonomy":"product_tag","embeddable":true,"href":"https:\/\/gpl-love.com\/fr\/wp-json\/wp\/v2\/product_tag?post=112340"}],"curies":[{"name":"wp","href":"https:\/\/api.w.org\/{rel}","templated":true}]}}