{"id":112338,"date":"2021-03-07T00:00:00","date_gmt":"2021-03-06T23:00:00","guid":{"rendered":"http:\/\/gpl-love.com\/fr\/produit\/multinews-multipurpose-news-magazine-theme\/"},"modified":"2026-04-10T18:32:13","modified_gmt":"2026-04-10T16:32:13","slug":"multinews-multipurpose-news-magazine-theme","status":"publish","type":"product","link":"https:\/\/gpl-love.com\/fr\/produit\/multinews-multipurpose-news-magazine-theme\/","title":{"rendered":"Multinews Multipurpose News Magazine Theme 2.8"},"content":{"rendered":"<h3>Multinews Multipurpose News Magazine Theme Traits<\/h3>\n<p>Le th\u00e8me Multinews Multipurpose News Magazine est un mod\u00e8le de site Web de nouvelles \u00e9tendu et adaptable qui est parfaitement adapt\u00e9 aux portails d&rsquo;information contemporains, aux magazines en ligne, aux blogs et autres sites Web \u00e9ditoriaux. Avec sa nature compl\u00e8te et polyvalente, ce th\u00e8me pr\u00e9sente un design propre et \u00e9l\u00e9gant qui est pleinement r\u00e9actif et personnalisable. Il poss\u00e8de un \u00e9ventail de fonctionnalit\u00e9s puissantes, notamment un constructeur de page de glisser-d\u00e9poser, diverses variations de page d&rsquo;accueil et une vaste s\u00e9lection de widgets. Essentiellement, Multinews propose une solution conviviale pour fabriquer sans effort un site Web professionnel et visuellement captivant qui r\u00e9pond \u00e0 toutes vos exigences. Il va au-del\u00e0 de l&rsquo;esth\u00e9tique en incorporant l&rsquo;optimisation du r\u00e9f\u00e9rencement, une int\u00e9gration transparente avec les plateformes de m\u00e9dias sociaux et une multitude d&rsquo;espaces publicitaires, qui vous permettent tous de mon\u00e9tiser efficacement votre site Web et d&rsquo;attirer un public plus large. Peu importe que vous aspirez \u00e0 diffuser des nouvelles de briser, \u00e0 engager les lecteurs avec des fonctionnalit\u00e9s approfondies ou \u00e0 organiser un contenu multim\u00e9dia, le th\u00e8me Multinews Multipurpose News Magazine fournit tous les outils n\u00e9cessaires pour \u00e9tablir une publication en ligne impressionnante.<\/p>\n<ul>\n<li>Th\u00e8me hautement personnalisable et facile \u00e0 utiliser<\/li>\n<li>Con\u00e7u sp\u00e9cifiquement pour la cr\u00e9ation de sites Web d&rsquo;actualit\u00e9s et de magazines<\/li>\n<li>Propose plusieurs dispositions de page d&rsquo;accueil au choix<\/li>\n<li>Comprend des options avanc\u00e9es pour organiser et cat\u00e9goriser votre contenu<\/li>\n<li>Fournit un puissant constructeur de pages pour cr\u00e9er des dispositions de page uniques<\/li>\n<li>Int\u00e9gration int\u00e9gr\u00e9e des m\u00e9dias sociaux pour encourager le partage et l&rsquo;engagement<\/li>\n<li>Prend en charge diverses fonctionnalit\u00e9s multim\u00e9dias telles que des vid\u00e9os, des galeries et des fichiers audio<\/li>\n<li>La conception r\u00e9active mobile garantit une exp\u00e9rience utilisateur sans couture sur n&rsquo;importe quel appareil<\/li>\n<li>Est \u00e9quip\u00e9 d&rsquo;outils d&rsquo;optimisation SEO pour aider \u00e0 augmenter le classement de votre site Web<\/li>\n<li>Les mises \u00e0 jour r\u00e9guli\u00e8res et le support client ont fourni des am\u00e9liorations et une assistance continues.<\/li>\n<\/ul>\n","protected":false},"excerpt":{"rendered":"<p>Le th\u00e8me Multinews Multipurpose News Magazine est un th\u00e8me WordPress incroyablement polyvalent et dynamique qui a \u00e9t\u00e9 m\u00e9ticuleusement con\u00e7u pour r\u00e9pondre \u00e0 la cr\u00e9ation de magazines en ligne professionnels et captivants, de portails d&rsquo;information et de blogs. Ce th\u00e8me est rempli avec un vaste \u00e9ventail de fonctionnalit\u00e9s et d&rsquo;options de personnalisation qui vous permettent de pr\u00e9senter votre contenu dans divers formats captivants, allant des vid\u00e9os engageantes et des images captivantes en texte informatif. De plus, ce th\u00e8me offre sans effort \u00e0 vos visiteurs une exp\u00e9rience intuitive et conviviale qui est garantie pour les laisser compl\u00e8tement impressionn\u00e9s. Le th\u00e8me Multinews va au-del\u00e0 en se remportant d&rsquo;une disposition et d&rsquo;une optimisation SEO robustes et robustes, garantissant que votre site Web reste accessible sans effort et vivant visuellement dans un vaste \u00e9ventail d&rsquo;appareils. De plus, ce th\u00e8me joue un r\u00f4le central dans l&rsquo;\u00e9l\u00e9vation de la visibilit\u00e9 de votre site Web et la renforcement de l&rsquo;engagement des utilisateurs, solidifiant efficacement son statut de incontournable pour les blogueurs, les journalistes et les \u00e9diteurs en ligne. Avec toutes ses fonctionnalit\u00e9s et capacit\u00e9s remarquables, le th\u00e8me Multinews Multipurpose News Magazine sert de solution ultime pour cr\u00e9er sans effort un portail d&rsquo;information en ligne visuellement \u00e9tonnant et incroyablement r\u00e9ussi.<\/p>\n","protected":false},"featured_media":144598,"comment_status":"open","ping_status":"open","template":"","meta":[],"product_brand":[2433],"product_cat":[1220,1212,1213],"product_tag":[1366],"class_list":{"0":"post-112338","1":"product","2":"type-product","3":"status-publish","4":"has-post-thumbnail","6":"product_brand-themeforest","7":"product_cat-blog-magazine","8":"product_cat-themes","9":"product_cat-wordpress-themes","10":"product_tag-themeforest","11":"member-discount","12":"discount-restricted","14":"first","15":"instock","16":"sale","17":"downloadable","18":"virtual","19":"sold-individually","20":"purchasable","21":"product-type-simple"},"_links":{"self":[{"href":"https:\/\/gpl-love.com\/fr\/wp-json\/wp\/v2\/product\/112338","targetHints":{"allow":["GET"]}}],"collection":[{"href":"https:\/\/gpl-love.com\/fr\/wp-json\/wp\/v2\/product"}],"about":[{"href":"https:\/\/gpl-love.com\/fr\/wp-json\/wp\/v2\/types\/product"}],"replies":[{"embeddable":true,"href":"https:\/\/gpl-love.com\/fr\/wp-json\/wp\/v2\/comments?post=112338"}],"wp:featuredmedia":[{"embeddable":true,"href":"https:\/\/gpl-love.com\/fr\/wp-json\/wp\/v2\/media\/144598"}],"wp:attachment":[{"href":"https:\/\/gpl-love.com\/fr\/wp-json\/wp\/v2\/media?parent=112338"}],"wp:term":[{"taxonomy":"product_brand","embeddable":true,"href":"https:\/\/gpl-love.com\/fr\/wp-json\/wp\/v2\/product_brand?post=112338"},{"taxonomy":"product_cat","embeddable":true,"href":"https:\/\/gpl-love.com\/fr\/wp-json\/wp\/v2\/product_cat?post=112338"},{"taxonomy":"product_tag","embeddable":true,"href":"https:\/\/gpl-love.com\/fr\/wp-json\/wp\/v2\/product_tag?post=112338"}],"curies":[{"name":"wp","href":"https:\/\/api.w.org\/{rel}","templated":true}]}}