{"id":112336,"date":"2026-04-21T00:00:00","date_gmt":"2026-04-20T22:00:00","guid":{"rendered":"http:\/\/gpl-love.com\/fr\/produit\/kapee-fashion-store-woocommerce-theme\/"},"modified":"2026-04-21T18:30:31","modified_gmt":"2026-04-21T16:30:31","slug":"kapee-fashion-store-woocommerce-theme","status":"publish","type":"product","link":"https:\/\/gpl-love.com\/fr\/produit\/kapee-fashion-store-woocommerce-theme\/","title":{"rendered":"Kapee Fashion Store WooCommerce Theme 1.7.1"},"content":{"rendered":"<h3>Kapee Fashion Store WooCommerce Theme Traits<\/h3>\n<p>Le th\u00e8me WooCommerce de Kapee Fashion Store est un th\u00e8me WordPress extr\u00eamement mall\u00e9able et r\u00e9actif, sp\u00e9cialement con\u00e7u pour les emporiums de mode virtuels. Ce th\u00e8me offre une vaste gamme de fonctionnalit\u00e9s et d&rsquo;options qui vous offrent la possibilit\u00e9 de forger une boutique en ligne in\u00e9branlable et esth\u00e9tiquement captivante dans les moindres moments. Tirant parti de son constructeur de pages de glisser-d\u00e9poser intuitif, vous pouvez sans effort mode et personnaliser la mise en page, les teintes, les polices de type de votre boutique et d&rsquo;autres facettes stylistiques pour s&rsquo;aligner parfaitement sur l&rsquo;identit\u00e9 unique de votre marque. De plus, ce th\u00e8me est enti\u00e8rement compatible avec le plugin WooCommerce r\u00e9pandu, vous permettant ainsi d&rsquo;administrer sans effort les marchandises, l&rsquo;inventaire et les transactions de votre boutique \u00e0 partir d&rsquo;un tableau de bord singulier. De plus, le th\u00e8me WooCommerce du magasin de mode Kapee est fourni avec une myriade de mod\u00e8les et de d\u00e9mos pr\u00e9-con\u00e7us, qui servent de ressources inestimables pour propulser la conception de votre boutique en ligne. Dans l&rsquo;ensemble, ce th\u00e8me fournit une solution robuste et polyvalente pour les \u00e9tablissements de mode aspirant \u00e0 \u00e9laborer une pr\u00e9sence virtuelle visuellement \u00e9tonnante et efficace sur le plan op\u00e9rationnel.<\/p>\n<ul>\n<li>Th\u00e8me WooCommerce con\u00e7u par des professionnels pour les magasins de commerce \u00e9lectronique de mode<\/li>\n<li>Conception enti\u00e8rement r\u00e9active pour l&rsquo;exp\u00e9rience utilisateur transparent sur tous les appareils<\/li>\n<li>Multipliers de page d&rsquo;accueil et variations d&rsquo;en-t\u00eate au choix<\/li>\n<li>Sch\u00e9mas de couleurs personnalisables et options de typographie pour la coh\u00e9rence de l&rsquo;image de marque<\/li>\n<li>Int\u00e9gration avec des plugins WooCommerce populaires tels que WishList, Compare et rapide<\/li>\n<li>Prise en charge int\u00e9gr\u00e9e pour la fonction de zoom d&rsquo;image du produit<\/li>\n<li>Facile \u00e0 utiliser un g\u00e9n\u00e9rateur de pages glisser-d\u00e9poser pour la personnalisation sans codage<\/li>\n<li>SEO optimis\u00e9 pour les classements de moteur de recherche plus \u00e9lev\u00e9s<\/li>\n<li>Traduction pr\u00eate pour la port\u00e9e du public mondial<\/li>\n<li>Installation de d\u00e9monstration en un clic pour la configuration sans effort<\/li>\n<li>Documentation approfondie et \u00e9quipe de soutien d\u00e9di\u00e9e \u00e0 l&rsquo;aide<\/li>\n<\/ul>\n","protected":false},"excerpt":{"rendered":"<p>Le th\u00e8me de Kapee Fashion Store WooCommerce est un th\u00e8me WordPress de haute qualit\u00e9 qui a \u00e9t\u00e9 m\u00e9ticuleusement con\u00e7u dans le but de servir les magasins en ligne, avec un accent particulier sur ceux qui op\u00e9rent dans l&rsquo;industrie de la mode. Ce th\u00e8me exceptionnel poss\u00e8de un design esth\u00e9tique, contemporain et personnalisable, qui vous permet de pr\u00e9senter vos produits de la mani\u00e8re la plus attrayante visuellement possible. Avec une vaste gamme de fonctionnalit\u00e9s exceptionnelles \u00e0 votre disposition, notamment une disposition r\u00e9active, une int\u00e9gration transparente avec le plugin WooCommerce et des capacit\u00e9s de personnalisation robustes, Kapee vous permet d&rsquo;\u00e9tablir sans effort une boutique en ligne distinctive et polie qui est confront\u00e9e \u00e0 captiver les clients et \u00e0 g\u00e9n\u00e9rer une croissance des ventes \u00e0 l&rsquo;origine et sans effort .<\/p>\n","protected":false},"featured_media":144308,"comment_status":"open","ping_status":"open","template":"","meta":[],"product_brand":[2433],"product_cat":[1238,1851,1212],"product_tag":[1366],"class_list":{"0":"post-112336","1":"product","2":"type-product","3":"status-publish","4":"has-post-thumbnail","6":"product_brand-themeforest","7":"product_cat-commerce-electronique-themes","8":"product_cat-entreprise-commerce-electronique-themes","9":"product_cat-themes","10":"product_tag-themeforest","11":"member-discount","12":"discount-restricted","14":"first","15":"instock","16":"sale","17":"downloadable","18":"virtual","19":"sold-individually","20":"purchasable","21":"product-type-simple"},"_links":{"self":[{"href":"https:\/\/gpl-love.com\/fr\/wp-json\/wp\/v2\/product\/112336","targetHints":{"allow":["GET"]}}],"collection":[{"href":"https:\/\/gpl-love.com\/fr\/wp-json\/wp\/v2\/product"}],"about":[{"href":"https:\/\/gpl-love.com\/fr\/wp-json\/wp\/v2\/types\/product"}],"replies":[{"embeddable":true,"href":"https:\/\/gpl-love.com\/fr\/wp-json\/wp\/v2\/comments?post=112336"}],"wp:featuredmedia":[{"embeddable":true,"href":"https:\/\/gpl-love.com\/fr\/wp-json\/wp\/v2\/media\/144308"}],"wp:attachment":[{"href":"https:\/\/gpl-love.com\/fr\/wp-json\/wp\/v2\/media?parent=112336"}],"wp:term":[{"taxonomy":"product_brand","embeddable":true,"href":"https:\/\/gpl-love.com\/fr\/wp-json\/wp\/v2\/product_brand?post=112336"},{"taxonomy":"product_cat","embeddable":true,"href":"https:\/\/gpl-love.com\/fr\/wp-json\/wp\/v2\/product_cat?post=112336"},{"taxonomy":"product_tag","embeddable":true,"href":"https:\/\/gpl-love.com\/fr\/wp-json\/wp\/v2\/product_tag?post=112336"}],"curies":[{"name":"wp","href":"https:\/\/api.w.org\/{rel}","templated":true}]}}