{"id":112290,"date":"2023-05-25T00:00:00","date_gmt":"2023-05-24T22:00:00","guid":{"rendered":"http:\/\/gpl-love.com\/fr\/produit\/woocommerce-followup-emails\/"},"modified":"2026-04-10T18:46:57","modified_gmt":"2026-04-10T16:46:57","slug":"woocommerce-followup-emails","status":"publish","type":"product","link":"https:\/\/gpl-love.com\/fr\/produit\/woocommerce-followup-emails\/","title":{"rendered":"WooCommerce Follow Up Emails 4.9.51"},"content":{"rendered":"<h3>WooCommerce Follow Up Emails Traits<\/h3>\n<p>Les e-mails de suivi WooCommerce, un plugin tr\u00e8s robuste, sont sp\u00e9cifiquement con\u00e7us pour aider les commer\u00e7ants en ligne \u00e0 rationaliser et \u00e0 automatiser leurs campagnes de marketing par e-mail. Ce plugin ing\u00e9nieux permet aux utilisateurs d&rsquo;\u00e9laborer des e-mails de suivi personnalis\u00e9s sans effort qui s&rsquo;adressent \u00e0 divers sc\u00e9narios, tels que les clients qui ont termin\u00e9 un achat, abandonn\u00e9 leur panier ou abonn\u00e9 \u00e0 une newsletter. Empoonnement des utilisateurs avec une vaste gamme de mod\u00e8les personnalisables et d&rsquo;options de planification, ce plugin leur permet d&rsquo;adapter leur correspondance pour r\u00e9pondre \u00e0 leurs besoins uniques et sp\u00e9cifiques. En adoptant les capacit\u00e9s de cet outil d&rsquo;automatisation, les commer\u00e7ants en ligne peuvent am\u00e9liorer efficacement l&rsquo;engagement des clients, stimuler les ventes et favoriser la fid\u00e9lit\u00e9 in\u00e9branlable des clients. Essentiellement, les e-mails de suivi WooCommerce servent d&rsquo;instrument indispensable pour naviguer dans le monde difficile du commerce \u00e9lectronique, assurant la croissance et la prosp\u00e9rit\u00e9 du march\u00e9 farouchement concurrentiel d&rsquo;aujourd&rsquo;hui.<\/p>\n<ul>\n<li>Emails de suivi automatis\u00e9s pour les clients WooCommerce<\/li>\n<li>E-mails personnalis\u00e9s en fonction du comportement du client<\/li>\n<li>Augmenter l&rsquo;engagement et la r\u00e9tention des clients<\/li>\n<li>\u00c9diteur de messagerie facile \u00e0 utiliser avec des mod\u00e8les personnalisables<\/li>\n<li>S&rsquo;int\u00e8gre \u00e0 WooCommerce et aux services de marketing par e-mail populaires<\/li>\n<li>Options de segmentation avanc\u00e9es pour cibler des groupes de clients sp\u00e9cifiques<\/li>\n<li>Configuration facile avec des instructions \u00e9tape par \u00e9tape<\/li>\n<li>Reportage complet et analyse pour suivre les taux de r\u00e9ussite des e-mails<\/li>\n<li>Options de contenu dynamique pour inclure des recommandations de produits, des t\u00e9moignages et plus<\/li>\n<li>Options d&rsquo;e-mail planifi\u00e9es ou d\u00e9clench\u00e9es pour un calendrier et une pertinence optimaux.<\/li>\n<\/ul>\n","protected":false},"excerpt":{"rendered":"<p>Les e-mails de suivi WooCommerce, un outil extr\u00eamement puissant, ont \u00e9t\u00e9 m\u00e9ticuleusement con\u00e7us pour vous aider \u00e0 am\u00e9liorer les ventes et la r\u00e9tention des clients. Il accomplit cela en envoyant de mani\u00e8re transparente des e-mails de suivi automatis\u00e9s aux clients qui ont r\u00e9ussi les achats dans votre boutique WooCommerce. La polyvalence de cet outil remarquable r\u00e9side dans sa capacit\u00e9 \u00e0 vous fournir des mod\u00e8les de messagerie personnalisables et un \u00e9ventail d&rsquo;options de planification. Par cons\u00e9quent, vous avez la possibilit\u00e9 de personnaliser sans effort vos messages pour r\u00e9pondre aux besoins uniques de votre client\u00e8le estim\u00e9e. En outre, vous pouvez m\u00eame cibler sp\u00e9cifiquement des groupes s\u00e9lectionn\u00e9s d&rsquo;acheteurs en fonction de leurs comportements d&rsquo;achat ant\u00e9rieurs. En exploitant le potentiel des e-mails de suivi de WooCommerce, vous \u00eates pr\u00eat \u00e0 amplifier votre flux de revenus et \u00e0 favoriser les relations clients durables qui r\u00e9sisteront \u00e0 l&rsquo;\u00e9preuve du temps.<\/p>\n","protected":false},"featured_media":145886,"comment_status":"open","ping_status":"open","template":"","meta":[],"product_brand":[2440],"product_cat":[1182,1200,1181],"product_tag":[1398],"class_list":{"0":"post-112290","1":"product","2":"type-product","3":"status-publish","4":"has-post-thumbnail","6":"product_brand-woocommerce","7":"product_cat-commerce-electronique-plugins","8":"product_cat-commercialisation","9":"product_cat-plugins","10":"product_tag-woocommerce","11":"member-discount","12":"discount-restricted","14":"first","15":"instock","16":"sale","17":"downloadable","18":"virtual","19":"sold-individually","20":"purchasable","21":"product-type-simple"},"_links":{"self":[{"href":"https:\/\/gpl-love.com\/fr\/wp-json\/wp\/v2\/product\/112290","targetHints":{"allow":["GET"]}}],"collection":[{"href":"https:\/\/gpl-love.com\/fr\/wp-json\/wp\/v2\/product"}],"about":[{"href":"https:\/\/gpl-love.com\/fr\/wp-json\/wp\/v2\/types\/product"}],"replies":[{"embeddable":true,"href":"https:\/\/gpl-love.com\/fr\/wp-json\/wp\/v2\/comments?post=112290"}],"wp:featuredmedia":[{"embeddable":true,"href":"https:\/\/gpl-love.com\/fr\/wp-json\/wp\/v2\/media\/145886"}],"wp:attachment":[{"href":"https:\/\/gpl-love.com\/fr\/wp-json\/wp\/v2\/media?parent=112290"}],"wp:term":[{"taxonomy":"product_brand","embeddable":true,"href":"https:\/\/gpl-love.com\/fr\/wp-json\/wp\/v2\/product_brand?post=112290"},{"taxonomy":"product_cat","embeddable":true,"href":"https:\/\/gpl-love.com\/fr\/wp-json\/wp\/v2\/product_cat?post=112290"},{"taxonomy":"product_tag","embeddable":true,"href":"https:\/\/gpl-love.com\/fr\/wp-json\/wp\/v2\/product_tag?post=112290"}],"curies":[{"name":"wp","href":"https:\/\/api.w.org\/{rel}","templated":true}]}}