{"id":112288,"date":"2025-05-01T00:00:00","date_gmt":"2025-04-30T22:00:00","guid":{"rendered":"http:\/\/gpl-love.com\/fr\/produit\/lusion-multipurpose-ecommerce-wordpress-theme\/"},"modified":"2026-03-20T23:22:52","modified_gmt":"2026-03-20T22:22:52","slug":"lusion-multipurpose-ecommerce-wordpress-theme","status":"publish","type":"product","link":"https:\/\/gpl-love.com\/fr\/produit\/lusion-multipurpose-ecommerce-wordpress-theme\/","title":{"rendered":"Lusion Multipurpose eCommerce WordPress Theme 2.1.8"},"content":{"rendered":"<h3>Lusion Multipurpose eCommerce WordPress Theme Traits<\/h3>\n<p>Le th\u00e8me WordPress de commerce \u00e9lectronique \u00e0 multiproduction \u00e0 Lusion offre une polyvalence remarquable et une puissance impressionnante, tous visant \u00e0 faciliter la cr\u00e9ation d&rsquo;une boutique en ligne visuellement attrayante et parfaitement op\u00e9rationnelle. Ce th\u00e8me est rempli d&rsquo;une gamme de fonctionnalit\u00e9s tr\u00e8s pratiques, y compris une page d&rsquo;accueil enti\u00e8rement personnalisable, des pages de produits et un processus de paiement. Avec sa conception modulaire, les utilisateurs peuvent introduire ou extraire des sections sans effort et adapter la disposition en fonction de leurs besoins sp\u00e9cifiques. De plus, ce th\u00e8me est pleinement r\u00e9actif, garantissant son apparence frappante sur tous les appareils. De plus, gr\u00e2ce \u00e0 son int\u00e9gration transparente avec des plugins renomm\u00e9s tels que WooCommerce et Elementor, les utilisateurs peuvent profiter de la libert\u00e9 d&rsquo;incorporer des fonctionnalit\u00e9s suppl\u00e9mentaires comme n\u00e9cessit\u00e9. Peu importe que l&rsquo;on soit dans le domaine de la vente de produits physiques, de t\u00e9l\u00e9chargements num\u00e9riques ou de services, opter pour le th\u00e8me WordPress de commerce \u00e9lectronique lucratique garantit la cr\u00e9ation d&rsquo;une boutique en ligne professionnelle et tr\u00e8s efficace.<\/p>\n<ul>\n<li>Un th\u00e8me WordPress de commerce \u00e9lectronique enti\u00e8rement personnalisable con\u00e7u pour une utilisation polyvalente<\/li>\n<li>Livr\u00e9 avec plus de 20 options de disposition de la page d&rsquo;accueil \u00e0 choisir<\/li>\n<li>Offre une large gamme de pages et de mod\u00e8les pr\u00e9d\u00e9finis, y compris les pages de produits, les pages de paiement et les pages de blog<\/li>\n<li>Propose une conception r\u00e9active, ce qui le rend accessible sur tous les appareils<\/li>\n<li>Prise en charge int\u00e9gr\u00e9e pour WooCommerce, ce qui facilite la configuration d&rsquo;une boutique en ligne<\/li>\n<li>SEO optimis\u00e9 pour un meilleur classement des moteurs de recherche<\/li>\n<li>Options de personnalisation faciles \u00e0 utiliser, y compris un constructeur de pages glisser-d\u00e9poser et diverses options de couleurs et de polices<\/li>\n<li>Comprend une prise en charge linguistique multiple pour le public mondial<\/li>\n<li>Offre une documentation approfondie et un support client pour aider \u00e0 tous les probl\u00e8mes<\/li>\n<li>R\u00e9guli\u00e8rement mis \u00e0 jour avec de nouvelles fonctionnalit\u00e9s et am\u00e9liorations pour am\u00e9liorer l&rsquo;exp\u00e9rience utilisateur.<\/li>\n<\/ul>\n","protected":false},"excerpt":{"rendered":"<p>Le th\u00e8me WordPress du commerce \u00e9lectronique polyvalent Lusion se pr\u00e9sente comme la solution ultime pour les personnes cherchant \u00e0 \u00e9tablir une boutique en ligne extraordinaire. B\u00e9n\u00e9ficiant d&rsquo;un design sophistiqu\u00e9 et contemporain, ce th\u00e8me offre une abondance d&rsquo;options de personnalisation et un \u00e9ventail de fonctionnalit\u00e9s robustes qui facilitent la configuration et la gestion sans effort de votre magasin. La r\u00e9activit\u00e9 de ce th\u00e8me garantit que votre site Web d\u00e9gagera de l&rsquo;excellence sur n&rsquo;importe quel appareil, tandis que le constructeur de glisser-d\u00e9poser intuitif vous permet de fa\u00e7onner rapidement et sans effort sans effort et de personnaliser votre site. De plus, le th\u00e8me s&rsquo;int\u00e8gre harmonieusement \u00e0 WooCommerce, vous permettant de vous lancer dans le parcours des ventes de produits d\u00e8s la cr\u00e9ation de votre boutique en ligne. Que vous poss\u00e9diez une entreprise minuscule ou que vous fonctionniez en tant que d\u00e9taillant grandiose, le th\u00e8me WordPress de commerce \u00e9lectronique Lusion fournit tout ce qui est essentiel pour la r\u00e9alisation d&rsquo;une boutique en ligne triomphale prosp\u00e8re.<\/p>\n","protected":false},"featured_media":144402,"comment_status":"open","ping_status":"open","template":"","meta":[],"product_brand":[2433],"product_cat":[1238,1372,1212],"product_tag":[1366],"class_list":{"0":"post-112288","1":"product","2":"type-product","3":"status-publish","4":"has-post-thumbnail","6":"product_brand-themeforest","7":"product_cat-commerce-electronique-themes","8":"product_cat-polyvalent-commerce-electronique-themes","9":"product_cat-themes","10":"product_tag-themeforest","11":"member-discount","12":"discount-restricted","14":"first","15":"instock","16":"sale","17":"downloadable","18":"virtual","19":"sold-individually","20":"purchasable","21":"product-type-simple"},"_links":{"self":[{"href":"https:\/\/gpl-love.com\/fr\/wp-json\/wp\/v2\/product\/112288","targetHints":{"allow":["GET"]}}],"collection":[{"href":"https:\/\/gpl-love.com\/fr\/wp-json\/wp\/v2\/product"}],"about":[{"href":"https:\/\/gpl-love.com\/fr\/wp-json\/wp\/v2\/types\/product"}],"replies":[{"embeddable":true,"href":"https:\/\/gpl-love.com\/fr\/wp-json\/wp\/v2\/comments?post=112288"}],"wp:featuredmedia":[{"embeddable":true,"href":"https:\/\/gpl-love.com\/fr\/wp-json\/wp\/v2\/media\/144402"}],"wp:attachment":[{"href":"https:\/\/gpl-love.com\/fr\/wp-json\/wp\/v2\/media?parent=112288"}],"wp:term":[{"taxonomy":"product_brand","embeddable":true,"href":"https:\/\/gpl-love.com\/fr\/wp-json\/wp\/v2\/product_brand?post=112288"},{"taxonomy":"product_cat","embeddable":true,"href":"https:\/\/gpl-love.com\/fr\/wp-json\/wp\/v2\/product_cat?post=112288"},{"taxonomy":"product_tag","embeddable":true,"href":"https:\/\/gpl-love.com\/fr\/wp-json\/wp\/v2\/product_tag?post=112288"}],"curies":[{"name":"wp","href":"https:\/\/api.w.org\/{rel}","templated":true}]}}