{"id":112286,"date":"2025-02-16T00:00:00","date_gmt":"2025-02-15T23:00:00","guid":{"rendered":"http:\/\/gpl-love.com\/fr\/produit\/oshine-multipurpose-creative-theme\/"},"modified":"2026-04-10T18:35:24","modified_gmt":"2026-04-10T16:35:24","slug":"oshine-multipurpose-creative-theme","status":"publish","type":"product","link":"https:\/\/gpl-love.com\/fr\/produit\/oshine-multipurpose-creative-theme\/","title":{"rendered":"Oshine Multipurpose Creative Theme 7.2.6"},"content":{"rendered":"<h3>Oshine Multipurpose Creative Theme Traits<\/h3>\n<p>Le th\u00e8me cr\u00e9atif polyvalent Oshine se distingue comme un th\u00e8me extr\u00eamement puissant et adaptable, s&rsquo;adressant avec brio \u00e0 ceux qui cherchent \u00e0 forger un site Web extr\u00eamement impressionnant. Son r\u00e9pertoire de fonctionnalit\u00e9s et d&rsquo;options est diversifi\u00e9 et abondant, offrant aux utilisateurs la possibilit\u00e9 d&rsquo;adapter leurs sites pr\u00e9cis\u00e9ment \u00e0 leurs sp\u00e9cifications uniques. L&rsquo;un de ses attributs notables r\u00e9side dans sa multiplicit\u00e9 de dispositions de d\u00e9monstration, permettant aux individus de fa\u00e7onner sans effort l&rsquo;esth\u00e9tique parfaite pour leur site Web avec un simple robinet ou cliquer. De plus, Oshine poss\u00e8de une r\u00e9activit\u00e9 compl\u00e8te, ce qui le rend compatible et visuellement attrayant sur un \u00e9ventail d&rsquo;appareils, allant des ordinateurs de bureau traditionnels aux t\u00e9l\u00e9phones mobiles modernes. Que l&rsquo;on assume le r\u00f4le d&rsquo;un blogueur, d&rsquo;un photographe ou d&rsquo;un entrepreneur, le th\u00e8me cr\u00e9atif polyvalent Oshine appara\u00eet sans effort comme l&rsquo;option optimale pour organiser un site Web qui \u00e9mane du professionnalisme et de l&rsquo;\u00e9l\u00e9gance, gagnant l&rsquo;adoration de ses visiteurs.<\/p>\n<ul>\n<li>Hautement personnalisable et polyvalent<\/li>\n<li>50+ d\u00e9mos et mod\u00e8les uniques inclus<\/li>\n<li>Interface intuitive et conviviale<\/li>\n<li>Construit sur les derni\u00e8res technologies Web<\/li>\n<li>Conception enti\u00e8rement r\u00e9active pour tous les appareils et tailles d&rsquo;\u00e9cran<\/li>\n<li>Options de couleurs illimit\u00e9es et choix de typographie<\/li>\n<li>Param\u00e8tres de typographie avanc\u00e9e<\/li>\n<li>SEO optimis\u00e9 pour les classements de moteur de recherche plus \u00e9lev\u00e9s<\/li>\n<li>Compatibilit\u00e9 avec des plugins populaires tels que WooCommerce et WPML<\/li>\n<li>Documentation approfondie et support client de premier ordre<\/li>\n<li>Mises \u00e0 jour r\u00e9guli\u00e8res et am\u00e9liorations pour assurer des performances optimales<\/li>\n<li>Int\u00e9gration des m\u00e9dias sociaux pour un partage et une connectivit\u00e9 faciles<\/li>\n<li>Performances impressionnantes avec des temps de chargement rapides et un ballonnement de page minimal<\/li>\n<li>Multilingue et pr\u00eat pour la traduction pour l&rsquo;attrait mondial<\/li>\n<li>\u00c9l\u00e9ments de conception innovants et attrayants pour faire ressortir votre site Web<\/li>\n<\/ul>\n","protected":false},"excerpt":{"rendered":"<p>Le th\u00e8me cr\u00e9atif polyvalent Oshine est un th\u00e8me incroyablement polyvalent et con\u00e7u dynamiquement qui s&rsquo;adresse \u00e0 un large \u00e9ventail de projets cr\u00e9atifs. Il poss\u00e8de une vaste collection de d\u00e9mos et de mod\u00e8les pr\u00e9d\u00e9finis, permettant aux utilisateurs de l&rsquo;adapter de mani\u00e8re transparente en fonction de leur marque, de leur style ou de leur objectif sp\u00e9cifique. De plus, ce th\u00e8me englobe une multitude d&rsquo;\u00e9l\u00e9ments de conception, de fonctionnalit\u00e9s et d&rsquo;outils qui permettent aux utilisateurs d&rsquo;\u00e9laborer sans effort des sites Web, des portefeuilles, des blogs et m\u00eame des plateformes de commerce \u00e9lectronique. En outre, son interface de glisser-d\u00e9poser et de glisser et de documentation compl\u00e8te le rende \u00e9galement accessible et convivial pour les novices et les professionnels chevronn\u00e9s. Que vous vous identifiiez en tant que designer, photographe, artiste ou propri\u00e9taire d&rsquo;entreprise, le th\u00e8me cr\u00e9atif polyvalent Oshine est sans \u00e9quivoque comme le choix ultime pour mat\u00e9rialiser votre vision cr\u00e9ative en une r\u00e9alit\u00e9 tangible.<\/p>\n","protected":false},"featured_media":144876,"comment_status":"open","ping_status":"open","template":"","meta":[],"product_brand":[2433],"product_cat":[1214,1212,1213],"product_tag":[1366],"class_list":{"0":"post-112286","1":"product","2":"type-product","3":"status-publish","4":"has-post-thumbnail","6":"product_brand-themeforest","7":"product_cat-polyvalent","8":"product_cat-themes","9":"product_cat-wordpress-themes","10":"product_tag-themeforest","11":"member-discount","12":"discount-restricted","14":"first","15":"instock","16":"sale","17":"downloadable","18":"virtual","19":"sold-individually","20":"purchasable","21":"product-type-simple"},"_links":{"self":[{"href":"https:\/\/gpl-love.com\/fr\/wp-json\/wp\/v2\/product\/112286","targetHints":{"allow":["GET"]}}],"collection":[{"href":"https:\/\/gpl-love.com\/fr\/wp-json\/wp\/v2\/product"}],"about":[{"href":"https:\/\/gpl-love.com\/fr\/wp-json\/wp\/v2\/types\/product"}],"replies":[{"embeddable":true,"href":"https:\/\/gpl-love.com\/fr\/wp-json\/wp\/v2\/comments?post=112286"}],"wp:featuredmedia":[{"embeddable":true,"href":"https:\/\/gpl-love.com\/fr\/wp-json\/wp\/v2\/media\/144876"}],"wp:attachment":[{"href":"https:\/\/gpl-love.com\/fr\/wp-json\/wp\/v2\/media?parent=112286"}],"wp:term":[{"taxonomy":"product_brand","embeddable":true,"href":"https:\/\/gpl-love.com\/fr\/wp-json\/wp\/v2\/product_brand?post=112286"},{"taxonomy":"product_cat","embeddable":true,"href":"https:\/\/gpl-love.com\/fr\/wp-json\/wp\/v2\/product_cat?post=112286"},{"taxonomy":"product_tag","embeddable":true,"href":"https:\/\/gpl-love.com\/fr\/wp-json\/wp\/v2\/product_tag?post=112286"}],"curies":[{"name":"wp","href":"https:\/\/api.w.org\/{rel}","templated":true}]}}