{"id":112284,"date":"2022-02-15T00:00:00","date_gmt":"2022-02-14T23:00:00","guid":{"rendered":"http:\/\/gpl-love.com\/fr\/produit\/woocommerce-ultimate-points-and-rewards\/"},"modified":"2026-03-20T23:48:16","modified_gmt":"2026-03-20T22:48:16","slug":"woocommerce-ultimate-points-and-rewards","status":"publish","type":"product","link":"https:\/\/gpl-love.com\/fr\/produit\/woocommerce-ultimate-points-and-rewards\/","title":{"rendered":"WooCommerce Ultimate Points And Rewards 2.2.1"},"content":{"rendered":"<h3>WooCommerce Ultimate Points And Rewards Traits<\/h3>\n<p>WooCommerce Points and Rewards, un plugin extr\u00eamement puissant, permet aux propri\u00e9taires de magasin de commerce \u00e9lectronique d&rsquo;int\u00e9grer de mani\u00e8re transparente un m\u00e9canisme de r\u00e9compense pour leur client\u00e8le estim\u00e9e. Au moyen de ce plugin remarquable, les clients peuvent amasser des points \u00e0 travers diverses activit\u00e9s, allant de la r\u00e9alisation d&rsquo;achats aux connaissances en r\u00e9f\u00e9rence et aux critiques de produits. Ces points accumul\u00e9s peuvent par la suite \u00eatre \u00e9chang\u00e9s contre des privil\u00e8ges attrayants tels que des remises, des marchandises compl\u00e9mentaires ou d&rsquo;autres incitations s\u00e9duisantes. L&rsquo;adaptabilit\u00e9 remarquable du plugin permet aux propri\u00e9taires de magasins d&rsquo;\u00e9tablir des r\u00e9glementations m\u00e9ticuleuses r\u00e9gissant l&rsquo;acquisition et le rachat de points, tout en leur permettant de cr\u00e9er des r\u00e9gimes de r\u00e9compense sur mesure. Un tel outil \u00e0 multiples facettes favorise non seulement l&rsquo;all\u00e9gement in\u00e9branlable des clients, mais sert \u00e9galement d&rsquo;impulsion pour les ventes augment\u00e9es et une implication accrue des clients. En substance, il est sans \u00e9quivoque ind\u00e9niable que WooCommerce les points ultimes et les r\u00e9compenses se pr\u00e9sentent sans \u00e9quivoque comme un plugin indispensable pour tout \u00e9tablissement de commerce \u00e9lectronique s&rsquo;effor\u00e7ant de mani\u00e8re ambitieuse d&rsquo;incorporer un syst\u00e8me de r\u00e9compenses efficace.<\/p>\n<ul>\n<li>Permet aux propri\u00e9taires de magasins de cr\u00e9er des programmes de r\u00e9compenses pour les clients qui encouragent les achats r\u00e9p\u00e9t\u00e9s et la fid\u00e9lit\u00e9 des clients<\/li>\n<li>Les points peuvent \u00eatre gagn\u00e9s gr\u00e2ce \u00e0 diverses actions telles que faire des achats, laisser des avis de produits ou r\u00e9f\u00e9rer de nouveaux clients<\/li>\n<li>Les points peuvent \u00eatre \u00e9chang\u00e9s contre des r\u00e9ductions ou des produits gratuits sur les achats futurs<\/li>\n<li>Les propri\u00e9taires de magasins ont la possibilit\u00e9 de d\u00e9finir des valeurs de point et des r\u00e8gles pour gagner et racheter des points<\/li>\n<li>Les clients peuvent suivre leurs points et leurs r\u00e9compenses via leur tableau de bord de compte<\/li>\n<li>Prend en charge plusieurs langues et devises pour une client\u00e8le mondiale<\/li>\n<li>S&rsquo;int\u00e8gre parfaitement \u00e0 WooCommerce, la plate-forme de commerce \u00e9lectronique la plus populaire au monde<\/li>\n<li>Facile \u00e0 installer et \u00e0 personnaliser sans codage requis<\/li>\n<li>Fournit des rapports et une analyse d\u00e9taill\u00e9s du comportement des clients et de l&rsquo;efficacit\u00e9 du programme de r\u00e9compense.<\/li>\n<\/ul>\n","protected":false},"excerpt":{"rendered":"<p>WooCommerce Ultimate Points and Rewards est un plugin tr\u00e8s sophistiqu\u00e9 con\u00e7u pour autonomiser les propri\u00e9taires de magasins en ligne dans leur recherche de clients enrichissants pour leurs achats et diverses autres actions. Ce plugin exceptionnel vous donne la possibilit\u00e9 d&rsquo;\u00e9laborer un programme de fid\u00e9lit\u00e9 remarquablement polyvalent qui peut \u00eatre adapt\u00e9 pour s&rsquo;aligner pr\u00e9cis\u00e9ment avec vos exigences commerciales uniques. En exploitant la puissance de ce plugin, vos pr\u00e9cieux clients auront la possibilit\u00e9 d&rsquo;accumuler des points par le biais de leurs achats ou de leurs r\u00e9f\u00e9rences, qui peuvent par la suite \u00eatre \u00e9chang\u00e9s contre des r\u00e9ductions ou m\u00eame des produits compl\u00e9mentaires. La beaut\u00e9 de ce plugin r\u00e9side dans sa capacit\u00e9 \u00e0 vous permettre d&rsquo;\u00e9tablir des r\u00e8gles de points diverses, d&rsquo;allouer des valeurs de points sp\u00e9cifiques \u00e0 vos diff\u00e9rents produits et d&rsquo;exercer un contr\u00f4le complet sur les options disponibles pour racheter ces points pr\u00e9cieux. De plus, ce plugin poss\u00e8de un syst\u00e8me ponctuel adaptable parfaitement, des notifications intelligentes et une interface incroyablement conviviale, qui fonctionnent toutes en parfaite harmonie pour faciliter la gestion sans effort de votre programme de r\u00e9compenses. Gr\u00e2ce \u00e0 l&rsquo;utilisation des points et des r\u00e9compenses ultimes de WooCommerce, vous pourrez \u00e9lever sans effort votre r\u00e9tention de client<\/p>\n","protected":false},"featured_media":146055,"comment_status":"open","ping_status":"open","template":"","meta":[],"product_brand":[2435],"product_cat":[1200,1182,1181],"product_tag":[1231],"class_list":{"0":"post-112284","1":"product","2":"type-product","3":"status-publish","4":"has-post-thumbnail","6":"product_brand-codecanyon","7":"product_cat-commercialisation","8":"product_cat-commerce-electronique-plugins","9":"product_cat-plugins","10":"product_tag-codecanyon","11":"member-discount","12":"discount-restricted","14":"first","15":"instock","16":"sale","17":"downloadable","18":"virtual","19":"sold-individually","20":"purchasable","21":"product-type-simple"},"_links":{"self":[{"href":"https:\/\/gpl-love.com\/fr\/wp-json\/wp\/v2\/product\/112284","targetHints":{"allow":["GET"]}}],"collection":[{"href":"https:\/\/gpl-love.com\/fr\/wp-json\/wp\/v2\/product"}],"about":[{"href":"https:\/\/gpl-love.com\/fr\/wp-json\/wp\/v2\/types\/product"}],"replies":[{"embeddable":true,"href":"https:\/\/gpl-love.com\/fr\/wp-json\/wp\/v2\/comments?post=112284"}],"wp:featuredmedia":[{"embeddable":true,"href":"https:\/\/gpl-love.com\/fr\/wp-json\/wp\/v2\/media\/146055"}],"wp:attachment":[{"href":"https:\/\/gpl-love.com\/fr\/wp-json\/wp\/v2\/media?parent=112284"}],"wp:term":[{"taxonomy":"product_brand","embeddable":true,"href":"https:\/\/gpl-love.com\/fr\/wp-json\/wp\/v2\/product_brand?post=112284"},{"taxonomy":"product_cat","embeddable":true,"href":"https:\/\/gpl-love.com\/fr\/wp-json\/wp\/v2\/product_cat?post=112284"},{"taxonomy":"product_tag","embeddable":true,"href":"https:\/\/gpl-love.com\/fr\/wp-json\/wp\/v2\/product_tag?post=112284"}],"curies":[{"name":"wp","href":"https:\/\/api.w.org\/{rel}","templated":true}]}}