{"id":112282,"date":"2026-04-21T00:00:00","date_gmt":"2026-04-20T22:00:00","guid":{"rendered":"http:\/\/gpl-love.com\/fr\/produit\/flatsome-multi-purpose-responsive-woocommerce-theme\/"},"modified":"2026-04-21T18:30:24","modified_gmt":"2026-04-21T16:30:24","slug":"flatsome-multi-purpose-responsive-woocommerce-theme","status":"publish","type":"product","link":"https:\/\/gpl-love.com\/fr\/produit\/flatsome-multi-purpose-responsive-woocommerce-theme\/","title":{"rendered":"Flatsome Multi Purpose WooCommerce Theme 3.20.6"},"content":{"rendered":"<h3>Flatsome Multi Purpose WooCommerce Theme Traits<\/h3>\n<p>FlatSome, un th\u00e8me WooCommerce polyvalent, a \u00e9t\u00e9 m\u00e9ticuleusement con\u00e7u pour produire des sites Web de commerce \u00e9lectronique visuellement \u00e9tonnants et tr\u00e8s professionnels. Ce th\u00e8me offre une abondance d&rsquo;options de personnalisation conviviales, accordant aux utilisateurs la possibilit\u00e9 de modifier sans effort chaque aspect de leur site Web, allant de la typographie aux couleurs et \u00e0 la disposition. De plus, FlatSome poss\u00e8de un assortiment de d\u00e9mos pr\u00e9-faites, facilitant un processus d&rsquo;initiation rapide et simple pour les utilisateurs. De plus, ce th\u00e8me a \u00e9t\u00e9 optimis\u00e9 avec diligence pour garantir des performances impeccables sur une gamme d&rsquo;appareils mobiles, garantissant ainsi une exp\u00e9rience utilisateur sans couture et immersive. \u00c0 la lumi\u00e8re de ses attributs exceptionnels et de son interface intuitivement con\u00e7ue, FlatSome repr\u00e9sente incontestablement un choix indispensable pour les personnes cherchant \u00e0 \u00e9tablir une plate-forme de commerce \u00e9lectronique qui d\u00e9gage \u00e0 la fois la sophistication et la fonctionnalit\u00e9. Ainsi, en raison de ses caract\u00e9ristiques puissantes et de son \u00e9l\u00e9gance inn\u00e9e, ce th\u00e8me est une n\u00e9cessit\u00e9 absolue pour tout propri\u00e9taire de boutique en ligne.<\/p>\n<ul>\n<li>Un design professionnel et \u00e9l\u00e9gant pour un site Web de commerce \u00e9lectronique<\/li>\n<li>Compatible avec le plugin WooCommerce, permettant une gestion de boutiques en ligne facile et s\u00e9curis\u00e9e<\/li>\n<li>Plusieurs mod\u00e8les pr\u00e9-con\u00e7us pour diff\u00e9rents types d&rsquo;entreprises, y compris la mode, l&rsquo;\u00e9lectronique et les meubles<\/li>\n<li>Options de disposition et de couleurs personnalisables pour s&rsquo;adapter \u00e0 la marque unique de votre entreprise<\/li>\n<li>Conception r\u00e9active pour vous assurer que votre site Web a l&rsquo;air super sur tous les appareils et tailles d&rsquo;\u00e9cran<\/li>\n<li>Page de page glisser-d\u00e9poser int\u00e9gr\u00e9 pour une personnalisation facile du site Web<\/li>\n<li>Optimis\u00e9 pour les moteurs de recherche, aidant \u00e0 am\u00e9liorer le classement des sites Web et \u00e0 attirer plus de clients<\/li>\n<li>Comprend la prise en charge des passerelles de paiement populaires, telles que PayPal et Stripe, ce qui permet aux clients de terminer facilement les transactions sur votre site Web<\/li>\n<li>Des fonctionnalit\u00e9s suppl\u00e9mentaires, telles que l&rsquo;int\u00e9gration des m\u00e9dias sociaux et les avis des clients, pour am\u00e9liorer l&rsquo;exp\u00e9rience utilisateur et augmenter les conversions.<\/li>\n<\/ul>\n","protected":false},"excerpt":{"rendered":"<p>Le th\u00e8me Flatsome Multi Purpose WooCommerce est le choix id\u00e9al pour ceux qui recherchent une solution compl\u00e8te et sophistiqu\u00e9e pour cr\u00e9er une boutique en ligne professionnelle. Dot\u00e9 d&rsquo;un design \u00e9l\u00e9gant et esth\u00e9tique, ainsi que d&rsquo;une multitude de fonctionnalit\u00e9s robustes, ce th\u00e8me permet de pr\u00e9senter facilement sa gamme de produits, tout en garantissant une exp\u00e9rience utilisateur fluide et agr\u00e9able. Que vous vendiez des biens physiques ou des produits num\u00e9riques, Flatsome poss\u00e8de tous les \u00e9l\u00e9ments essentiels pour cr\u00e9er une marketplace en ligne attrayante et performante qui s\u00e9duira de nouveaux clients, tout en fid\u00e9lisant la client\u00e8le existante. Alors, n&rsquo;attendez plus\u00a0! Saisissez l&rsquo;opportunit\u00e9 d&rsquo;acqu\u00e9rir d\u00e8s aujourd&rsquo;hui le remarquable th\u00e8me Flatsome Multi Purpose WooCommerce et concr\u00e9tisez votre r\u00eave\u00a0: cr\u00e9er une boutique en ligne florissante\u00a0!<\/p>\n","protected":false},"featured_media":143879,"comment_status":"open","ping_status":"closed","template":"","meta":[],"product_brand":[2433],"product_cat":[1238,1372,1212],"product_tag":[1366],"class_list":{"0":"post-112282","1":"product","2":"type-product","3":"status-publish","4":"has-post-thumbnail","6":"product_brand-themeforest","7":"product_cat-commerce-electronique-themes","8":"product_cat-polyvalent-commerce-electronique-themes","9":"product_cat-themes","10":"product_tag-themeforest","11":"member-discount","12":"discount-restricted","14":"first","15":"instock","16":"sale","17":"downloadable","18":"virtual","19":"sold-individually","20":"purchasable","21":"product-type-simple"},"_links":{"self":[{"href":"https:\/\/gpl-love.com\/fr\/wp-json\/wp\/v2\/product\/112282","targetHints":{"allow":["GET"]}}],"collection":[{"href":"https:\/\/gpl-love.com\/fr\/wp-json\/wp\/v2\/product"}],"about":[{"href":"https:\/\/gpl-love.com\/fr\/wp-json\/wp\/v2\/types\/product"}],"replies":[{"embeddable":true,"href":"https:\/\/gpl-love.com\/fr\/wp-json\/wp\/v2\/comments?post=112282"}],"wp:featuredmedia":[{"embeddable":true,"href":"https:\/\/gpl-love.com\/fr\/wp-json\/wp\/v2\/media\/143879"}],"wp:attachment":[{"href":"https:\/\/gpl-love.com\/fr\/wp-json\/wp\/v2\/media?parent=112282"}],"wp:term":[{"taxonomy":"product_brand","embeddable":true,"href":"https:\/\/gpl-love.com\/fr\/wp-json\/wp\/v2\/product_brand?post=112282"},{"taxonomy":"product_cat","embeddable":true,"href":"https:\/\/gpl-love.com\/fr\/wp-json\/wp\/v2\/product_cat?post=112282"},{"taxonomy":"product_tag","embeddable":true,"href":"https:\/\/gpl-love.com\/fr\/wp-json\/wp\/v2\/product_tag?post=112282"}],"curies":[{"name":"wp","href":"https:\/\/api.w.org\/{rel}","templated":true}]}}