{"id":112253,"date":"2025-08-03T00:00:00","date_gmt":"2025-08-02T22:00:00","guid":{"rendered":"http:\/\/gpl-love.com\/fr\/produit\/woocommerce-store-credit\/"},"modified":"2026-03-20T23:48:04","modified_gmt":"2026-03-20T22:48:04","slug":"woocommerce-store-credit","status":"publish","type":"product","link":"https:\/\/gpl-love.com\/fr\/produit\/woocommerce-store-credit\/","title":{"rendered":"WooCommerce Store Credit 5.1.2"},"content":{"rendered":"<h3>WooCommerce Store Credit Traits<\/h3>\n<p>Le cr\u00e9dit WooCommerce Store est un outil incroyablement robuste et efficace qui sert de moyen de g\u00e9rer efficacement les cr\u00e9dits et les remboursements des clients. Ce plugin exceptionnel vous offre la capacit\u00e9 de g\u00e9n\u00e9rer sans effort un cr\u00e9dit de magasin sp\u00e9cifiquement pour vos clients, leur offrant la possibilit\u00e9 de faire des achats aupr\u00e8s de votre boutique en ligne en utilisant ce cr\u00e9dit. De plus, ce plugin vous permet de surveiller et de suivre de mani\u00e8re transparente les soldes de cr\u00e9dit en magasin, tout en vous accordant la possibilit\u00e9 d&rsquo;\u00e9mettre des remboursements sous forme de cr\u00e9dit en magasin. En plus de ces fonctionnalit\u00e9s pratiques, le plugin offre la flexibilit\u00e9 remarquable de personnaliser les messages et les notifications de cr\u00e9dit en magasin pour s&rsquo;aligner parfaitement sur l&rsquo;identit\u00e9 de votre marque. Cette solution polyvalente s&rsquo;av\u00e8re id\u00e9ale pour favoriser et cultiver la fid\u00e9lit\u00e9 des clients, tout en stimulant simultan\u00e9ment la croissance des ventes. En utilisant le cr\u00e9dit WooCommerce Store, vous pouvez rationaliser efficacement votre processus de gestion de remboursement et de cr\u00e9dit, r\u00e9sultant finalement par une exp\u00e9rience d&rsquo;achat in\u00e9gal\u00e9e pour vos pr\u00e9cieux clients.<\/p>\n<ul>\n<li>Fournit des fonctionnalit\u00e9s de cr\u00e9dit en magasin pour les magasins WooCommerce<\/li>\n<li>Permet aux clients d&rsquo;acheter et \/ ou de recevoir du cr\u00e9dit en magasin en cadeau<\/li>\n<li>Prend en charge plusieurs types et valeurs de cr\u00e9dit de magasin<\/li>\n<li>Peut \u00eatre utilis\u00e9 comme mode de paiement lors du paiement<\/li>\n<li>Applique automatiquement le cr\u00e9dit en magasin aux commandes<\/li>\n<li>Fournit des outils complets de gestion du cr\u00e9dit en magasin pour les propri\u00e9taires de magasins<\/li>\n<li>Offre diverses options de personnalisation pour correspondre \u00e0 la marque des magasins<\/li>\n<li>Comprend des rapports d\u00e9taill\u00e9s et des analyses sur l&rsquo;utilisation du cr\u00e9dit en magasin<\/li>\n<li>Int\u00e9gre parfaitement avec les m\u00e9thodes de paiement et d&rsquo;exp\u00e9dition existantes existantes<\/li>\n<li>Fournit un excellent support client et des mises \u00e0 jour r\u00e9guli\u00e8res de compatibilit\u00e9 avec de nouvelles versions de WooCommerce.<\/li>\n<\/ul>\n","protected":false},"excerpt":{"rendered":"<p>La mise en \u0153uvre de WooCommerce Store Credit offre aux clients un moyen tr\u00e8s pratique et remarquablement flexible de g\u00e9rer efficacement les soldes de cr\u00e9dit de leur magasin. Ce plugin exceptionnel permet aux clients d&rsquo;acc\u00e9der et de surveiller sans effort leur solde de cr\u00e9dit en magasin, ainsi que de l&rsquo;appliquer sans effort \u00e0 leurs commandes. En outre, les clients ont m\u00eame la capacit\u00e9 remarquable de partager g\u00e9n\u00e9reusement leur cr\u00e9dit avec leurs amis bien-aim\u00e9s et leurs membres de la famille ch\u00e9ris. De plus, les propri\u00e9taires de magasins re\u00e7oivent la capacit\u00e9 remarquable d&rsquo;\u00e9tablir et d&rsquo;appliquer des r\u00e8glements r\u00e9gissant l&rsquo;acquisition et l&rsquo;utilisation dudit cr\u00e9dit de magasin. Cette fonctionnalit\u00e9 extraordinaire transforme fondamentalement le cr\u00e9dit WooCommerce Store en un outil incroyablement puissant pour r\u00e9ussir et retenir les clients. Par cons\u00e9quent, que vous op\u00e9riez et supervisiez un programme de fid\u00e9lit\u00e9 ou que vous souhaitiez simplement offrir \u00e0 vos clients pr\u00e9cieux une exp\u00e9rience d&rsquo;achat plus unique et personnalis\u00e9e, le cr\u00e9dit WooCommerce Store repr\u00e9sente incontestablement la solution d\u00e9finitive.<\/p>\n","protected":false},"featured_media":146043,"comment_status":"open","ping_status":"open","template":"","meta":[],"product_brand":[2440],"product_cat":[1182,1223,1181],"product_tag":[1398],"class_list":{"0":"post-112253","1":"product","2":"type-product","3":"status-publish","4":"has-post-thumbnail","6":"product_brand-woocommerce","7":"product_cat-commerce-electronique-plugins","8":"product_cat-personnalisation-commerce-electronique-plugins","9":"product_cat-plugins","10":"product_tag-woocommerce","11":"member-discount","12":"discount-restricted","14":"first","15":"instock","16":"sale","17":"downloadable","18":"virtual","19":"sold-individually","20":"purchasable","21":"product-type-simple"},"_links":{"self":[{"href":"https:\/\/gpl-love.com\/fr\/wp-json\/wp\/v2\/product\/112253","targetHints":{"allow":["GET"]}}],"collection":[{"href":"https:\/\/gpl-love.com\/fr\/wp-json\/wp\/v2\/product"}],"about":[{"href":"https:\/\/gpl-love.com\/fr\/wp-json\/wp\/v2\/types\/product"}],"replies":[{"embeddable":true,"href":"https:\/\/gpl-love.com\/fr\/wp-json\/wp\/v2\/comments?post=112253"}],"wp:featuredmedia":[{"embeddable":true,"href":"https:\/\/gpl-love.com\/fr\/wp-json\/wp\/v2\/media\/146043"}],"wp:attachment":[{"href":"https:\/\/gpl-love.com\/fr\/wp-json\/wp\/v2\/media?parent=112253"}],"wp:term":[{"taxonomy":"product_brand","embeddable":true,"href":"https:\/\/gpl-love.com\/fr\/wp-json\/wp\/v2\/product_brand?post=112253"},{"taxonomy":"product_cat","embeddable":true,"href":"https:\/\/gpl-love.com\/fr\/wp-json\/wp\/v2\/product_cat?post=112253"},{"taxonomy":"product_tag","embeddable":true,"href":"https:\/\/gpl-love.com\/fr\/wp-json\/wp\/v2\/product_tag?post=112253"}],"curies":[{"name":"wp","href":"https:\/\/api.w.org\/{rel}","templated":true}]}}