{"id":112251,"date":"2025-12-18T00:00:00","date_gmt":"2025-12-17T23:00:00","guid":{"rendered":"http:\/\/gpl-love.com\/fr\/produit\/woocommerce-order-delivery\/"},"modified":"2026-03-20T23:46:30","modified_gmt":"2026-03-20T22:46:30","slug":"woocommerce-order-delivery","status":"publish","type":"product","link":"https:\/\/gpl-love.com\/fr\/produit\/woocommerce-order-delivery\/","title":{"rendered":"WooCommerce Order Delivery 3.6.5"},"content":{"rendered":"<h3>WooCommerce Order Delivery Traits<\/h3>\n<p>La livraison de commandes WooCommerce se pr\u00e9sente comme un plugin robuste et influent r\u00e9pondant aux besoins des propri\u00e9taires de magasins en ligne souhaitant optimiser leurs proc\u00e9dures de livraison de commande. En int\u00e9grant ce plugin dans leurs magasins en ligne, les propri\u00e9taires permettent aux clients de cueillir \u00e0 la main une date de livraison et une heure qui s&rsquo;harmonise avec leur calendrier personnel, garantissant ainsi que les produits sont id\u00e9alement re\u00e7us au moment le plus opportun. Ce plugin conf\u00e8re \u00e9galement aux propri\u00e9taires la possibilit\u00e9 d&rsquo;\u00e9tablir des horaires de livraison, de d\u00e9terminer les frais de livraison et de configurer d&rsquo;autres param\u00e8tres de livraison pertinents. De plus, gr\u00e2ce \u00e0 une interface backend conviviale et intuitive, les propri\u00e9taires peuvent superviser sans effort les commandes et les horaires de livraison des clients. En tirant parti des capacit\u00e9s de la livraison de commandes WooCommerce, les propri\u00e9taires de magasins en ligne peuvent offrir sans effort \u00e0 leurs clients une exp\u00e9rience de livraison am\u00e9lior\u00e9e et sur mesure, produisant des niveaux augment\u00e9s de satisfaction de la client\u00e8le et engendrer une fid\u00e9lit\u00e9 in\u00e9branlable.<\/p>\n<ul>\n<li>Rationalise le processus de livraison des commandes de woocommerce<\/li>\n<li>Permet aux clients de choisir la date et l&rsquo;heure de livraison pendant la caisse<\/li>\n<li>Permet la personnalisation des options de livraison en fonction de l&#8217;emplacement, de la m\u00e9thode d&rsquo;exp\u00e9dition et du total de la commande<\/li>\n<li>Permet le suivi du statut de livraison et des notifications pour les clients et les gestionnaires de magasins<\/li>\n<li>Fournit un aper\u00e7u clair du calendrier de livraison et de l&rsquo;itin\u00e9raire pour les conducteurs de livraison<\/li>\n<li>Peut s&rsquo;int\u00e9grer aux services de livraison tiers pour une flexibilit\u00e9 suppl\u00e9mentaire<\/li>\n<li>Disponible en plusieurs langues<\/li>\n<li>Peut \u00eatre facilement install\u00e9 et configur\u00e9 avec WooCommerce Store<\/li>\n<li>\u00c9quipe de support client d\u00e9di\u00e9e disponible pour l&rsquo;aide<\/li>\n<\/ul>\n","protected":false},"excerpt":{"rendered":"<p>La livraison de commandes WooCommerce, un plugin hautement fonctionnel, offre aux clients l&rsquo;occasion remarquable de s\u00e9lectionner sans effort une date et une heure de leur pr\u00e9f\u00e9rence pour la livraison de leurs articles achet\u00e9s dans votre boutique en ligne estim\u00e9e. En permettant aux clients un tel niveau de contr\u00f4le, ce plugin exceptionnel am\u00e9liore consid\u00e9rablement l&rsquo;exp\u00e9rience client globale, conduisant ainsi \u00e0 des niveaux de satisfaction accrus et \u00e0 une probabilit\u00e9 plus \u00e9lev\u00e9e de clients pour les achats futurs. En outre, ce plugin extraordinaire comprend diverses fonctionnalit\u00e9s avanc\u00e9es, telles que la possibilit\u00e9 d&rsquo;imposer des restrictions au nombre de commandes autoris\u00e9es \u00e0 une journ\u00e9e donn\u00e9e et la flexibilit\u00e9 d&rsquo;\u00e9tablir des horaires de livraison personnalis\u00e9s. Avec son interface conviviale et son int\u00e9gration transparente, ce plugin sert \u00e0 optimiser et \u00e0 rationaliser l&rsquo;ensemble du processus de livraison, en r\u00e9pondant aux besoins et aux d\u00e9sirs des clients et des propri\u00e9taires de magasins.<\/p>\n","protected":false},"featured_media":145942,"comment_status":"open","ping_status":"open","template":"","meta":[],"product_brand":[2440],"product_cat":[1183,1182,1181],"product_tag":[1398],"class_list":{"0":"post-112251","1":"product","2":"type-product","3":"status-publish","4":"has-post-thumbnail","6":"product_brand-woocommerce","7":"product_cat-administration","8":"product_cat-commerce-electronique-plugins","9":"product_cat-plugins","10":"product_tag-woocommerce","11":"member-discount","12":"discount-restricted","14":"first","15":"instock","16":"sale","17":"downloadable","18":"virtual","19":"sold-individually","20":"purchasable","21":"product-type-simple"},"_links":{"self":[{"href":"https:\/\/gpl-love.com\/fr\/wp-json\/wp\/v2\/product\/112251","targetHints":{"allow":["GET"]}}],"collection":[{"href":"https:\/\/gpl-love.com\/fr\/wp-json\/wp\/v2\/product"}],"about":[{"href":"https:\/\/gpl-love.com\/fr\/wp-json\/wp\/v2\/types\/product"}],"replies":[{"embeddable":true,"href":"https:\/\/gpl-love.com\/fr\/wp-json\/wp\/v2\/comments?post=112251"}],"wp:featuredmedia":[{"embeddable":true,"href":"https:\/\/gpl-love.com\/fr\/wp-json\/wp\/v2\/media\/145942"}],"wp:attachment":[{"href":"https:\/\/gpl-love.com\/fr\/wp-json\/wp\/v2\/media?parent=112251"}],"wp:term":[{"taxonomy":"product_brand","embeddable":true,"href":"https:\/\/gpl-love.com\/fr\/wp-json\/wp\/v2\/product_brand?post=112251"},{"taxonomy":"product_cat","embeddable":true,"href":"https:\/\/gpl-love.com\/fr\/wp-json\/wp\/v2\/product_cat?post=112251"},{"taxonomy":"product_tag","embeddable":true,"href":"https:\/\/gpl-love.com\/fr\/wp-json\/wp\/v2\/product_tag?post=112251"}],"curies":[{"name":"wp","href":"https:\/\/api.w.org\/{rel}","templated":true}]}}