{"id":112249,"date":"2026-03-25T00:00:00","date_gmt":"2026-03-24T23:00:00","guid":{"rendered":"http:\/\/gpl-love.com\/fr\/produit\/mailster-email-newsletter-plugin-for-wordpress\/"},"modified":"2026-03-25T23:30:45","modified_gmt":"2026-03-25T22:30:45","slug":"mailster-email-newsletter-plugin-for-wordpress","status":"publish","type":"product","link":"https:\/\/gpl-love.com\/fr\/produit\/mailster-email-newsletter-plugin-for-wordpress\/","title":{"rendered":"Mailster Email Newsletter WordPress Plugin 4.1.17"},"content":{"rendered":"<h3>Mailster Email Newsletter WordPress Plugin Traits<\/h3>\n<p>Le plugin WordPress de newsletter par e-mail MailSter est un outil remarquablement robuste et convivial qui sert \u00e0 faciliter la cr\u00e9ation, la gestion et la d\u00e9p\u00eache des newsletters de courrier \u00e9lectronique hautement professionnelles directement via votre site Web WordPress. Avec Mailster \u00e0 votre disposition, vous acc\u00e9dez \u00e0 une multitude de fonctionnalit\u00e9s pratiques qui vous permettent de concevoir et de personnaliser sans effort vos newsletters, d&rsquo;\u00e9tablir des listes de diffusion cibl\u00e9es, de surveiller \u00e9troitement les progr\u00e8s de vos campagnes d&rsquo;e-mail et d&rsquo;analyser m\u00e9ticuleusement les performances de vos campagnes \u00e0 travers les Provision de rapports complets. This plugin is replete with a plethora of impressive functionalities, including a drag and drop editor, the capacity to carry out automated email campaigns, the ability to seamlessly adapt to different devices through responsive design, the option to engage in A\/B testing, the Disponibilit\u00e9 d&rsquo;outils analytiques avanc\u00e9s, la possibilit\u00e9 de s&rsquo;int\u00e9grer \u00e0 des plates-formes tierces et de nombreux autres attributs remarquables. Il est important de noter que Mailster est parfaitement adapt\u00e9 aux personnes qui sont activement impliqu\u00e9es dans les efforts commerciaux, ceux qui op\u00e8rent en tant que blogueurs, professionnels du marketing et, en fait, toute autre personne qui aspire \u00e0 augmenter les niveaux d&rsquo;engagement et \u00e0 fortifier leurs relations avec leur valeur les abonn\u00e9s. Que vous soyez un novice dans le domaine du marketing par e-mail ou un expert chevronn\u00e9, Mailster simplifie vraiment le processus de g\u00e9n\u00e9ration de newsletters visuellement \u00e9poustouflants qui donnent des r\u00e9sultats positifs.<\/p>\n<ul>\n<li>Installation facile et configuration pour une int\u00e9gration transparente avec WordPress<\/li>\n<li>Mod\u00e8les de messagerie personnalisables pour correspondre \u00e0 votre marque et \u00e0 votre message<\/li>\n<li>Campagnes de newsletter automatis\u00e9es pour gagner du temps et des efforts<\/li>\n<li>Gestion avanc\u00e9e des abonn\u00e9s pour une sensibilisation cibl\u00e9e<\/li>\n<li>Analyse de messagerie d\u00e9taill\u00e9e pour suivre les performances et ajuster la strat\u00e9gie<\/li>\n<li>Int\u00e9gration transparente avec des services de marketing par e-mail populaires<\/li>\n<li>Option pour inclure les boutons de partage social pour une port\u00e9e plus large<\/li>\n<li>Conception conviviale pour une visualisation optimis\u00e9e sur n&rsquo;importe quel appareil<\/li>\n<li>\u00c9quipe de support d\u00e9di\u00e9e pour obtenir de l&rsquo;aide pour toute question ou probl\u00e8me.<\/li>\n<\/ul>\n","protected":false},"excerpt":{"rendered":"<p>Mailster est un plugin WordPress remarquable et innovant WordPress qui aide grandement les entreprises dans la t\u00e2che complexe de concevoir et de transmettre des newsletters visuellement captivantes \u00e0 leurs abonn\u00e9s estim\u00e9s. Avec les capacit\u00e9s impressionnantes de Mailster, les utilisateurs sont accord\u00e9s avec le privil\u00e8ge de s\u00e9lectionner parmi une vaste gamme de mod\u00e8les m\u00e9ticuleusement con\u00e7us, soigneusement adapt\u00e9s pour r\u00e9pondre \u00e0 leurs pr\u00e9f\u00e9rences distinctes, ou m\u00eame plonger dans le domaine de la cr\u00e9ativit\u00e9 sans limites en fa\u00e7onnant leur propre mod\u00e8le. De plus, l&rsquo;interface tr\u00e8s intuitive de ce plugin remarquable permet aux utilisateurs de manipuler et d&rsquo;affiner sans effort la disposition de leur newsletter, tout en int\u00e9grant de mani\u00e8re transparente le contenu captivant \u00e0 partir d&rsquo;une multitude de sources, y compris, mais sans s&rsquo;y limiter, les publications WordPress et les plates-formes externes.<\/p>\n","protected":false},"featured_media":144416,"comment_status":"open","ping_status":"open","template":"","meta":[],"product_brand":[2435],"product_cat":[1207,1181,1186],"product_tag":[1231],"class_list":{"0":"post-112249","1":"product","2":"type-product","3":"status-publish","4":"has-post-thumbnail","6":"product_brand-codecanyon","7":"product_cat-commercialisation-wordpress-plugins","8":"product_cat-plugins","9":"product_cat-wordpress-plugins","10":"product_tag-codecanyon","11":"member-discount","12":"discount-restricted","14":"first","15":"instock","16":"sale","17":"downloadable","18":"virtual","19":"sold-individually","20":"purchasable","21":"product-type-simple"},"_links":{"self":[{"href":"https:\/\/gpl-love.com\/fr\/wp-json\/wp\/v2\/product\/112249","targetHints":{"allow":["GET"]}}],"collection":[{"href":"https:\/\/gpl-love.com\/fr\/wp-json\/wp\/v2\/product"}],"about":[{"href":"https:\/\/gpl-love.com\/fr\/wp-json\/wp\/v2\/types\/product"}],"replies":[{"embeddable":true,"href":"https:\/\/gpl-love.com\/fr\/wp-json\/wp\/v2\/comments?post=112249"}],"wp:featuredmedia":[{"embeddable":true,"href":"https:\/\/gpl-love.com\/fr\/wp-json\/wp\/v2\/media\/144416"}],"wp:attachment":[{"href":"https:\/\/gpl-love.com\/fr\/wp-json\/wp\/v2\/media?parent=112249"}],"wp:term":[{"taxonomy":"product_brand","embeddable":true,"href":"https:\/\/gpl-love.com\/fr\/wp-json\/wp\/v2\/product_brand?post=112249"},{"taxonomy":"product_cat","embeddable":true,"href":"https:\/\/gpl-love.com\/fr\/wp-json\/wp\/v2\/product_cat?post=112249"},{"taxonomy":"product_tag","embeddable":true,"href":"https:\/\/gpl-love.com\/fr\/wp-json\/wp\/v2\/product_tag?post=112249"}],"curies":[{"name":"wp","href":"https:\/\/api.w.org\/{rel}","templated":true}]}}