{"id":112242,"date":"2021-02-24T00:00:00","date_gmt":"2021-02-23T23:00:00","guid":{"rendered":"http:\/\/gpl-love.com\/fr\/produit\/woocommerce-variations-in-table\/"},"modified":"2026-03-20T23:48:25","modified_gmt":"2026-03-20T22:48:25","slug":"woocommerce-variations-in-table","status":"publish","type":"product","link":"https:\/\/gpl-love.com\/fr\/produit\/woocommerce-variations-in-table\/","title":{"rendered":"WooCommerce Variations In Table 1.0.8"},"content":{"rendered":"<h3>WooCommerce Variations In Table Traits<\/h3>\n<p>Les variations WooCommerce dans le tableau sont un plugin incroyablement robuste et percutant qui offre aux utilisateurs la possibilit\u00e9 de pr\u00e9senter des variations de produit de mani\u00e8re exceptionnellement structur\u00e9e. En transformant les variations standard S\u00e9lectionnez la liste d\u00e9roulante en un format de table visuellement attrayant, ce plugin pr\u00e9sente facilement toutes les variations dans un emplacement centralis\u00e9. Cette fonctionnalit\u00e9 simplifie consid\u00e9rablement le processus pour les clients car ils peuvent comparer et contraster sans effort les variations de produits, ce qui leur permet finalement d&rsquo;identifier le choix optimal pour leurs besoins. De plus, l&rsquo;apparence de la table peut \u00eatre personnalis\u00e9e pour s&rsquo;aligner parfaitement sur le th\u00e8me du site Web, tout en offrant la possibilit\u00e9 de pr\u00e9senter exclusivement des informations pertinentes. Ind\u00e9niablement, ce plugin indispensable est une n\u00e9cessit\u00e9 absolue pour tout magasin WooCommerce qui poss\u00e8de un assortiment diversifi\u00e9 de produits.<\/p>\n<ul>\n<li>Afficher les variations de produit WooCommerce dans un format de table<\/li>\n<li>Comparez rapidement et facilement les diff\u00e9rentes variations c\u00f4te \u00e0 c\u00f4te<\/li>\n<li>Personnalisez la disposition du tableau pour r\u00e9pondre \u00e0 vos besoins et pr\u00e9f\u00e9rences sp\u00e9cifiques<\/li>\n<li>Enti\u00e8rement compatible avec une large gamme de th\u00e8mes et plugins WooCommerce<\/li>\n<li>Id\u00e9al pour g\u00e9rer de grands stocks de produits avec de nombreuses variations<\/li>\n<li>Int\u00e9gration transparente avec la plate-forme et le tableau de bord WooCommerce<\/li>\n<li>L&rsquo;interface intuitive et conviviale rend la gestion des variations simples et simples<\/li>\n<li>Rationalise le processus de cr\u00e9ation et de gestion des variations de produits pour votre boutique en ligne<\/li>\n<li>Aide \u00e0 am\u00e9liorer l&rsquo;exp\u00e9rience client en pr\u00e9sentant des options de produits de mani\u00e8re claire et organis\u00e9e<\/li>\n<li>Stimule les ventes en facilitant la recherche et la s\u00e9lection des clients qui r\u00e9pondent \u00e0 leurs besoins.<\/li>\n<\/ul>\n","protected":false},"excerpt":{"rendered":"<p>La fonctionnalit\u00e9 de convertissage des dropdowns de variations WooCommerce conventionnelles en un format plus convivial et intuitif, \u00e0 savoir un format de table, a \u00e9t\u00e9 introduite. Cette modification vise \u00e0 am\u00e9liorer la facilit\u00e9 avec laquelle les clients peuvent s\u00e9lectionner les options de produit souhait\u00e9es. En outre, la conception de cette fonctionnalit\u00e9 est personnalisable et r\u00e9active, garantissant une exp\u00e9rience d&rsquo;achat sans faille et rationalis\u00e9e sur tous les types d&rsquo;appareils.<\/p>\n","protected":false},"featured_media":146064,"comment_status":"open","ping_status":"open","template":"","meta":[],"product_brand":[2435],"product_cat":[1182,1223,1181],"product_tag":[1231],"class_list":{"0":"post-112242","1":"product","2":"type-product","3":"status-publish","4":"has-post-thumbnail","6":"product_brand-codecanyon","7":"product_cat-commerce-electronique-plugins","8":"product_cat-personnalisation-commerce-electronique-plugins","9":"product_cat-plugins","10":"product_tag-codecanyon","11":"member-discount","12":"discount-restricted","14":"first","15":"instock","16":"sale","17":"downloadable","18":"virtual","19":"sold-individually","20":"purchasable","21":"product-type-simple"},"_links":{"self":[{"href":"https:\/\/gpl-love.com\/fr\/wp-json\/wp\/v2\/product\/112242","targetHints":{"allow":["GET"]}}],"collection":[{"href":"https:\/\/gpl-love.com\/fr\/wp-json\/wp\/v2\/product"}],"about":[{"href":"https:\/\/gpl-love.com\/fr\/wp-json\/wp\/v2\/types\/product"}],"replies":[{"embeddable":true,"href":"https:\/\/gpl-love.com\/fr\/wp-json\/wp\/v2\/comments?post=112242"}],"wp:featuredmedia":[{"embeddable":true,"href":"https:\/\/gpl-love.com\/fr\/wp-json\/wp\/v2\/media\/146064"}],"wp:attachment":[{"href":"https:\/\/gpl-love.com\/fr\/wp-json\/wp\/v2\/media?parent=112242"}],"wp:term":[{"taxonomy":"product_brand","embeddable":true,"href":"https:\/\/gpl-love.com\/fr\/wp-json\/wp\/v2\/product_brand?post=112242"},{"taxonomy":"product_cat","embeddable":true,"href":"https:\/\/gpl-love.com\/fr\/wp-json\/wp\/v2\/product_cat?post=112242"},{"taxonomy":"product_tag","embeddable":true,"href":"https:\/\/gpl-love.com\/fr\/wp-json\/wp\/v2\/product_tag?post=112242"}],"curies":[{"name":"wp","href":"https:\/\/api.w.org\/{rel}","templated":true}]}}