{"id":112239,"date":"2025-04-28T00:00:00","date_gmt":"2025-04-27T22:00:00","guid":{"rendered":"http:\/\/gpl-love.com\/fr\/produit\/flexible-shipping-pro-woocommerce-table-rate-shipping\/"},"modified":"2026-03-20T23:06:03","modified_gmt":"2026-03-20T22:06:03","slug":"flexible-shipping-pro-woocommerce-table-rate-shipping","status":"publish","type":"product","link":"https:\/\/gpl-love.com\/fr\/produit\/flexible-shipping-pro-woocommerce-table-rate-shipping\/","title":{"rendered":"Flexible Shipping Pro WooCommerce Table Rate Shipping 3.0.3"},"content":{"rendered":"<h3>Flexible Shipping Pro WooCommerce Table Rate Shipping Traits<\/h3>\n<p>Flexible Shipping Pro est un plugin d&rsquo;exp\u00e9dition de tarifs de table WooCommerce avanc\u00e9 et complet qui offre une pl\u00e9thore de fonctionnalit\u00e9s et de fonctionnalit\u00e9s aux propri\u00e9taires de magasins en ligne, leur permettant de g\u00e9rer et d&rsquo;adapter efficacement leurs tarifs d&rsquo;exp\u00e9dition conform\u00e9ment \u00e0 leurs exigences et pr\u00e9f\u00e9rences sp\u00e9cifiques. Ce plugin incroyablement polyvalent permet aux utilisateurs de cr\u00e9er et d&rsquo;impl\u00e9menter sans effort des r\u00e8gles d&rsquo;exp\u00e9dition hautement personnalis\u00e9es qui sont bas\u00e9es sur un large \u00e9ventail de facteurs, y compris, mais sans s&rsquo;y limiter, la valeur, la valeur du chariot, la destination, etc. En utilisant ce plugin, les commer\u00e7ants peuvent facilement d\u00e9finir et impl\u00e9menter plusieurs m\u00e9thodes d&rsquo;exp\u00e9dition, chacune pouvant \u00eatre adapt\u00e9e \u00e0 leurs besoins et pr\u00e9f\u00e9rences individuelles. Ces m\u00e9thodes d&rsquo;exp\u00e9dition peuvent inclure des tarifs forfaitaires, la livraison gratuite, ainsi que des tarifs \u00e0 plusieurs niveaux, offrant ainsi aux utilisateurs une plus grande flexibilit\u00e9 et polyvalence en termes d&rsquo;adaptation \u00e0 diff\u00e9rentes exigences de livraison et pr\u00e9f\u00e9rences. De plus, Flexible Shipping Pro offre \u00e9galement aux utilisateurs la possibilit\u00e9 de restreindre ou d&rsquo;activer des options d&rsquo;exp\u00e9dition sp\u00e9cifiques pour certains produits ou cat\u00e9gories, leur permettant ainsi d&rsquo;exercer un contr\u00f4le et une pr\u00e9cision encore plus importants dans leurs processus d&rsquo;exp\u00e9dition. The user-friendly interface and comprehensive documentation provided with this plugin further serve to expedite and facilitate the configuration process, ensuring that users are able to swiftly and efficiently set up and optimize their shipping settings in a manner that aligns perfectly with their unique business requirements and objectifs. En conclusion, Flexible Shipping Pro sert de solution exceptionnelle et indispensable pour les commer\u00e7ants qui cherchent \u00e0 rationaliser et \u00e0 optimiser leurs processus d&rsquo;exp\u00e9dition, tout en offrant simultan\u00e9ment \u00e0 leurs clients de pr\u00e9cieux acc\u00e8s \u00e0 des options d&rsquo;exp\u00e9dition pr\u00e9cises, fiables et hautement personnalis\u00e9es qui sont adapt\u00e9es \u00e0 leur individu con\u00e7ues individuelles adapt\u00e9es \u00e0 leur individu adapt\u00e9 \u00e0 leur individu adapt\u00e9 \u00e0 leur individu adapt\u00e9 \u00e0 leur individu con\u00e7ue \u00e0 leur individu pr\u00e9f\u00e9rences et exigences.<\/p>\n<ul>\n<li>Ajoute des options de livraison de tarif de table avanc\u00e9 \u00e0 votre boutique WooCommerce<\/li>\n<li>Cr\u00e9ez des tarifs d&rsquo;exp\u00e9dition personnalis\u00e9s en fonction du poids, du prix, de la quantit\u00e9 ou de la destination<\/li>\n<li>Configurez plusieurs zones d&rsquo;exp\u00e9dition pour diff\u00e9rentes r\u00e9gions ou pays<\/li>\n<li>Ajouter des frais de manutention ou des surtaxes personnalis\u00e9s pour des produits sp\u00e9cifiques ou des m\u00e9thodes d&rsquo;exp\u00e9dition<\/li>\n<li>Configurer les tarifs d&rsquo;exp\u00e9dition en fonction des groupes de clients ou des r\u00f4les utilisateur<\/li>\n<li>D\u00e9finissez les montants de commande minimum ou maximum pour certains tarifs d&rsquo;exp\u00e9dition<\/li>\n<li>Offrez la livraison gratuite pour les commandes sur un certain montant ou poids<\/li>\n<li>Affichez les tarifs d&rsquo;exp\u00e9dition en temps r\u00e9el des principaux op\u00e9rateurs d&rsquo;exp\u00e9dition (n\u00e9cessite un plugin suppl\u00e9mentaire)<\/li>\n<li>Compatible avec d&rsquo;autres extensions d&rsquo;exp\u00e9dition WooCommerce et passerelles de paiement<\/li>\n<li>Facile \u00e0 configurer et \u00e0 personnaliser avec une interface conviviale et une documentation d\u00e9taill\u00e9e<\/li>\n<\/ul>\n","protected":false},"excerpt":{"rendered":"<p>Flexible Shipping Pro pour WooCommerce est une extension de tarification d&rsquo;exp\u00e9dition extr\u00eamement polyvalente et compl\u00e8te. Elle vous permet de cr\u00e9er et de personnaliser facilement des m\u00e9thodes d&rsquo;exp\u00e9dition sur mesure, adapt\u00e9es aux besoins sp\u00e9cifiques de votre boutique en ligne. Gr\u00e2ce \u00e0 la possibilit\u00e9 de calculer les tarifs en fonction de nombreux facteurs tels que le poids, la destination, la quantit\u00e9 et bien plus encore, cette extension facilite la configuration d&rsquo;une large gamme d&rsquo;options d&rsquo;exp\u00e9dition, con\u00e7ues avec soin pour r\u00e9pondre aux pr\u00e9f\u00e9rences et aux exigences de vos clients. Particuli\u00e8rement conviviale et extr\u00eamement flexible, cette extension exceptionnelle s&rsquo;impose comme un choix id\u00e9al pour les entreprises de toutes tailles.<\/p>\n","protected":false},"featured_media":143882,"comment_status":"open","ping_status":"open","template":"","meta":[],"product_brand":[2550],"product_cat":[1183,1182,1181],"product_tag":[1685],"class_list":{"0":"post-112239","1":"product","2":"type-product","3":"status-publish","4":"has-post-thumbnail","6":"product_brand-wp-desk","7":"product_cat-administration","8":"product_cat-commerce-electronique-plugins","9":"product_cat-plugins","10":"product_tag-wp-desk","11":"member-discount","12":"discount-restricted","14":"first","15":"instock","16":"sale","17":"downloadable","18":"virtual","19":"sold-individually","20":"purchasable","21":"product-type-simple"},"_links":{"self":[{"href":"https:\/\/gpl-love.com\/fr\/wp-json\/wp\/v2\/product\/112239","targetHints":{"allow":["GET"]}}],"collection":[{"href":"https:\/\/gpl-love.com\/fr\/wp-json\/wp\/v2\/product"}],"about":[{"href":"https:\/\/gpl-love.com\/fr\/wp-json\/wp\/v2\/types\/product"}],"replies":[{"embeddable":true,"href":"https:\/\/gpl-love.com\/fr\/wp-json\/wp\/v2\/comments?post=112239"}],"wp:featuredmedia":[{"embeddable":true,"href":"https:\/\/gpl-love.com\/fr\/wp-json\/wp\/v2\/media\/143882"}],"wp:attachment":[{"href":"https:\/\/gpl-love.com\/fr\/wp-json\/wp\/v2\/media?parent=112239"}],"wp:term":[{"taxonomy":"product_brand","embeddable":true,"href":"https:\/\/gpl-love.com\/fr\/wp-json\/wp\/v2\/product_brand?post=112239"},{"taxonomy":"product_cat","embeddable":true,"href":"https:\/\/gpl-love.com\/fr\/wp-json\/wp\/v2\/product_cat?post=112239"},{"taxonomy":"product_tag","embeddable":true,"href":"https:\/\/gpl-love.com\/fr\/wp-json\/wp\/v2\/product_tag?post=112239"}],"curies":[{"name":"wp","href":"https:\/\/api.w.org\/{rel}","templated":true}]}}