{"id":112237,"date":"2021-02-24T00:00:00","date_gmt":"2021-02-23T23:00:00","guid":{"rendered":"http:\/\/gpl-love.com\/fr\/produit\/phpshort-url-shortener-platform\/"},"modified":"2026-04-10T18:36:27","modified_gmt":"2026-04-10T16:36:27","slug":"phpshort-url-shortener-platform","status":"publish","type":"product","link":"https:\/\/gpl-love.com\/fr\/produit\/phpshort-url-shortener-platform\/","title":{"rendered":"phpShort URL Shortener Platform 3.2.0"},"content":{"rendered":"<h3>phpShort URL Shortener Platform Traits<\/h3>\n<p>PHPSHORT est une plate-forme incroyablement puissante et efficace pour le raccourcissement des URL qui vous permet de g\u00e9n\u00e9rer rapidement vos propres URL succinctes en quelques minutes. Gr\u00e2ce \u00e0 son interface remarquablement conviviale, vous \u00eates en mesure de g\u00e9rer sans effort toutes vos URL, de surveiller avec diligence le nombre de clics qu&rsquo;ils re\u00e7oivent et d&rsquo;analyser m\u00e9ticuleusement les donn\u00e9es r\u00e9sultantes. Que vous soyez un blogueur d\u00e9vou\u00e9, un marketing astucieux ou un propri\u00e9taire d&rsquo;entreprise astucieux, PHPShort vous accorde une impressionnante gamme d&rsquo;outils indispensables sp\u00e9cialement con\u00e7us pour optimiser vos liens et am\u00e9liorer consid\u00e9rablement votre pr\u00e9sence en ligne. De plus, PHPShort poss\u00e8de une API exceptionnellement robuste ainsi qu&rsquo;un assortiment d&rsquo;options de conception personnalisables, ce qui en fait le choix id\u00e9al pour les d\u00e9veloppeurs astucieux qui souhaitent \u00e9tablir leur propre service de raccourcissement d&rsquo;URL. Pourquoi retarder plus longtemps? Entrez dans votre parcours PHPShort aujourd&rsquo;hui et assistez \u00e0 la transformation de vos liens en actifs marketing remarquablement influents!<\/p>\n<ul>\n<li>Fournit une plate-forme puissante pour raccourcir les URL avec un effort minimal<\/li>\n<li>Permet aux utilisateurs de g\u00e9n\u00e9rer des URL personnalis\u00e9es et raccourcies pour un partage facile<\/li>\n<li>Permet aux entreprises et aux particuliers de suivre les mesures et les informations sur leurs liens raccourcis<\/li>\n<li>Offre une interface intuitive et conviviale qui facilite la cr\u00e9ation et la gestion des liens raccourcis<\/li>\n<li>S&rsquo;int\u00e8gre parfaitement \u00e0 une gamme d&rsquo;outils populaires, y compris les plateformes de m\u00e9dias sociaux et les logiciels d&rsquo;automatisation marketing<\/li>\n<li>Utilise des fonctionnalit\u00e9s de s\u00e9curit\u00e9 de pointe pour prot\u00e9ger les donn\u00e9es des utilisateurs et pr\u00e9venir une mauvaise utilisation ou une abus de liens courts<\/li>\n<li>Comprend une API robuste qui permet aux d\u00e9veloppeurs de cr\u00e9er des solutions personnalis\u00e9es et d&rsquo;automatiser les processus de flux de travail<\/li>\n<li>Livr\u00e9 avec une documentation compl\u00e8te et un soutien, y compris des tutoriels, des vid\u00e9os et un forum communautaire<\/li>\n<li>Offre des options de tarification flexibles pour s&rsquo;adapter \u00e0 une gamme de budgets et de cas d&rsquo;utilisation<\/li>\n<li>Mis \u00e0 jour en continu avec de nouvelles fonctionnalit\u00e9s et am\u00e9liorations pour rester en avance sur la courbe et offrir la meilleure exp\u00e9rience utilisateur possible<\/li>\n<\/ul>\n","protected":false},"excerpt":{"rendered":"<p>PHPSHORT est une plate-forme de raccourcissement URL incroyablement robuste et tr\u00e8s performante qui vous accorde la commodit\u00e9 de g\u00e9n\u00e9rer et de superviser sans effort des liens abr\u00e9g\u00e9s pour votre site Web ou vos profils num\u00e9riques sur diverses plateformes de m\u00e9dias sociaux. Cette plate-forme comprend un \u00e9ventail de fonctionnalit\u00e9s tr\u00e8s avantageuses, telles que les capacit\u00e9s compl\u00e8tes de suivi des liens et d&rsquo;analyses, de domaines personnalisables et d&rsquo;int\u00e9gration transparente avec des plateformes de m\u00e9dias sociaux tr\u00e8s populaires. En tirant parti de la puissance de PHPShort, vous pouvez rationaliser efficacement vos t\u00e2ches de gestion des liens et \u00e9valuer sans effort l&rsquo;efficacit\u00e9 et le triomphe de vos campagnes de marketing \u00e0 multiples facettes. Que vous vous identifiiez comme un sp\u00e9cialiste du marketing chevronn\u00e9 ou un propri\u00e9taire de site Web diligent, PHPShort sert sans aucun doute d&rsquo;outil indispensable pour optimiser et maximiser votre pr\u00e9sence en ligne \u00e0 son plein potentiel.<\/p>\n","protected":false},"featured_media":144974,"comment_status":"open","ping_status":"open","template":"","meta":[],"product_brand":[2435],"product_cat":[1187,1181,1186],"product_tag":[1231],"class_list":{"0":"post-112237","1":"product","2":"type-product","3":"status-publish","4":"has-post-thumbnail","6":"product_brand-codecanyon","7":"product_cat-administration-wordpress-plugins","8":"product_cat-plugins","9":"product_cat-wordpress-plugins","10":"product_tag-codecanyon","11":"member-discount","12":"discount-restricted","14":"first","15":"instock","16":"sale","17":"downloadable","18":"virtual","19":"sold-individually","20":"purchasable","21":"product-type-simple"},"_links":{"self":[{"href":"https:\/\/gpl-love.com\/fr\/wp-json\/wp\/v2\/product\/112237","targetHints":{"allow":["GET"]}}],"collection":[{"href":"https:\/\/gpl-love.com\/fr\/wp-json\/wp\/v2\/product"}],"about":[{"href":"https:\/\/gpl-love.com\/fr\/wp-json\/wp\/v2\/types\/product"}],"replies":[{"embeddable":true,"href":"https:\/\/gpl-love.com\/fr\/wp-json\/wp\/v2\/comments?post=112237"}],"wp:featuredmedia":[{"embeddable":true,"href":"https:\/\/gpl-love.com\/fr\/wp-json\/wp\/v2\/media\/144974"}],"wp:attachment":[{"href":"https:\/\/gpl-love.com\/fr\/wp-json\/wp\/v2\/media?parent=112237"}],"wp:term":[{"taxonomy":"product_brand","embeddable":true,"href":"https:\/\/gpl-love.com\/fr\/wp-json\/wp\/v2\/product_brand?post=112237"},{"taxonomy":"product_cat","embeddable":true,"href":"https:\/\/gpl-love.com\/fr\/wp-json\/wp\/v2\/product_cat?post=112237"},{"taxonomy":"product_tag","embeddable":true,"href":"https:\/\/gpl-love.com\/fr\/wp-json\/wp\/v2\/product_tag?post=112237"}],"curies":[{"name":"wp","href":"https:\/\/api.w.org\/{rel}","templated":true}]}}