{"id":112235,"date":"2025-01-17T00:00:00","date_gmt":"2025-01-16T23:00:00","guid":{"rendered":"http:\/\/gpl-love.com\/fr\/produit\/coming-soon-and-maintenance-mode-pro\/"},"modified":"2026-03-20T22:58:49","modified_gmt":"2026-03-20T21:58:49","slug":"coming-soon-and-maintenance-mode-pro","status":"publish","type":"product","link":"https:\/\/gpl-love.com\/fr\/produit\/coming-soon-and-maintenance-mode-pro\/","title":{"rendered":"Coming Soon et Maintenance Mode Pro 6.58"},"content":{"rendered":"<h3>Coming Soon et Maintenance Mode Pro Traits<\/h3>\n<p>\u00c0 venir bient\u00f4t et Mode de maintenance Pro est un plugin WordPress incroyablement puissant et remarquablement intuitif qui accorde aux propri\u00e9taires de sites Web avec la possibilit\u00e9 de fabriquer visuellement captivant et extr\u00eamement adaptable les pages \u00e0 venir et les pages de mode de maintenance pour leurs sites Web respectifs. \u00c0 l&rsquo;improviste de son interface conviviale, les utilisateurs sont dot\u00e9s de la capacit\u00e9 sans effort pour choisir sans effort parmi un vaste assortiment de mod\u00e8les, de th\u00e8mes et de conceptions ou alternativement, ils peuvent exercer leur propre pouvoir discr\u00e9tion Pr\u00e9f\u00e9rences sp\u00e9cifiques, remplies d&rsquo;images, de vid\u00e9os et de texte personnalis\u00e9s. En outre, ce plugin accorde aux propri\u00e9taires de sites Web la capacit\u00e9 inestimable d&rsquo;amasser des prospects, de transmettre des notifications par e-mail avec une facilit\u00e9 consomm\u00e9e et de planifier strat\u00e9giquement les dates de lancement de leurs sites Web. Ce plugin convient, sans aucun doute, id\u00e9alement adapt\u00e9 aux propri\u00e9taires de sites Web qui souhaitent retenir l&rsquo;attention des visiteurs de leur site Web dans un \u00e9tat d&rsquo;engagement captiv\u00e9 pendant qu&rsquo;ils sont en train de travailler avec diligence sur leur site Web ou de se pr\u00e9parer aux d\u00e9buts tr\u00e8s attendus d&rsquo;un nouveau produit r\u00e9volutionnaire ou service. En vertu des capacit\u00e9s in\u00e9gal\u00e9es de venir bient\u00f4t et du mode de maintenance Pro, les propri\u00e9taires de sites Web sont autoris\u00e9s \u00e0 assembler des pages \u00e0 couper le souffle spectaculaires et politiques sans avoir besoin d&rsquo;une connaissance du codage ou de la conception.<\/p>\n<ul>\n<li>Plugin puissant con\u00e7u pour aider les propri\u00e9taires de sites Web pendant la maintenance ou le lancement du site Web.<\/li>\n<li>Beau et personnalisable \u00e0 venir bient\u00f4t et mod\u00e8les de page de mode de maintenance qui peuvent \u00eatre rapidement activ\u00e9s en quelques clics.<\/li>\n<li>Options pour ajouter du texte, des images et des vid\u00e9os personnalis\u00e9s \u00e0 la page de destination, ce qui donne aux utilisateurs un contr\u00f4le total sur la conception de leur page.<\/li>\n<li>Fonctionnalit\u00e9 avanc\u00e9e qui permet des formulaires d&rsquo;inscription des utilisateurs, des int\u00e9grations avec des plateformes de m\u00e9dias sociaux comme Facebook et Twitter, et la possibilit\u00e9 d&rsquo;ajouter Google Analytics ou d&rsquo;autres codes de suivi.<\/li>\n<li>Le RGPD et les fonctionnalit\u00e9s de conformit\u00e9 juridique qui aident les propri\u00e9taires de sites Web \u00e0 capturer le consentement des utilisateurs et \u00e0 g\u00e9rer la collecte de donn\u00e9es conform\u00e9ment aux r\u00e9glementations.<\/li>\n<li>Fonctionnalit\u00e9s d&rsquo;optimisation du r\u00e9f\u00e9rencement qui aident les utilisateurs \u00e0 lancer leur site Web sans compromettre les classements des moteurs de recherche.<\/li>\n<li>La conception sensible aux mobiles garantit que la page de destination se traduit bien sur plusieurs appareils.<\/li>\n<li>Une interface conviviale qui permet une personnalisation facile et une gestion du site, m\u00eame pour ceux qui peuvent avoir un savoir-faire technique limit\u00e9.<\/li>\n<\/ul>\n","protected":false},"excerpt":{"rendered":"<p>Pr\u00e9parez-vous \u00e0 \u00e9lever le look de votre site Web pendant les temps d&rsquo;arr\u00eat avec notre logiciel \u00e0 venir et le mode de maintenance Pro. Cet outil inestimable vous permet de cr\u00e9er une page \u00ab\u00e0 venir bient\u00f4t\u00bb magnifiquement con\u00e7ue ou \u00absous l&rsquo;entretien\u00bb en quelques minutes. La version Pro offre une vaste gamme d&rsquo;options de personnalisation, vous permettant de faire correspondre de mani\u00e8re transparente votre identit\u00e9 de marque. Maintenez l&rsquo;engagement et l&rsquo;excitation des clients avec un compte \u00e0 rebours, en informant votre public exactement lorsque votre site Web sera de retour en ligne. La fonctionnal Pro Mode de maintenance garantit que votre classement SEO n&rsquo;est pas affect\u00e9 pendant les temps d&rsquo;arr\u00eat. Une conception enti\u00e8rement r\u00e9active garantit que votre page est magnifique sur tous les appareils, en gardant vos clients potentiels inform\u00e9s et int\u00e9ress\u00e9s, quelle que soit la plate-forme qu&rsquo;ils utilisent.<\/p>\n","protected":false},"featured_media":143407,"comment_status":"open","ping_status":"open","template":"","meta":[],"product_brand":[2496],"product_cat":[1187,1181,1186],"product_tag":[1683],"class_list":{"0":"post-112235","1":"product","2":"type-product","3":"status-publish","4":"has-post-thumbnail","6":"product_brand-web-factory","7":"product_cat-administration-wordpress-plugins","8":"product_cat-plugins","9":"product_cat-wordpress-plugins","10":"product_tag-web-factory","11":"member-discount","12":"discount-restricted","14":"first","15":"instock","16":"sale","17":"downloadable","18":"virtual","19":"sold-individually","20":"purchasable","21":"product-type-simple"},"_links":{"self":[{"href":"https:\/\/gpl-love.com\/fr\/wp-json\/wp\/v2\/product\/112235","targetHints":{"allow":["GET"]}}],"collection":[{"href":"https:\/\/gpl-love.com\/fr\/wp-json\/wp\/v2\/product"}],"about":[{"href":"https:\/\/gpl-love.com\/fr\/wp-json\/wp\/v2\/types\/product"}],"replies":[{"embeddable":true,"href":"https:\/\/gpl-love.com\/fr\/wp-json\/wp\/v2\/comments?post=112235"}],"wp:featuredmedia":[{"embeddable":true,"href":"https:\/\/gpl-love.com\/fr\/wp-json\/wp\/v2\/media\/143407"}],"wp:attachment":[{"href":"https:\/\/gpl-love.com\/fr\/wp-json\/wp\/v2\/media?parent=112235"}],"wp:term":[{"taxonomy":"product_brand","embeddable":true,"href":"https:\/\/gpl-love.com\/fr\/wp-json\/wp\/v2\/product_brand?post=112235"},{"taxonomy":"product_cat","embeddable":true,"href":"https:\/\/gpl-love.com\/fr\/wp-json\/wp\/v2\/product_cat?post=112235"},{"taxonomy":"product_tag","embeddable":true,"href":"https:\/\/gpl-love.com\/fr\/wp-json\/wp\/v2\/product_tag?post=112235"}],"curies":[{"name":"wp","href":"https:\/\/api.w.org\/{rel}","templated":true}]}}