{"id":112233,"date":"2023-01-12T00:00:00","date_gmt":"2023-01-11T23:00:00","guid":{"rendered":"http:\/\/gpl-love.com\/fr\/produit\/super-logos-showcase-for-wordpress\/"},"modified":"2026-04-10T18:41:41","modified_gmt":"2026-04-10T16:41:41","slug":"super-logos-showcase-for-wordpress","status":"publish","type":"product","link":"https:\/\/gpl-love.com\/fr\/produit\/super-logos-showcase-for-wordpress\/","title":{"rendered":"Super Logos Showcase pour WordPress 2.7"},"content":{"rendered":"<h3>Super Logos Showcase pour WordPress Traits<\/h3>\n<p>Super Logos Showcase pour WordPress, un plugin incroyablement avanc\u00e9 et exceptionnellement convivial, offre aux propri\u00e9taires de sites Web remarquables de montrer leurs logos d&rsquo;une mani\u00e8re incroyablement \u00e9l\u00e9gante et ind\u00e9niablement professionnelle. Offrant une vaste gamme d&rsquo;options de personnalisation, ce plugin permet aux utilisateurs de faire afficher leurs logos dans un \u00e9ventail de mises en page et de conceptions qui compl\u00e8tent et s&rsquo;alignent parfaitement sur l&rsquo;esth\u00e9tique globale de leur site Web. De plus, Super Logos Showcase pour WordPress poss\u00e8de \u00e9galement une conception r\u00e9active, garantissant ainsi sans effort que ces logos sont parfaitement affich\u00e9s \u00e0 travers une multitude d&rsquo;appareils divers. Avec son processus d&rsquo;installation et d&rsquo;utilisation remarquablement simple, ce plugin est un choix sans \u00e9quivoque pour les novices et les experts. Que vous pr\u00e9sentiez les logos de vos clients ou que vous repr\u00e9sentez votre propre entreprise estim\u00e9e, il est ind\u00e9niable que la vitrine Super Logos pour WordPress constitue un outil impeccable pour \u00e9lever l&rsquo;attrait visuel de votre site Web et pr\u00e9senter votre marque de la mani\u00e8re la plus captivante et la plus s\u00e9duisante concevable.<\/p>\n<ul>\n<li>Affiche les logos dans une grille r\u00e9active ou une disposition du carrousel<\/li>\n<li>Option pour personnaliser l&rsquo;ordre des logos<\/li>\n<li>Plusieurs fa\u00e7ons de filtrer les logos, y compris par cat\u00e9gorie et balises<\/li>\n<li>Permet un t\u00e9l\u00e9chargement facile et une gestion des logos<\/li>\n<li>Offre des options CSS personnalis\u00e9es pour la personnalisation avanc\u00e9e<\/li>\n<li>Comprend des effets de survol et des options de liaison pour chaque logo<\/li>\n<li>Prend en charge divers types de fichiers d&rsquo;image, notamment PNG, JPEG et SVG<\/li>\n<li>Compatible avec tous les th\u00e8mes WordPress et l&rsquo;\u00e9diteur de Gutenberg<\/li>\n<li>Offre des options de raccourcis pour afficher des logos sur des pages ou des messages sp\u00e9cifiques<\/li>\n<li>Fournit un support client et des mises \u00e0 jour r\u00e9guli\u00e8res pour garantir des performances optimales.<\/li>\n<\/ul>\n","protected":false},"excerpt":{"rendered":"<p>Super Logos Showcase, un plugin WordPress incroyablement efficace et convivial, a \u00e9t\u00e9 con\u00e7u de mani\u00e8re complexe pour vous aider \u00e0 pr\u00e9senter des logos, des marques et diverses repr\u00e9sentations graphiques de mani\u00e8re exquise et visuellement envo\u00fbtante. B\u00e9n\u00e9ficiant d&rsquo;une gamme d&rsquo;options de mise en page personnalisables et d&rsquo;une multitude de fonctionnalit\u00e9s robustes, la vitrine Super Logos simplifie le processus de cr\u00e9ation d&rsquo;une vitrine de vos logos et marques qui d\u00e9gagent le professionnalisme, capturant l&rsquo;attention de votre public et \u00e9tablissant une pr\u00e9sence distincte au milieu de vos concurrents. Que vous poss\u00e9diez le titre d&rsquo;un pigiste ou que vous assumiez le r\u00f4le d&rsquo;un propri\u00e9taire d&rsquo;entreprise, Super Logos Showcase est l&rsquo;outil par excellence pour exposer votre travail et renforcer la pr\u00e9sence en ligne de votre marque.<\/p>\n","protected":false},"featured_media":145421,"comment_status":"open","ping_status":"open","template":"","meta":[],"product_brand":[2435],"product_cat":[1189,1181,1186],"product_tag":[1231],"class_list":{"0":"post-112233","1":"product","2":"type-product","3":"status-publish","4":"has-post-thumbnail","6":"product_brand-codecanyon","7":"product_cat-personnalisation","8":"product_cat-plugins","9":"product_cat-wordpress-plugins","10":"product_tag-codecanyon","11":"member-discount","12":"discount-restricted","14":"first","15":"instock","16":"sale","17":"downloadable","18":"virtual","19":"sold-individually","20":"purchasable","21":"product-type-simple"},"_links":{"self":[{"href":"https:\/\/gpl-love.com\/fr\/wp-json\/wp\/v2\/product\/112233","targetHints":{"allow":["GET"]}}],"collection":[{"href":"https:\/\/gpl-love.com\/fr\/wp-json\/wp\/v2\/product"}],"about":[{"href":"https:\/\/gpl-love.com\/fr\/wp-json\/wp\/v2\/types\/product"}],"replies":[{"embeddable":true,"href":"https:\/\/gpl-love.com\/fr\/wp-json\/wp\/v2\/comments?post=112233"}],"wp:featuredmedia":[{"embeddable":true,"href":"https:\/\/gpl-love.com\/fr\/wp-json\/wp\/v2\/media\/145421"}],"wp:attachment":[{"href":"https:\/\/gpl-love.com\/fr\/wp-json\/wp\/v2\/media?parent=112233"}],"wp:term":[{"taxonomy":"product_brand","embeddable":true,"href":"https:\/\/gpl-love.com\/fr\/wp-json\/wp\/v2\/product_brand?post=112233"},{"taxonomy":"product_cat","embeddable":true,"href":"https:\/\/gpl-love.com\/fr\/wp-json\/wp\/v2\/product_cat?post=112233"},{"taxonomy":"product_tag","embeddable":true,"href":"https:\/\/gpl-love.com\/fr\/wp-json\/wp\/v2\/product_tag?post=112233"}],"curies":[{"name":"wp","href":"https:\/\/api.w.org\/{rel}","templated":true}]}}