{"id":112225,"date":"2023-11-15T00:00:00","date_gmt":"2023-11-14T23:00:00","guid":{"rendered":"http:\/\/gpl-love.com\/fr\/produit\/quper-construction-and-architecture-wordpress-theme\/"},"modified":"2026-03-20T23:33:02","modified_gmt":"2026-03-20T22:33:02","slug":"quper-construction-and-architecture-wordpress-theme","status":"publish","type":"product","link":"https:\/\/gpl-love.com\/fr\/produit\/quper-construction-and-architecture-wordpress-theme\/","title":{"rendered":"Quper Construction et Architecture WordPress Theme 1.19"},"content":{"rendered":"<h3>Quper Construction et Architecture WordPress Theme Traits<\/h3>\n<p>Le th\u00e8me WordPress de construction et d&rsquo;architecture Quper, un th\u00e8me tr\u00e8s polyvalent et convivial sp\u00e9cifiquement adapt\u00e9 aux entreprises de construction et d&rsquo;architecture, pr\u00e9sente un niveau de sophistication et de fonctionnalit\u00e9 in\u00e9gal\u00e9. Il poss\u00e8de une conception de pointe et artisanale, orn\u00e9e d&rsquo;une gamme de dispositions personnalisables, d&rsquo;animations visuellement captivantes et de fonctionnalit\u00e9s de mani\u00e8re transparente, garantissant une exp\u00e9rience de vision impeccable sur tous les appareils. De plus, le Quper est \u00e9quip\u00e9 d&rsquo;une vaste collection de fonctionnalit\u00e9s inestimables, y compris, mais sans s&rsquo;y limiter, \u00e0 plusieurs pages pr\u00e9d\u00e9finies, un en-t\u00eate et un pied de page enti\u00e8rement personnalisables, un constructeur de page de glisser-d\u00e9poser d&rsquo;utilisateur, ainsi que des options de th\u00e8me robustes et dynamiques panneau. Cet ensemble complet d&rsquo;outils permet aux utilisateurs de concevoir et de d\u00e9velopper sans effort un site Web esth\u00e9tique et tr\u00e8s fonctionnel, le tout sans avoir besoin d&rsquo;une expertise de codage.<\/p>\n<p>De plus, le Quper est m\u00e9ticuleusement optimis\u00e9 pour les moteurs de recherche, garantissant que votre site Web atteint un classement plus \u00e9lev\u00e9 sur les pages de r\u00e9sultats des moteurs de recherche, augmentant ainsi consid\u00e9rablement sa visibilit\u00e9 et sa sensibilisation potentielle pour cibler le public. Avec ses capacit\u00e9s exceptionnelles, le th\u00e8me WordPress de la construction et de l&rsquo;architecture Quper vous permet de mani\u00e8re transparente de pr\u00e9senter efficacement votre portefeuille, de mettre en \u00e9vidence sans effort votre gamme de services et d&rsquo;\u00e9tablir sans effort une pr\u00e9sence en ligne forte et percutante pour votre marque estim\u00e9e.<\/p>\n<ul>\n<li>La conception r\u00e9active garantit que votre site Web a fi\u00e8re allure sur tous les appareils<\/li>\n<li>Sp\u00e9cialement con\u00e7u pour les entreprises des industries de la construction et de l&rsquo;architecture<\/li>\n<li>Esth\u00e9tique moderne et \u00e9l\u00e9gante pour une apparence \u00e0 jour<\/li>\n<li>Faire glisser et d\u00e9poser le constructeur de page pour une personnalisation facile<\/li>\n<li>Plusieurs mod\u00e8les de pages pr\u00e9-con\u00e7us au choix, y compris \u00e0 la maison, \u00e0 propos, les services, le portefeuille et le contact<\/li>\n<li>Fonctionnalit\u00e9 de portfolio int\u00e9gr\u00e9e pour pr\u00e9senter vos travaux pr\u00e9c\u00e9dents<\/li>\n<li>Int\u00e9gration facile avec des plugins populaires tels que WooCommerce et Formulaire de contact 7<\/li>\n<li>Documentation compl\u00e8te et soutien d\u00e9di\u00e9 pour vous aider \u00e0 tirer le meilleur parti de votre site Web<\/li>\n<li>Codage SEO-amical pour aider \u00e0 stimuler la visibilit\u00e9 de votre site Web dans les moteurs de recherche<\/li>\n<li>Hautement personnalisable, vous permettant de cr\u00e9er une pr\u00e9sence de marque en ligne unique pour votre entreprise<\/li>\n<\/ul>\n","protected":false},"excerpt":{"rendered":"<p>Le th\u00e8me WordPress de construction et d&rsquo;architecture Quper poss\u00e8de un design impeccablement \u00e9l\u00e9gant et contemporain, sur mesure pour r\u00e9pondre aux besoins et aux aspirations des cabinets de construction et d&rsquo;architecture. Distingu\u00e9 par sa mise en page remarquablement r\u00e9active, ce th\u00e8me s&rsquo;adapte sans effort \u00e0 un \u00e9ventail de tailles d&rsquo;\u00e9cran, accordant l&rsquo;accessibilit\u00e9 aux utilisateurs de tous les appareils sans aucun compromis. La page d&rsquo;accueil, soigneusement organis\u00e9e pour encapsuler l&rsquo;essence de l&rsquo;entreprise, est remplie de sections m\u00e9ticuleusement con\u00e7ues qui pr\u00e9sentent \u00e9l\u00e9gamment le portefeuille impressionnant de la soci\u00e9t\u00e9, une vaste gamme de services, une communaut\u00e9 tr\u00e8s unie de membres talentueux de l&rsquo;\u00e9quipe, ainsi qu&rsquo;une pl\u00e9thore de t\u00e9moignages sinc\u00e8res de clients satisfaits. De plus, le th\u00e8me est \u00e9quip\u00e9 d&rsquo;une myriade de fonctionnalit\u00e9s profond\u00e9ment personnalisables, allant des en-t\u00eates aux pieds de page, des dispositions de blogs et m\u00eame un formulaire de contact avec une conception complexe, tous parfaitement int\u00e9gr\u00e9s pour faciliter les connexions transparentes et significatives entre les entreprises et leur client\u00e8le estim\u00e9. En exploitant l&rsquo;attrait captivant de Quper, les entreprises peuvent captiver et impressionner sans effort les clients potentiels avec un m\u00e9lange in\u00e9gal\u00e9 d&rsquo;esth\u00e9tique visuellement \u00e9tonnante et un engagement in\u00e9gal\u00e9 envers les fonctionnalit\u00e9s centr\u00e9es sur l&rsquo;utilisateur.<\/p>\n","protected":false},"featured_media":145068,"comment_status":"open","ping_status":"open","template":"","meta":[],"product_brand":[2433],"product_cat":[1356,1212,1213],"product_tag":[1366],"class_list":{"0":"post-112225","1":"product","2":"type-product","3":"status-publish","4":"has-post-thumbnail","6":"product_brand-themeforest","7":"product_cat-immobilier","8":"product_cat-themes","9":"product_cat-wordpress-themes","10":"product_tag-themeforest","11":"member-discount","12":"discount-restricted","14":"first","15":"instock","16":"sale","17":"downloadable","18":"virtual","19":"sold-individually","20":"purchasable","21":"product-type-simple"},"_links":{"self":[{"href":"https:\/\/gpl-love.com\/fr\/wp-json\/wp\/v2\/product\/112225","targetHints":{"allow":["GET"]}}],"collection":[{"href":"https:\/\/gpl-love.com\/fr\/wp-json\/wp\/v2\/product"}],"about":[{"href":"https:\/\/gpl-love.com\/fr\/wp-json\/wp\/v2\/types\/product"}],"replies":[{"embeddable":true,"href":"https:\/\/gpl-love.com\/fr\/wp-json\/wp\/v2\/comments?post=112225"}],"wp:featuredmedia":[{"embeddable":true,"href":"https:\/\/gpl-love.com\/fr\/wp-json\/wp\/v2\/media\/145068"}],"wp:attachment":[{"href":"https:\/\/gpl-love.com\/fr\/wp-json\/wp\/v2\/media?parent=112225"}],"wp:term":[{"taxonomy":"product_brand","embeddable":true,"href":"https:\/\/gpl-love.com\/fr\/wp-json\/wp\/v2\/product_brand?post=112225"},{"taxonomy":"product_cat","embeddable":true,"href":"https:\/\/gpl-love.com\/fr\/wp-json\/wp\/v2\/product_cat?post=112225"},{"taxonomy":"product_tag","embeddable":true,"href":"https:\/\/gpl-love.com\/fr\/wp-json\/wp\/v2\/product_tag?post=112225"}],"curies":[{"name":"wp","href":"https:\/\/api.w.org\/{rel}","templated":true}]}}