{"id":112221,"date":"2023-12-18T00:00:00","date_gmt":"2023-12-17T23:00:00","guid":{"rendered":"http:\/\/gpl-love.com\/fr\/produit\/renovation-repair-service-home-maintenance-elementor-wp-theme\/"},"modified":"2026-03-20T23:49:03","modified_gmt":"2026-03-20T22:49:03","slug":"renovation-repair-service-home-maintenance-elementor-wp-theme","status":"publish","type":"product","link":"https:\/\/gpl-love.com\/fr\/produit\/renovation-repair-service-home-maintenance-elementor-wp-theme\/","title":{"rendered":"WordPress Chat Room Group Chat Plugin 1.0.7"},"content":{"rendered":"<h3>WordPress Chat Room Group Chat Plugin Traits<\/h3>\n<p>Le plugin de chat de groupe de salle de chat WordPress, un formidable outil, accorde aux propri\u00e9taires de sites Web la possibilit\u00e9 d&rsquo;incorporer une salle de discussion interactive dans leur site WordPress, favorisant ainsi une plate-forme pour que les utilisateurs puissent s&rsquo;engager dans une communication de groupe en temps r\u00e9el, cultivant finalement un dynamique et jamais dynamique -M\u00e9vil en ligne en \u00e9volution. B\u00e9n\u00e9ficiant d&rsquo;une interface conviviale et d&rsquo;une pl\u00e9thore de fonctionnalit\u00e9s personnalisables, l&rsquo;installation et l&rsquo;utilisation du plugin de chat de groupe de chat WordPress sont une entreprise transparente et sans effort. Les utilisateurs ont la libert\u00e9 de participer \u00e0 des conversations en groupe, de partager en toute s\u00e9curit\u00e9 des fichiers et de collaborer de mani\u00e8re transparente sur des projets dans les limites d&rsquo;une salle de chat. Par cons\u00e9quent, ce plugin appara\u00eet comme la solution par excellence pour les entreprises, les \u00e9tablissements d&rsquo;enseignement et les communaut\u00e9s en ligne cherchant \u00e0 enrichir la communication et \u00e0 stimuler l&rsquo;engagement sur leur site WordPress.<\/p>\n<ul>\n<li>Ajoutez facilement une salle de chat \u00e0 votre site WordPress<\/li>\n<li>Autoriser les chats de groupe entre les visiteurs du site<\/li>\n<li>Personnalisez l&rsquo;apparence et les fonctionnalit\u00e9s de votre salle de chat<\/li>\n<li>Contr\u00f4les de mod\u00e9ration pour g\u00e9rer l&rsquo;activit\u00e9 de chat<\/li>\n<li>Int\u00e9gration avec les comptes d&rsquo;utilisateurs WordPress pour une connexion facile<\/li>\n<li>Notifications pour les nouveaux messages et l&rsquo;activit\u00e9 de chat<\/li>\n<li>Conception r\u00e9active mobile pour une utilisation facile sur tous les appareils<\/li>\n<li>Compatible avec la derni\u00e8re version de WordPress<\/li>\n<li>Mises \u00e0 jour r\u00e9guli\u00e8res et assistance du d\u00e9veloppeur du plugin.<\/li>\n<\/ul>\n","protected":false},"excerpt":{"rendered":"<p>Le plugin de chat de groupe de salle de chat WordPress, qui peut \u00eatre install\u00e9 sans effort et est extr\u00eamement convivial, se pr\u00e9sente comme une solution remarquablement pratique pour l&rsquo;int\u00e9gration transparente d&rsquo;une salle de chat dans votre site WordPress. Ce plugin vous offre la capacit\u00e9 remarquable de g\u00e9n\u00e9rer et de superviser de nombreuses salons de discussion, d&rsquo;\u00e9tablir des mod\u00e9rateurs et des utilisateurs en fonction de vos pr\u00e9f\u00e9rences, et d&rsquo;adapter la conception et la fonctionnalit\u00e9 pour s&rsquo;aligner pr\u00e9cis\u00e9ment avec vos besoins. Que vous soyez op\u00e9rationnel d&rsquo;un blog, d&rsquo;un site Web d&rsquo;entreprise ou d&rsquo;une communaut\u00e9 en ligne, la mise en \u0153uvre de ce plugin sert ind\u00e9niablement comme une m\u00e9thode exceptionnelle pour augmenter l&rsquo;engagement et favoriser un discours significatif parmi vos visiteurs estim\u00e9s.<\/p>\n","protected":false},"featured_media":146104,"comment_status":"open","ping_status":"open","template":"","meta":[],"product_brand":[2435],"product_cat":[1189,1181,1186],"product_tag":[1231],"class_list":{"0":"post-112221","1":"product","2":"type-product","3":"status-publish","4":"has-post-thumbnail","6":"product_brand-codecanyon","7":"product_cat-personnalisation","8":"product_cat-plugins","9":"product_cat-wordpress-plugins","10":"product_tag-codecanyon","11":"member-discount","12":"discount-restricted","14":"first","15":"instock","16":"sale","17":"downloadable","18":"virtual","19":"sold-individually","20":"purchasable","21":"product-type-simple"},"_links":{"self":[{"href":"https:\/\/gpl-love.com\/fr\/wp-json\/wp\/v2\/product\/112221","targetHints":{"allow":["GET"]}}],"collection":[{"href":"https:\/\/gpl-love.com\/fr\/wp-json\/wp\/v2\/product"}],"about":[{"href":"https:\/\/gpl-love.com\/fr\/wp-json\/wp\/v2\/types\/product"}],"replies":[{"embeddable":true,"href":"https:\/\/gpl-love.com\/fr\/wp-json\/wp\/v2\/comments?post=112221"}],"wp:featuredmedia":[{"embeddable":true,"href":"https:\/\/gpl-love.com\/fr\/wp-json\/wp\/v2\/media\/146104"}],"wp:attachment":[{"href":"https:\/\/gpl-love.com\/fr\/wp-json\/wp\/v2\/media?parent=112221"}],"wp:term":[{"taxonomy":"product_brand","embeddable":true,"href":"https:\/\/gpl-love.com\/fr\/wp-json\/wp\/v2\/product_brand?post=112221"},{"taxonomy":"product_cat","embeddable":true,"href":"https:\/\/gpl-love.com\/fr\/wp-json\/wp\/v2\/product_cat?post=112221"},{"taxonomy":"product_tag","embeddable":true,"href":"https:\/\/gpl-love.com\/fr\/wp-json\/wp\/v2\/product_tag?post=112221"}],"curies":[{"name":"wp","href":"https:\/\/api.w.org\/{rel}","templated":true}]}}