{"id":112219,"date":"2026-01-04T00:00:00","date_gmt":"2026-01-03T23:00:00","guid":{"rendered":"http:\/\/gpl-love.com\/fr\/produit\/claue-clean-minimal-elementor-woocommerce-theme\/"},"modified":"2026-03-20T22:58:35","modified_gmt":"2026-03-20T21:58:35","slug":"claue-clean-minimal-elementor-woocommerce-theme","status":"publish","type":"product","link":"https:\/\/gpl-love.com\/fr\/produit\/claue-clean-minimal-elementor-woocommerce-theme\/","title":{"rendered":"Claue Clean Minimal Elementor WooCommerce Theme 2.2.8"},"content":{"rendered":"<h3>Claue Clean Minimal Elementor WooCommerce Theme Traits<\/h3>\n<p>Le th\u00e8me WooCommerce de Claut Clean Minimal Elementor est un th\u00e8me WordPress incroyablement innovant et plein de fonctionnalit\u00e9s qui a \u00e9t\u00e9 con\u00e7u de mani\u00e8re experte pour fournir aux entreprises en ligne une esth\u00e9tique exceptionnellement fra\u00eeche et moderne. Ce th\u00e8me est non seulement enti\u00e8rement r\u00e9actif, mais il est \u00e9galement enti\u00e8rement compatible avec la plate-forme WooCommerce largement utilis\u00e9e, ce qui en fait le choix id\u00e9al absolu pour les magasins en ligne qui cherchent \u00e0 am\u00e9liorer consid\u00e9rablement leurs ventes et leurs performances globales. Avec sa conception remarquablement propre et minimaliste, Claue permet sans effort \u00e0 vos produits exceptionnels de prendre sans effort le devant de la sc\u00e8ne, garantissant que vos clients bien-aim\u00e9s sont en mesure de se livrer \u00e0 une exp\u00e9rience de magasinage absolument exceptionnelle. Une caract\u00e9ristique particuli\u00e8rement remarquable de ce th\u00e8me remarquable est le constructeur de page Elementor extr\u00eamement puissant, qui vous permet de cr\u00e9er sans effort de cr\u00e9er des pages et des dispositions \u00e9poustouflantes sans jamais avoir \u00e0 vous soucier d&rsquo;\u00e9crire un code complexe. En outre, il est \u00e9galement important de mentionner que Claue a \u00e9t\u00e9 m\u00e9ticuleusement optimis\u00e9e pour l&rsquo;optimisation des moteurs de recherche (SEO), garantissant ainsi que votre site Web estim\u00e9 est en mesure de se classer de mani\u00e8re coh\u00e9rente sur tous les principaux moteurs de recherche. Si vous aspirez \u00e0 poss\u00e9der une boutique en ligne moderne et fonctionnelle extraordinaire qui vous distingue vraiment de la comp\u00e9tition, le th\u00e8me Claue Clean Minimal Elementor WooCommerce repr\u00e9sente sans aucun doute le choix par excellence pour vous.<\/p>\n<ul>\n<li>Conception propre et minimale<\/li>\n<li>Disposition enti\u00e8rement r\u00e9active<\/li>\n<li>Compatible avec Elementor Page Builder<\/li>\n<li>Int\u00e9gration WooCommerce pour les fonctionnalit\u00e9s de la boutique en ligne<\/li>\n<li>Conception de t\u00eate et de pied de page personnalisable<\/li>\n<li>Plusieurs pages et mod\u00e8les pr\u00e9-con\u00e7us<\/li>\n<li>Importation de d\u00e9monstration en un clic pour une configuration facile<\/li>\n<li>SEO optimis\u00e9 pour l&rsquo;augmentation du trafic et de la visibilit\u00e9<\/li>\n<li>Mises \u00e0 jour r\u00e9guli\u00e8res et support client d\u00e9di\u00e9<\/li>\n<li>Traduction pr\u00eate pour le public mondial.<\/li>\n<\/ul>\n","protected":false},"excerpt":{"rendered":"<p>D\u00e9couvrez l&rsquo;ultime dans la conception du site Web avec le th\u00e8me Claut Clean Minimal Elementor WooCommerce. Ce th\u00e8me est adapt\u00e9 \u00e0 la perfection, offrant aux utilisateurs une esth\u00e9tique propre et minimale qui se d\u00e9marque vraiment. Construit avec Elementor, un b\u00e2timent de page WordPress leader, vous pouvez facilement personnaliser votre site Web en fonction du style unique de votre marque. L&rsquo;int\u00e9gration WooCommerce simplifie le processus de cr\u00e9ation d&rsquo;une boutique en ligne, vous permettant de vendre facilement des produits. Avec son design \u00e9l\u00e9gant et ses fonctionnalit\u00e9s robustes, le th\u00e8me Claue Clean Minimal Elementor WooCommerce est id\u00e9al pour toute entreprise qui cherche \u00e0 \u00e9tablir une forte pr\u00e9sence en ligne. Profitez d&rsquo;une exp\u00e9rience utilisateur transparente, augmentant les performances du site Web et, finalement, am\u00e9lior\u00e9 la satisfaction du client. \u00c9levez votre plate-forme en ligne avec ce th\u00e8me de premier niveau.<\/p>\n","protected":false},"featured_media":143392,"comment_status":"open","ping_status":"open","template":"","meta":[],"product_brand":[2433],"product_cat":[1238,1851,1212],"product_tag":[1366],"class_list":{"0":"post-112219","1":"product","2":"type-product","3":"status-publish","4":"has-post-thumbnail","6":"product_brand-themeforest","7":"product_cat-commerce-electronique-themes","8":"product_cat-entreprise-commerce-electronique-themes","9":"product_cat-themes","10":"product_tag-themeforest","11":"member-discount","12":"discount-restricted","14":"first","15":"instock","16":"sale","17":"downloadable","18":"virtual","19":"sold-individually","20":"purchasable","21":"product-type-simple"},"_links":{"self":[{"href":"https:\/\/gpl-love.com\/fr\/wp-json\/wp\/v2\/product\/112219","targetHints":{"allow":["GET"]}}],"collection":[{"href":"https:\/\/gpl-love.com\/fr\/wp-json\/wp\/v2\/product"}],"about":[{"href":"https:\/\/gpl-love.com\/fr\/wp-json\/wp\/v2\/types\/product"}],"replies":[{"embeddable":true,"href":"https:\/\/gpl-love.com\/fr\/wp-json\/wp\/v2\/comments?post=112219"}],"wp:featuredmedia":[{"embeddable":true,"href":"https:\/\/gpl-love.com\/fr\/wp-json\/wp\/v2\/media\/143392"}],"wp:attachment":[{"href":"https:\/\/gpl-love.com\/fr\/wp-json\/wp\/v2\/media?parent=112219"}],"wp:term":[{"taxonomy":"product_brand","embeddable":true,"href":"https:\/\/gpl-love.com\/fr\/wp-json\/wp\/v2\/product_brand?post=112219"},{"taxonomy":"product_cat","embeddable":true,"href":"https:\/\/gpl-love.com\/fr\/wp-json\/wp\/v2\/product_cat?post=112219"},{"taxonomy":"product_tag","embeddable":true,"href":"https:\/\/gpl-love.com\/fr\/wp-json\/wp\/v2\/product_tag?post=112219"}],"curies":[{"name":"wp","href":"https:\/\/api.w.org\/{rel}","templated":true}]}}