{"id":112217,"date":"2022-06-11T00:00:00","date_gmt":"2022-06-10T22:00:00","guid":{"rendered":"http:\/\/gpl-love.com\/fr\/produit\/leadengine-multi-purpose-wordpress-theme\/"},"modified":"2026-03-20T23:21:52","modified_gmt":"2026-03-20T22:21:52","slug":"leadengine-multi-purpose-wordpress-theme","status":"publish","type":"product","link":"https:\/\/gpl-love.com\/fr\/produit\/leadengine-multi-purpose-wordpress-theme\/","title":{"rendered":"LeadEngine Multi-Purpose WordPress Theme 3.6"},"content":{"rendered":"<h3>LeadEngine Multi-Purpose WordPress Theme Traits<\/h3>\n<p>Le th\u00e8me WordPress polyvalent LeadEngine est un outil de cr\u00e9ation de sites Web incroyablement polyvalent et exceptionnellement puissant qui a \u00e9t\u00e9 m\u00e9ticuleusement con\u00e7u pour r\u00e9pondre aux divers besoins des entreprises s&rsquo;\u00e9tendant sur toutes les tailles et les secteurs de l&rsquo;industrie. Sa vaste gamme de mod\u00e8les enti\u00e8rement personnalisables et de dispositions pr\u00e9d\u00e9finies donne aux utilisateurs la capacit\u00e9 remarquable de fa\u00e7onner des sites Web impressionnants de qualit\u00e9 professionnelle d\u00e9pourvus de toute expertise de codage. Arborant une interface intuitive de glisser-d\u00e9poser astucieusement con\u00e7ue, LeadEngine offre aux utilisateurs la plus grande commodit\u00e9 pour augmenter et modifier sans effort le contenu, les images et les vid\u00e9os, tout en int\u00e9grant de mani\u00e8re transparente avec des plugins renomm\u00e9s tels que WooCommerce et le formulaire de contact 7. avec la r\u00e9activit\u00e9 mobile, garantissant ainsi que votre site Web d\u00e9gagera une allure visuellement captivante sur chaque appareil imaginable. Que vous soyez une startup ambitieuse qui s&rsquo;efforce de p\u00e9n\u00e9trer le march\u00e9 ou une entreprise \u00e9tablie qui s&rsquo;efforce de pr\u00e9server un avantage concurrentiel, LeadEngine poss\u00e8de sans \u00e9quivoque le potentiel latent pour faciliter la cr\u00e9ation d&rsquo;une pr\u00e9sence dynamique in\u00e9gal\u00e9e in\u00e9gal .<\/p>\n<ul>\n<li>Conception enti\u00e8rement r\u00e9active qui a fi\u00e8re allure sur tous les appareils<\/li>\n<li>Sept conceptions de page d&rsquo;accueil pr\u00e9d\u00e9finies pour une vari\u00e9t\u00e9 d&rsquo;industries<\/li>\n<li>Construit avec Elementor, ce qui facilite la personnalisation de votre site Web \u00e0 l&rsquo;aide d&rsquo;un \u00e9diteur visuel glisser-d\u00e9poser<\/li>\n<li>Un Importateur de d\u00e9mo cliquez sur la configuration de votre site Web rapidement et simple<\/li>\n<li>Livr\u00e9 avec plus de 200 mod\u00e8les et blocs pr\u00e9d\u00e9finis pour vous aider \u00e0 concevoir des pages rapidement<\/li>\n<li>Panneau d&rsquo;options de th\u00e8me puissant pour personnaliser tous les aspects de votre site Web<\/li>\n<li>S&rsquo;int\u00e8gre \u00e0 tous les principaux plugins de formulaire de contact, y compris les formulaires de gravit\u00e9 et le formulaire de contact 7<\/li>\n<li>Bouiltes avec le r\u00e9f\u00e9rencement \u00e0 l&rsquo;esprit, garantissant que votre site Web fonctionne bien dans les moteurs de recherche<\/li>\n<li>Prend en charge WooCommerce, ce qui facilite la configuration d&rsquo;une boutique en ligne<\/li>\n<li>Mises \u00e0 jour r\u00e9guli\u00e8res et soutien pour que votre site Web fonctionne bien.<\/li>\n<\/ul>\n","protected":false},"excerpt":{"rendered":"<p>Le th\u00e8me WordPress multi-usage LeadEngine offre une polyvalence remarquable et un niveau de puissance impressionnant, ce qui en fait un outil exceptionnel pour la cr\u00e9ation de sites Web visuellement frappants et tr\u00e8s fonctionnels. Son interface de glisser-d\u00e9poser, \u00e0 la fois intuitive et conviviale, permet un niveau de personnalisation in\u00e9gal\u00e9, vous accordant un contr\u00f4le total sur tous les aspects de votre site, que ce soit la mise en page, la conception, la fonctionnalit\u00e9 ou les fonctionnalit\u00e9s. Charg\u00e9 avec une vaste gamme de mod\u00e8les pr\u00e9-con\u00e7us et de contenu de d\u00e9monstration, LeadEngine simplifie le processus de cr\u00e9ation d&rsquo;un site Web de qualit\u00e9 professionnelle, vous permettant de le faire avec une vitesse et une efficacit\u00e9 remarquables. Que vous soyez un propri\u00e9taire d&rsquo;entreprise, un blogueur ou un professionnel cr\u00e9atif, LeadEngine poss\u00e8de tous les outils et ressources n\u00e9cessaires pour vous aider \u00e0 \u00e9tablir une pr\u00e9sence en ligne captivante et pleinement op\u00e9rationnelle. Alors, pourquoi en tarder davantage? Embarquez dans un voyage d&rsquo;exploration et d\u00e9couvrez la gamme de fonctionnalit\u00e9s impressionnantes que LeadEngine a \u00e0 offrir aujourd&rsquo;hui!<\/p>\n","protected":false},"featured_media":144335,"comment_status":"open","ping_status":"open","template":"","meta":[],"product_brand":[2433],"product_cat":[1214,1212,1213],"product_tag":[1366],"class_list":{"0":"post-112217","1":"product","2":"type-product","3":"status-publish","4":"has-post-thumbnail","6":"product_brand-themeforest","7":"product_cat-polyvalent","8":"product_cat-themes","9":"product_cat-wordpress-themes","10":"product_tag-themeforest","11":"member-discount","12":"discount-restricted","14":"first","15":"instock","16":"sale","17":"downloadable","18":"virtual","19":"sold-individually","20":"purchasable","21":"product-type-simple"},"_links":{"self":[{"href":"https:\/\/gpl-love.com\/fr\/wp-json\/wp\/v2\/product\/112217","targetHints":{"allow":["GET"]}}],"collection":[{"href":"https:\/\/gpl-love.com\/fr\/wp-json\/wp\/v2\/product"}],"about":[{"href":"https:\/\/gpl-love.com\/fr\/wp-json\/wp\/v2\/types\/product"}],"replies":[{"embeddable":true,"href":"https:\/\/gpl-love.com\/fr\/wp-json\/wp\/v2\/comments?post=112217"}],"wp:featuredmedia":[{"embeddable":true,"href":"https:\/\/gpl-love.com\/fr\/wp-json\/wp\/v2\/media\/144335"}],"wp:attachment":[{"href":"https:\/\/gpl-love.com\/fr\/wp-json\/wp\/v2\/media?parent=112217"}],"wp:term":[{"taxonomy":"product_brand","embeddable":true,"href":"https:\/\/gpl-love.com\/fr\/wp-json\/wp\/v2\/product_brand?post=112217"},{"taxonomy":"product_cat","embeddable":true,"href":"https:\/\/gpl-love.com\/fr\/wp-json\/wp\/v2\/product_cat?post=112217"},{"taxonomy":"product_tag","embeddable":true,"href":"https:\/\/gpl-love.com\/fr\/wp-json\/wp\/v2\/product_tag?post=112217"}],"curies":[{"name":"wp","href":"https:\/\/api.w.org\/{rel}","templated":true}]}}