{"id":112215,"date":"2023-11-15T00:00:00","date_gmt":"2023-11-14T23:00:00","guid":{"rendered":"http:\/\/gpl-love.com\/fr\/produit\/byron-construction-and-engineering-wordpress-theme\/"},"modified":"2026-03-20T22:57:49","modified_gmt":"2026-03-20T21:57:49","slug":"byron-construction-and-engineering-wordpress-theme","status":"publish","type":"product","link":"https:\/\/gpl-love.com\/fr\/produit\/byron-construction-and-engineering-wordpress-theme\/","title":{"rendered":"Byron Construction et Engineering WordPress Theme 1.18"},"content":{"rendered":"<h3>Byron Construction et Engineering WordPress Theme Traits<\/h3>\n<p>Le th\u00e8me WordPress de construction et d&rsquo;ing\u00e9nierie de Byron, qui a \u00e9t\u00e9 m\u00e9ticuleusement con\u00e7u pour les soci\u00e9t\u00e9s de construction et d&rsquo;ing\u00e9nierie, est un outil extr\u00eamement robuste et polyvalent. B\u00e9n\u00e9ficiant d&rsquo;un design \u00e9l\u00e9gant et contemporain, ce th\u00e8me offre une pl\u00e9thore de fonctionnalit\u00e9s qui permettent aux entreprises de pr\u00e9senter efficacement leurs services et projets d&rsquo;une mani\u00e8re \u00e0 la fois professionnelle et captivante. En outre, ce th\u00e8me est \u00e9quip\u00e9 d&rsquo;un \u00e9ventail de mod\u00e8les pr\u00e9-con\u00e7us, comprenant des pages de projet, des pages de service et une section de blog, facilitant ainsi la cr\u00e9ation sans effort d&rsquo;un site Web sur mesure qui s&rsquo;aligne sur vos exigences uniques. De plus, le th\u00e8me est enti\u00e8rement r\u00e9actif, garantissant ainsi que votre site Web maintient son attrait visuel sur tous les appareils. Que vous aspirez \u00e0 construire un site Web modeste ou un portefeuille en ligne complexe, le th\u00e8me Byron Construction and Engineering WordPress est indubitablement un choix exceptionnel pour tout \u00e9tablissement op\u00e9rant dans les domaines de la construction ou de l&rsquo;ing\u00e9nierie.<\/p>\n<ul>\n<li>Un th\u00e8me WordPress con\u00e7u sp\u00e9cifiquement pour les soci\u00e9t\u00e9s de construction et d&rsquo;ing\u00e9nierie.<\/li>\n<li>Conception enti\u00e8rement r\u00e9active optimis\u00e9e pour les \u00e9crans mobiles et de bureau.<\/li>\n<li>Disposages et sch\u00e9mas de couleurs personnalisables pour correspondre \u00e0 votre marque.<\/li>\n<li>Page de page de glisser-d\u00e9poser facile \u00e0 utiliser pour une personnalisation facile.<\/li>\n<li>Panneau d&rsquo;options de th\u00e8me avanc\u00e9 pour plus de contr\u00f4le granulaire sur les \u00e9l\u00e9ments de conception.<\/li>\n<li>Mod\u00e8les pr\u00e9d\u00e9finis pour divers types de pages (maison, APOT, services, portefeuille, blog et contact).<\/li>\n<li>Int\u00e9gration avec des plugins populaires tels que Yoast SEO et WooCommerce.<\/li>\n<li>Fonctionnalit\u00e9s int\u00e9gr\u00e9es pour pr\u00e9senter les membres, les projets et les t\u00e9moignages de votre \u00e9quipe.<\/li>\n<li>\u00c9quipe de soutien amicale disponible pour aider \u00e0 toute question ou probl\u00e8me.<\/li>\n<li>Mises \u00e0 jour et am\u00e9liorations r\u00e9guli\u00e8res pour assurer la compatibilit\u00e9 avec la derni\u00e8re version WordPress et les normes de s\u00e9curit\u00e9.<\/li>\n<\/ul>\n","protected":false},"excerpt":{"rendered":"<p>D\u00e9couvrez le m\u00e9lange parfait de conception et de fonctionnalit\u00e9s avec le th\u00e8me WordPress de construction et d&rsquo;ing\u00e9nierie de Byron. Ce th\u00e8me est sp\u00e9cifiquement adapt\u00e9 aux entreprises de construction, d&rsquo;ing\u00e9nierie et d&rsquo;architecture, offrant une pr\u00e9sence en ligne professionnelle et sophistiqu\u00e9e. Avec ses options de personnalisation faciles, vous pouvez cr\u00e9er un site Web unique et personnalis\u00e9 qui pr\u00e9sente le mieux vos projets et services. Sa conception r\u00e9active garantit que votre site a fi\u00e8re allure sur tous les appareils, des ordinateurs de bureau aux t\u00e9l\u00e9phones mobiles. Le th\u00e8me comprend une s\u00e9lection de pages et d&rsquo;\u00e9l\u00e9ments pr\u00e9fabriqu\u00e9s, vous pouvez donc facilement cr\u00e9er un site Web complet qui convient \u00e0 votre entreprise. Le th\u00e8me WordPress de construction et d&rsquo;ing\u00e9nierie de Byron comprend \u00e9galement un syst\u00e8me de support client robuste et fiable, en vous assurant d&rsquo;assistance chaque fois que vous en avez besoin. Boostez la cr\u00e9dibilit\u00e9 de votre entreprise et atteignez ce th\u00e8me WordPress unique en son genre.<\/p>\n","protected":false},"featured_media":143343,"comment_status":"open","ping_status":"open","template":"","meta":[],"product_brand":[2433],"product_cat":[1356,1212,1213],"product_tag":[1366],"class_list":{"0":"post-112215","1":"product","2":"type-product","3":"status-publish","4":"has-post-thumbnail","6":"product_brand-themeforest","7":"product_cat-immobilier","8":"product_cat-themes","9":"product_cat-wordpress-themes","10":"product_tag-themeforest","11":"member-discount","12":"discount-restricted","14":"first","15":"instock","16":"sale","17":"downloadable","18":"virtual","19":"sold-individually","20":"purchasable","21":"product-type-simple"},"_links":{"self":[{"href":"https:\/\/gpl-love.com\/fr\/wp-json\/wp\/v2\/product\/112215","targetHints":{"allow":["GET"]}}],"collection":[{"href":"https:\/\/gpl-love.com\/fr\/wp-json\/wp\/v2\/product"}],"about":[{"href":"https:\/\/gpl-love.com\/fr\/wp-json\/wp\/v2\/types\/product"}],"replies":[{"embeddable":true,"href":"https:\/\/gpl-love.com\/fr\/wp-json\/wp\/v2\/comments?post=112215"}],"wp:featuredmedia":[{"embeddable":true,"href":"https:\/\/gpl-love.com\/fr\/wp-json\/wp\/v2\/media\/143343"}],"wp:attachment":[{"href":"https:\/\/gpl-love.com\/fr\/wp-json\/wp\/v2\/media?parent=112215"}],"wp:term":[{"taxonomy":"product_brand","embeddable":true,"href":"https:\/\/gpl-love.com\/fr\/wp-json\/wp\/v2\/product_brand?post=112215"},{"taxonomy":"product_cat","embeddable":true,"href":"https:\/\/gpl-love.com\/fr\/wp-json\/wp\/v2\/product_cat?post=112215"},{"taxonomy":"product_tag","embeddable":true,"href":"https:\/\/gpl-love.com\/fr\/wp-json\/wp\/v2\/product_tag?post=112215"}],"curies":[{"name":"wp","href":"https:\/\/api.w.org\/{rel}","templated":true}]}}