{"id":112213,"date":"2026-01-12T00:00:00","date_gmt":"2026-01-11T23:00:00","guid":{"rendered":"http:\/\/gpl-love.com\/fr\/produit\/pdf-viewer-for-wordpress\/"},"modified":"2026-04-10T18:36:14","modified_gmt":"2026-04-10T16:36:14","slug":"pdf-viewer-for-wordpress","status":"publish","type":"product","link":"https:\/\/gpl-love.com\/fr\/produit\/pdf-viewer-for-wordpress\/","title":{"rendered":"PDF viewer pour WordPress 12.5.5"},"content":{"rendered":"<h3>PDF viewer pour WordPress Traits<\/h3>\n<p>La visionneuse PDF de WordPress, un formidable outil, a \u00e9t\u00e9 con\u00e7ue de mani\u00e8re complexe pour \u00e9lever l&rsquo;exp\u00e9rience utilisateur globale en facilitant de mani\u00e8re transparente la visualisation des PDF sur un site Web WordPress. Rendu sans effort utilisable, cet outil permet aux utilisateurs d&rsquo;int\u00e9grer de mani\u00e8re transparente les PDF directement dans l&rsquo;interface de leur site Web. B\u00e9n\u00e9ficiant d&rsquo;une interface conviviale, les individus peuvent naviguer sans effort dans les PDF, zoomant et sortant sans effort pour atteindre une compr\u00e9hension claire et concise des documents \u00e0 accomplir. Notamment polyvalent, cette visionneuse permet une personnalisation approfondie, permettant ainsi aux utilisateurs de modifier et de manipuler les peaux, les couleurs et les boutons pour s&rsquo;aligner parfaitement avec la marque unique de leur site Web. De plus, cet outil sophistiqu\u00e9 est \u00e9quip\u00e9 d&rsquo;une gamme de fonctionnalit\u00e9s qui permettent aux utilisateurs sans effort de t\u00e9l\u00e9charger, d&rsquo;imprimer et de partager des PDF. La visionneuse PDF de WordPress, sans aucun doute, sert un atout inestimable pour tout site Web qui n\u00e9cessite la fonctionnalit\u00e9 transparente de la visualisation des documents PDF.<\/p>\n<ul>\n<li>Permet aux utilisateurs de visualiser les fichiers PDF directement sur les sites Web WordPress<\/li>\n<li>Interface simple et facile \u00e0 utiliser<\/li>\n<li>Livr\u00e9 avec des fonctionnalit\u00e9s de recherche int\u00e9gr\u00e9es pour une navigation de document rapide et facile<\/li>\n<li>La conception r\u00e9active garantit une exp\u00e9rience de visualisation optimale sur tous les appareils<\/li>\n<li>Prend en charge plusieurs types de fichiers, y compris PDF, PNG, JPEG et BMP<\/li>\n<li>Option pour personnaliser l&rsquo;interface utilisateur et la marque pour un look et une sensation professionnelles<\/li>\n<li>Compatibilit\u00e9 avec l&rsquo;\u00e9diteur de blocs WordPress et l&rsquo;\u00e9diteur de Gutenberg<\/li>\n<li>Aucune comp\u00e9tence de codage requise pour l&rsquo;installation et l&rsquo;utilisation<\/li>\n<li>Fiable et s\u00e9curis\u00e9 avec des mises \u00e0 jour et un soutien r\u00e9guliers du d\u00e9veloppeur<\/li>\n<li>Options de prix abordables et flexibles pour tous les types d&rsquo;utilisateurs.<\/li>\n<\/ul>\n","protected":false},"excerpt":{"rendered":"<p>Nous sommes ravis de pr\u00e9senter notre visionneuse PDF de pointe con\u00e7ue sp\u00e9cifiquement pour WordPress, offrant une solution transparente et sans tracas pour afficher des fichiers PDF sur votre site Web. Avec son interface intuitive et ses fonctionnalit\u00e9s conviviales, ce plugin s&rsquo;adresse \u00e0 tous les niveaux d&rsquo;utilisateurs, vous permettant de t\u00e9l\u00e9charger et de pr\u00e9senter sans effort les documents PDF en quelques clics simples. En int\u00e9grant cet outil puissant dans votre site Web, vous pouvez offrir \u00e0 vos visiteurs une exp\u00e9rience de visualisation transparente, \u00e9liminant le besoin pour eux de naviguer loin de votre page ou de s&rsquo;appuyer sur des logiciels externes. Que vous soyez propri\u00e9taire d&rsquo;entreprise, \u00e9ducateur ou simplement quelqu&rsquo;un qui valorise les documents professionnels et polis, notre visionneuse PDF pour WordPress est le choix ultime. Ne manquez pas l&rsquo;opportunit\u00e9 de d\u00e9bloquer la commodit\u00e9 et la fonctionnalit\u00e9 de ce plugin extraordinaire &#8211; essayez-le aujourd&rsquo;hui!<\/p>\n","protected":false},"featured_media":144939,"comment_status":"open","ping_status":"open","template":"","meta":[],"product_brand":[2435],"product_cat":[1189,1181,1186],"product_tag":[1231],"class_list":{"0":"post-112213","1":"product","2":"type-product","3":"status-publish","4":"has-post-thumbnail","6":"product_brand-codecanyon","7":"product_cat-personnalisation","8":"product_cat-plugins","9":"product_cat-wordpress-plugins","10":"product_tag-codecanyon","11":"member-discount","12":"discount-restricted","14":"first","15":"instock","16":"sale","17":"downloadable","18":"virtual","19":"sold-individually","20":"purchasable","21":"product-type-simple"},"_links":{"self":[{"href":"https:\/\/gpl-love.com\/fr\/wp-json\/wp\/v2\/product\/112213","targetHints":{"allow":["GET"]}}],"collection":[{"href":"https:\/\/gpl-love.com\/fr\/wp-json\/wp\/v2\/product"}],"about":[{"href":"https:\/\/gpl-love.com\/fr\/wp-json\/wp\/v2\/types\/product"}],"replies":[{"embeddable":true,"href":"https:\/\/gpl-love.com\/fr\/wp-json\/wp\/v2\/comments?post=112213"}],"wp:featuredmedia":[{"embeddable":true,"href":"https:\/\/gpl-love.com\/fr\/wp-json\/wp\/v2\/media\/144939"}],"wp:attachment":[{"href":"https:\/\/gpl-love.com\/fr\/wp-json\/wp\/v2\/media?parent=112213"}],"wp:term":[{"taxonomy":"product_brand","embeddable":true,"href":"https:\/\/gpl-love.com\/fr\/wp-json\/wp\/v2\/product_brand?post=112213"},{"taxonomy":"product_cat","embeddable":true,"href":"https:\/\/gpl-love.com\/fr\/wp-json\/wp\/v2\/product_cat?post=112213"},{"taxonomy":"product_tag","embeddable":true,"href":"https:\/\/gpl-love.com\/fr\/wp-json\/wp\/v2\/product_tag?post=112213"}],"curies":[{"name":"wp","href":"https:\/\/api.w.org\/{rel}","templated":true}]}}