{"id":112209,"date":"2025-08-07T00:00:00","date_gmt":"2025-08-06T22:00:00","guid":{"rendered":"http:\/\/gpl-love.com\/fr\/produit\/jacqueline-spa-and-massage-salon-beauty-wordpress-theme-and-elementor\/"},"modified":"2026-03-20T23:20:40","modified_gmt":"2026-03-20T22:20:40","slug":"jacqueline-spa-and-massage-salon-beauty-wordpress-theme-and-elementor","status":"publish","type":"product","link":"https:\/\/gpl-love.com\/fr\/produit\/jacqueline-spa-and-massage-salon-beauty-wordpress-theme-and-elementor\/","title":{"rendered":"Jacqueline Spa et Massage Salon Beauty WordPress Th\u00e8me et Elementor 2.18.0"},"content":{"rendered":"<h3>Jacqueline Spa et Massage Salon Beauty WordPress Th\u00e8me et Elementor Traits<\/h3>\n<p>Le th\u00e8me WordPress et Elementor de Jacqueline Spa et Massage Salon WordPress poss\u00e8dent un produit in\u00e9gal\u00e9 qui vise \u00e0 fournir des services de salon de beaut\u00e9 in\u00e9gal\u00e9s \u00e0 sa client\u00e8le estim\u00e9e. Ce th\u00e8me est \u00e9quip\u00e9 d&rsquo;une interface conviviale et de fonctionnalit\u00e9s avanc\u00e9es, permettant une personnalisation et une optimisation sans effort du site Web. Propuls\u00e9 par le c\u00e9l\u00e8bre Elementor, un plugin de g\u00e9n\u00e9rateur de pages tr\u00e8s recherch\u00e9, ce th\u00e8me permet la cr\u00e9ation de pages Web visuellement attrayantes sans la n\u00e9cessit\u00e9 d&rsquo;une expertise de codage. De plus, l&rsquo;inclusion de d\u00e9mos captivantes pr\u00e9-con\u00e7ues facilite le d\u00e9but rapide du d\u00e9veloppement du site Web, tout en accordant simultan\u00e9ment une flexibilit\u00e9 ample pour les modifications sur mesure pour s&rsquo;aligner sur les exigences uniques de votre entreprise. En effet, le th\u00e8me WordPress et Elementor de Jacqueline Spa and Massage Salon Beauty WordPress est un choix exemplaire pour les entreprises de spa de beaut\u00e9, leur permettant de pr\u00e9senter efficacement leurs services et de captiver avec succ\u00e8s une client\u00e8le plus grande.<\/p>\n<ul>\n<li>Un th\u00e8me WordPress visuellement magnifique et r\u00e9actif con\u00e7u sp\u00e9cifiquement pour les entreprises de salon de spa et de massage.<\/li>\n<li>Construit avec Elementor, un constructeur de pages populaire et intuitif, qui permet une personnalisation facile de la conception et du contenu du site Web.<\/li>\n<li>Comprend une vari\u00e9t\u00e9 de mod\u00e8les pr\u00e9-con\u00e7us et d&rsquo;options de mise en page, ce qui facilite la cr\u00e9ation d&rsquo;un site Web professionnel et moderne rapidement.<\/li>\n<li>Comprend un syst\u00e8me de r\u00e9servation de rendez-vous int\u00e9gr\u00e9, permettant aux clients de planifier leurs rendez-vous sur le spa et le massage directement via le site Web.<\/li>\n<li>Comprend un panneau d&rsquo;administration puissant et convivial, ce qui facilite la gestion et la mise \u00e0 jour du contenu, des r\u00e9servations et d&rsquo;autres fonctionnalit\u00e9s du site Web.<\/li>\n<li>Optimis\u00e9 pour les moteurs de recherche, garantir que votre site Web se classe bien dans les r\u00e9sultats des moteurs de recherche et attire plus de clients potentiels.<\/li>\n<li>Compatible avec tous les navigateurs et appareils modernes, ce qui le rend accessible \u00e0 un large \u00e9ventail d&rsquo;utilisateurs.<\/li>\n<li>Comprend une gamme d&rsquo;autres fonctionnalit\u00e9s utiles, telles que l&rsquo;int\u00e9gration des m\u00e9dias sociaux, des widgets personnalisables, etc., vous donnant tout ce dont vous avez besoin pour cr\u00e9er une pr\u00e9sence en ligne r\u00e9ussie pour votre entreprise de salon de spa et de massage.<\/li>\n<\/ul>\n","protected":false},"excerpt":{"rendered":"<p>Le th\u00e8me et \u00e9l\u00e9mentor de Jacqueline Spa et Massage Salon de beaut\u00e9 est une solution exceptionnelle id\u00e9ale pour les salons de beaut\u00e9 ou les spas visant \u00e0 construire un site Web exquis et sophistiqu\u00e9. Arm\u00e9 d&rsquo;un assortiment de mod\u00e8les pr\u00e9-con\u00e7us et d&rsquo;une interface de glisser-d\u00e9poser intuitivement navigable, le processus de fabrication d&rsquo;un site Web visuellement \u00e9tonnant a \u00e9t\u00e9 rendu remarquablement sans effort. De plus, ce th\u00e8me comprend une multitude de fonctionnalit\u00e9s sp\u00e9cialement adapt\u00e9es pour r\u00e9pondre aux besoins des \u00e9tablissements de beaut\u00e9 et de spa, y compris un syst\u00e8me de r\u00e9servation et des listes de services. En utilisant le th\u00e8me et Elementor de Jacqueline Spa et Massage Salon Beauty WordPress, vous pouvez am\u00e9liorer efficacement votre pr\u00e9sence en ligne et s\u00e9duire une client\u00e8le plus grande.<\/p>\n","protected":false},"featured_media":144254,"comment_status":"open","ping_status":"open","template":"","meta":[],"product_brand":[2433],"product_cat":[1516,1212,1213],"product_tag":[1366],"class_list":{"0":"post-112209","1":"product","2":"type-product","3":"status-publish","4":"has-post-thumbnail","6":"product_brand-themeforest","7":"product_cat-entreprise","8":"product_cat-themes","9":"product_cat-wordpress-themes","10":"product_tag-themeforest","11":"member-discount","12":"discount-restricted","14":"first","15":"instock","16":"sale","17":"downloadable","18":"virtual","19":"sold-individually","20":"purchasable","21":"product-type-simple"},"_links":{"self":[{"href":"https:\/\/gpl-love.com\/fr\/wp-json\/wp\/v2\/product\/112209","targetHints":{"allow":["GET"]}}],"collection":[{"href":"https:\/\/gpl-love.com\/fr\/wp-json\/wp\/v2\/product"}],"about":[{"href":"https:\/\/gpl-love.com\/fr\/wp-json\/wp\/v2\/types\/product"}],"replies":[{"embeddable":true,"href":"https:\/\/gpl-love.com\/fr\/wp-json\/wp\/v2\/comments?post=112209"}],"wp:featuredmedia":[{"embeddable":true,"href":"https:\/\/gpl-love.com\/fr\/wp-json\/wp\/v2\/media\/144254"}],"wp:attachment":[{"href":"https:\/\/gpl-love.com\/fr\/wp-json\/wp\/v2\/media?parent=112209"}],"wp:term":[{"taxonomy":"product_brand","embeddable":true,"href":"https:\/\/gpl-love.com\/fr\/wp-json\/wp\/v2\/product_brand?post=112209"},{"taxonomy":"product_cat","embeddable":true,"href":"https:\/\/gpl-love.com\/fr\/wp-json\/wp\/v2\/product_cat?post=112209"},{"taxonomy":"product_tag","embeddable":true,"href":"https:\/\/gpl-love.com\/fr\/wp-json\/wp\/v2\/product_tag?post=112209"}],"curies":[{"name":"wp","href":"https:\/\/api.w.org\/{rel}","templated":true}]}}