{"id":112207,"date":"2026-03-02T00:00:00","date_gmt":"2026-03-01T23:00:00","guid":{"rendered":"http:\/\/gpl-love.com\/fr\/produit\/homeo-real-estate-wordpress-theme\/"},"modified":"2026-03-20T23:19:35","modified_gmt":"2026-03-20T22:19:35","slug":"homeo-real-estate-wordpress-theme","status":"publish","type":"product","link":"https:\/\/gpl-love.com\/fr\/produit\/homeo-real-estate-wordpress-theme\/","title":{"rendered":"Homeo Real Estate WordPress Theme 1.2.60"},"content":{"rendered":"<h3>Homeo Real Estate WordPress Theme Traits<\/h3>\n<p>Le th\u00e8me WordPress immobilier Homeo se pr\u00e9sente comme une solution sans \u00e9quivoque puissante et fabriqu\u00e9e sur mesure, sp\u00e9cifiquement con\u00e7ue pour les besoins exigeants des agents et agences immobiliers. Sa conception est caract\u00e9ris\u00e9e par un sentiment d&rsquo;intuitivit\u00e9 inn\u00e9, tandis que son interface conviviale assure une exp\u00e9rience transparente et sans tracas. En int\u00e9grant de mani\u00e8re transparente la capacit\u00e9 de pr\u00e9senter des propri\u00e9t\u00e9s, de cr\u00e9er des listes et de g\u00e9rer efficacement les prospects, ce th\u00e8me permet aux professionnels de l&rsquo;immobilier pour naviguer sans effort dans le domaine complexe des transactions immobili\u00e8res. Que votre objectif soit d&rsquo;\u00e9tablir une pr\u00e9sence en ligne captivante et professionnelle ou d&rsquo;optimiser votre site Web existant, Homeo propose une vaste gamme de fonctionnalit\u00e9s et de fonctionnalit\u00e9s, pr\u00eate \u00e0 faciliter votre r\u00e9alisation triomphante. De la capacit\u00e9 de personnaliser les mises en page et les sch\u00e9mas de couleurs \u00e0 la fourniture d&rsquo;options de recherche avanc\u00e9es et \u00e0 l&rsquo;int\u00e9gration de Google Maps, ce th\u00e8me a \u00e9t\u00e9 m\u00e9ticuleusement con\u00e7u pour r\u00e9pondre \u00e0 toutes les exigences imaginables de l&rsquo;industrie immobili\u00e8re astucieuse et priv\u00e9e de temps. En tant que tel, si vous recherchez actuellement une avenue fiable et tr\u00e8s efficace pour pr\u00e9senter vos propri\u00e9t\u00e9s illustres et propulser votre entreprise \u00e0 des hauteurs sans pr\u00e9c\u00e9dent, le th\u00e8me Homeo Real Estate WordPress est la solution par excellence, pr\u00eate \u00e0 satisfaire chacune de vos aspirations.<\/p>\n<ul>\n<li>Fonctionnalit\u00e9 de recherche avanc\u00e9e permettant aux utilisateurs de trouver facilement des propri\u00e9t\u00e9s qui correspondent \u00e0 leurs crit\u00e8res sp\u00e9cifiques<\/li>\n<li>Options de disposition multiples pour les listes de propri\u00e9t\u00e9s et une conception de page d&rsquo;accueil personnalisable<\/li>\n<li>Conception r\u00e9active qui a fi\u00e8re allure sur n&rsquo;importe quel appareil, en veillant \u00e0 ce que votre site Web soit accessible \u00e0 tous les utilisateurs<\/li>\n<li>Prise en charge d&rsquo;un large \u00e9ventail de plugins WordPress populaires, y compris le formulaire de contact 7, les formulaires de gravit\u00e9 et le WPML<\/li>\n<li>Int\u00e9gration avec Google Maps, ce qui permet aux visiteurs de localiser facilement les propri\u00e9t\u00e9s qui les int\u00e9ressent<\/li>\n<li>Int\u00e9gration int\u00e9gr\u00e9e avec des plateformes immobili\u00e8res populaires comme Zillow, Trulia et Realtor.com pour extraire des donn\u00e9es de plusieurs sources<\/li>\n<li>Code de r\u00e9f\u00e9rencement assurant que votre site Web sera facilement d\u00e9couverte par les moteurs de recherche et les clients potentiels<\/li>\n<li>Un puissant panneau d&rsquo;administration qui vous permet de g\u00e9rer facilement le contenu de votre site, y compris des pages, des publications et des annonces<\/li>\n<li>Une gamme d&rsquo;options de personnalisation qui vous permettent d&rsquo;adapter l&rsquo;apparence de votre site \u00e0 votre marque et \u00e0 votre go\u00fbt<\/li>\n<li>Prix \u200b\u200bsimple et simple sans frais cach\u00e9s ni cochets ascendants.<\/li>\n<\/ul>\n","protected":false},"excerpt":{"rendered":"<p>Nous sommes heureux de pr\u00e9senter le th\u00e8me WordPress immobilier hom\u00e9o, un choix id\u00e9al pour les personnes op\u00e9rant dans le secteur immobilier qui souhaitent \u00e9tablir une pr\u00e9sence en ligne sophistiqu\u00e9e. Ce th\u00e8me propose une gamme de dispositions pr\u00e9-con\u00e7ues, de fonctionnalit\u00e9s de recherche robustes et de fonctionnalit\u00e9s personnalisables adapt\u00e9es \u00e0 l&rsquo;esth\u00e9tique distincte de votre marque. En mettant l&rsquo;accent sur la convivialit\u00e9 et la r\u00e9activit\u00e9, HOMEO facilite la navigation transparente pour votre client\u00e8le, ce qui lui permet de localiser sans effort les propri\u00e9t\u00e9s souhait\u00e9es. En outre, Homeo s&rsquo;int\u00e8gre de mani\u00e8re transparente aux plugins immobiliers renomm\u00e9s, rationalisant la gestion des propri\u00e9t\u00e9s, des agents et des demandes. Embrassez Homeo sans d\u00e9lai et propulsez votre entreprise immobili\u00e8re \u00e0 des hauteurs sans pr\u00e9c\u00e9dent.<\/p>\n","protected":false},"featured_media":144182,"comment_status":"open","ping_status":"open","template":"","meta":[],"product_brand":[2433],"product_cat":[1356,1212,1213],"product_tag":[1366],"class_list":{"0":"post-112207","1":"product","2":"type-product","3":"status-publish","4":"has-post-thumbnail","6":"product_brand-themeforest","7":"product_cat-immobilier","8":"product_cat-themes","9":"product_cat-wordpress-themes","10":"product_tag-themeforest","11":"member-discount","12":"discount-restricted","14":"first","15":"instock","16":"sale","17":"downloadable","18":"virtual","19":"sold-individually","20":"purchasable","21":"product-type-simple"},"_links":{"self":[{"href":"https:\/\/gpl-love.com\/fr\/wp-json\/wp\/v2\/product\/112207","targetHints":{"allow":["GET"]}}],"collection":[{"href":"https:\/\/gpl-love.com\/fr\/wp-json\/wp\/v2\/product"}],"about":[{"href":"https:\/\/gpl-love.com\/fr\/wp-json\/wp\/v2\/types\/product"}],"replies":[{"embeddable":true,"href":"https:\/\/gpl-love.com\/fr\/wp-json\/wp\/v2\/comments?post=112207"}],"wp:featuredmedia":[{"embeddable":true,"href":"https:\/\/gpl-love.com\/fr\/wp-json\/wp\/v2\/media\/144182"}],"wp:attachment":[{"href":"https:\/\/gpl-love.com\/fr\/wp-json\/wp\/v2\/media?parent=112207"}],"wp:term":[{"taxonomy":"product_brand","embeddable":true,"href":"https:\/\/gpl-love.com\/fr\/wp-json\/wp\/v2\/product_brand?post=112207"},{"taxonomy":"product_cat","embeddable":true,"href":"https:\/\/gpl-love.com\/fr\/wp-json\/wp\/v2\/product_cat?post=112207"},{"taxonomy":"product_tag","embeddable":true,"href":"https:\/\/gpl-love.com\/fr\/wp-json\/wp\/v2\/product_tag?post=112207"}],"curies":[{"name":"wp","href":"https:\/\/api.w.org\/{rel}","templated":true}]}}