{"id":112201,"date":"2025-10-23T00:00:00","date_gmt":"2025-10-22T22:00:00","guid":{"rendered":"http:\/\/gpl-love.com\/fr\/produit\/em4u-events-wordpress-theme-for-booking-tickets\/"},"modified":"2026-03-20T23:03:50","modified_gmt":"2026-03-20T22:03:50","slug":"em4u-events-wordpress-theme-for-booking-tickets","status":"publish","type":"product","link":"https:\/\/gpl-love.com\/fr\/produit\/em4u-events-wordpress-theme-for-booking-tickets\/","title":{"rendered":"EM4U Events WordPress Th\u00e8me pour Booking Tickets 1.8.7"},"content":{"rendered":"<h3>EM4U Events WordPress Th\u00e8me pour Booking Tickets Traits<\/h3>\n<p>Le th\u00e8me WordPress des \u00e9v\u00e9nements EM4U pour la r\u00e9servation de billets est un th\u00e8me WordPress extr\u00eamement polyvalent et convivial qui a \u00e9t\u00e9 sp\u00e9cifiquement con\u00e7u pour r\u00e9pondre aux besoins des individus et des organisations impliqu\u00e9es dans l&rsquo;organisation et la gestion de divers \u00e9v\u00e9nements. Gr\u00e2ce \u00e0 son int\u00e9gration transparente avec la plate-forme de commerce \u00e9lectronique populaire WooCommerce, ce th\u00e8me offre aux utilisateurs une interface intuitive et facilement navigable, leur permettant de vendre sans effort des billets en ligne, de g\u00e9rer efficacement les r\u00e9servations et de g\u00e9rer efficacement les paiements. De plus, le th\u00e8me poss\u00e8de une page d&rsquo;\u00e9v\u00e9nement enti\u00e8rement personnalisable, offrant aux utilisateurs une pl\u00e9thore d&rsquo;options de mise en page et de sch\u00e9mas de couleurs parmi lesquelles choisir, leur accordant ainsi un contr\u00f4le absolu sur l&rsquo;esth\u00e9tique visuelle de leur site Web d&rsquo;\u00e9v\u00e9nements. De plus, la conception r\u00e9active de ce th\u00e8me garantit que le site Web en question semblera visuellement attrayant et fonctionnera parfaitement sur un large \u00e9ventail d&rsquo;appareils, des ordinateurs de bureau traditionnels aux appareils mobiles contemporains. Par cons\u00e9quent, le th\u00e8me WordPress des \u00e9v\u00e9nements EM4U pour la r\u00e9servation de billets s&rsquo;av\u00e8re \u00eatre la quintessence d&rsquo;une solution optimale pour les organisateurs d&rsquo;\u00e9v\u00e9nements exigeants et les entreprises dynamiques \u00e0 la recherche d&rsquo;un th\u00e8me fiable et charg\u00e9 de fonctionnalit\u00e9s pour leurs sites Web estim\u00e9s centr\u00e9s sur l&rsquo;\u00e9v\u00e9nement.<\/p>\n<ul>\n<li>Conception r\u00e9active qui a fi\u00e8re allure sur tous les appareils<\/li>\n<li>Syst\u00e8me de gestion d&rsquo;\u00e9v\u00e9nements puissant pour cr\u00e9er et g\u00e9rer facilement les \u00e9v\u00e9nements<\/li>\n<li>Syst\u00e8me de r\u00e9servation de billets pour vendre et g\u00e9rer des billets pour vos \u00e9v\u00e9nements<\/li>\n<li>Pages d&rsquo;\u00e9v\u00e9nements personnalisables avec diff\u00e9rentes mises en page et options de style<\/li>\n<li>Cat\u00e9gories d&rsquo;\u00e9v\u00e9nements illimit\u00e9s et balises pour une organisation et des recherches faciles<\/li>\n<li>Int\u00e9gration Google Maps pour afficher facilement les emplacements des \u00e9v\u00e9nements<\/li>\n<li>Notifications par e-mail personnalisables pour les achats de billets et les mises \u00e0 jour d&rsquo;\u00e9v\u00e9nements<\/li>\n<li>Options de partage des m\u00e9dias sociaux pour promouvoir vos \u00e9v\u00e9nements sur diff\u00e9rentes plateformes<\/li>\n<li>Optimisation du r\u00e9f\u00e9rencement pour aider vos \u00e9v\u00e9nements \u00e0 se trouver dans les moteurs de recherche<\/li>\n<li>Int\u00e9gration avec des passerelles de paiement populaires comme PayPal et Stripe pour des transactions en ligne s\u00e9curis\u00e9es et faciles.<\/li>\n<\/ul>\n","protected":false},"excerpt":{"rendered":"<p>Le th\u00e8me WordPress des \u00e9v\u00e9nements EM4U pour la r\u00e9servation de billets est une ressource exceptionnelle et de haute qualit\u00e9 qui a \u00e9t\u00e9 sp\u00e9cifiquement con\u00e7ue pour vous aider \u00e0 g\u00e9rer et \u00e0 promouvoir efficacement vos \u00e9v\u00e9nements. Cet outil remarquable poss\u00e8de une interface utilisateur intuitive qui est incroyablement conviviale, vous permettant de cr\u00e9er et d&rsquo;adapter sans effort vos pages d&rsquo;\u00e9v\u00e9nements en fonction de vos exigences uniques. De plus, ce th\u00e8me vous permet de vendre facilement des billets en ligne, de surveiller m\u00e9ticuleusement la fr\u00e9quentation et de communiquer sans effort avec vos invit\u00e9s estim\u00e9s. De plus, vous serez heureux de d\u00e9couvrir que ce th\u00e8me s&rsquo;int\u00e8gre parfaitement avec WooCommerce et de nombreux autres plugins recherch\u00e9s, facilitant une int\u00e9gration transparente avec votre site Web pr\u00e9existant ou m\u00eame vous permettant d&rsquo;en \u00e9tablir une toute nouvelle. Que vous soyez en train d&rsquo;organiser un concert impressionnant, une conf\u00e9rence \u00e9clairante, un festival anim\u00e9 ou tout autre type d&rsquo;\u00e9v\u00e9nement, le th\u00e8me WordPress des \u00e9v\u00e9nements EM4U est sans aucun doute la solution ultime qui propulsera sans aucun doute votre effort pour r\u00e9soudre le succ\u00e8s .<\/p>\n","protected":false},"featured_media":143734,"comment_status":"open","ping_status":"open","template":"","meta":[],"product_brand":[2433],"product_cat":[1516,1212,1213],"product_tag":[1366],"class_list":{"0":"post-112201","1":"product","2":"type-product","3":"status-publish","4":"has-post-thumbnail","6":"product_brand-themeforest","7":"product_cat-entreprise","8":"product_cat-themes","9":"product_cat-wordpress-themes","10":"product_tag-themeforest","11":"member-discount","12":"discount-restricted","14":"first","15":"instock","16":"sale","17":"downloadable","18":"virtual","19":"sold-individually","20":"purchasable","21":"product-type-simple"},"_links":{"self":[{"href":"https:\/\/gpl-love.com\/fr\/wp-json\/wp\/v2\/product\/112201","targetHints":{"allow":["GET"]}}],"collection":[{"href":"https:\/\/gpl-love.com\/fr\/wp-json\/wp\/v2\/product"}],"about":[{"href":"https:\/\/gpl-love.com\/fr\/wp-json\/wp\/v2\/types\/product"}],"replies":[{"embeddable":true,"href":"https:\/\/gpl-love.com\/fr\/wp-json\/wp\/v2\/comments?post=112201"}],"wp:featuredmedia":[{"embeddable":true,"href":"https:\/\/gpl-love.com\/fr\/wp-json\/wp\/v2\/media\/143734"}],"wp:attachment":[{"href":"https:\/\/gpl-love.com\/fr\/wp-json\/wp\/v2\/media?parent=112201"}],"wp:term":[{"taxonomy":"product_brand","embeddable":true,"href":"https:\/\/gpl-love.com\/fr\/wp-json\/wp\/v2\/product_brand?post=112201"},{"taxonomy":"product_cat","embeddable":true,"href":"https:\/\/gpl-love.com\/fr\/wp-json\/wp\/v2\/product_cat?post=112201"},{"taxonomy":"product_tag","embeddable":true,"href":"https:\/\/gpl-love.com\/fr\/wp-json\/wp\/v2\/product_tag?post=112201"}],"curies":[{"name":"wp","href":"https:\/\/api.w.org\/{rel}","templated":true}]}}