{"id":112199,"date":"2023-10-21T00:00:00","date_gmt":"2023-10-20T22:00:00","guid":{"rendered":"http:\/\/gpl-love.com\/fr\/produit\/rogan-creative-multipurpose-wordpress-theme-for-agency-saas-portfolio\/"},"modified":"2026-03-20T23:34:10","modified_gmt":"2026-03-20T22:34:10","slug":"rogan-creative-multipurpose-wordpress-theme-for-agency-saas-portfolio","status":"publish","type":"product","link":"https:\/\/gpl-love.com\/fr\/produit\/rogan-creative-multipurpose-wordpress-theme-for-agency-saas-portfolio\/","title":{"rendered":"Rogan Creative Multipurpose WordPress Th\u00e8me pour Agency Saas Portfolio 1.8.2"},"content":{"rendered":"<h3>Rogan Creative Multipurpose WordPress Th\u00e8me pour Agency Saas Portfolio Traits<\/h3>\n<p>Le th\u00e8me WordPress polyvalent Rogan Creative, avec ses innombrables fonctionnalit\u00e9s, a \u00e9t\u00e9 d\u00e9lib\u00e9r\u00e9ment con\u00e7u pour r\u00e9pondre aux exigences des agences num\u00e9riques, des soci\u00e9t\u00e9s SaaS, ainsi que des portefeuilles professionnels. B\u00e9n\u00e9ficiant d&rsquo;une interface contemporaine et conviviale, ce th\u00e8me permet aux utilisateurs de montrer leur travail et leurs services d&rsquo;une mani\u00e8re \u00e9l\u00e9gante et sophistiqu\u00e9e. En am\u00e9liorant davantage son attrait, le th\u00e8me offre une pl\u00e9thore de mod\u00e8les pr\u00e9-con\u00e7us et un large \u00e9ventail d&rsquo;options de personnalisation, garantissant une adaptation sans effort aux sp\u00e9cifications uniques de tout client ou projet. Qu&rsquo;il s&rsquo;agisse d&rsquo;une refonte de site Web pour une entreprise bien \u00e9tablie ou de l&rsquo;\u00e9tablissement d&rsquo;une pr\u00e9sence en ligne pour une start-up en herbe, soyez assur\u00e9 que le th\u00e8me WordPress polyvalent Rogan Creative est une solution fiable et ax\u00e9e sur l&rsquo;utilisateur pour toutes vos besoins de d\u00e9veloppement Web pour le d\u00e9veloppement Web .<\/p>\n<ul>\n<li>Conception professionnelle et \u00e9l\u00e9gante pour les sites Web de portefeuille ou d&rsquo;agence.<\/li>\n<li>Personnalisable et polyvalent, adapt\u00e9 \u00e0 diverses entreprises et industries.<\/li>\n<li>Conception enti\u00e8rement r\u00e9active et adapt\u00e9e aux mobiles, assurant une exp\u00e9rience utilisateur optimale sur tous les appareils.<\/li>\n<li>Comprend des d\u00e9mos et des mod\u00e8les pr\u00e9-construits pour une configuration facile.<\/li>\n<li>Builder de page de glisser-d\u00e9poser et de d\u00e9pression facile \u00e0 utiliser pour la personnalisation et la flexibilit\u00e9.<\/li>\n<li>Documentation approfondie et didacticiels vid\u00e9o disponibles pour la prise en charge des utilisateurs.<\/li>\n<li>Int\u00e9gr\u00e9 avec des plugins populaires tels que le formulaire de contact 7, Yoast SEO et WooCommerce.<\/li>\n<li>Optimis\u00e9 pour la vitesse et les performances, contribuant \u00e0 stimuler le classement des sites Web et l&rsquo;engagement des utilisateurs.<\/li>\n<li>RECLUG\u00c9 MISE \u00c0 JOUR AVEC DE LA NOUVELLES CONS\u00c9RATIONS ET DES COMMISSES DE BOGES POUR LES PERFORMANCES ET LA S\u00c9CURIT\u00c9.<\/li>\n<li>Importation de d\u00e9monstration en un clic pour la construction et la configuration de site Web sans couture.<\/li>\n<\/ul>\n","protected":false},"excerpt":{"rendered":"<p>Le th\u00e8me WordPress polyvalent Rogan Creative est une solution extraordinaire et in\u00e9gal\u00e9e qui s&rsquo;adresse \u00e0 la cr\u00e9ation de sites Web exceptionnellement remarquables sp\u00e9cifiquement adapt\u00e9s aux agences, aux entreprises SaaS, ainsi qu&rsquo;aux portefeuilles. Affichant un design \u00e9l\u00e9gamment rationalis\u00e9 et contemporain, ce th\u00e8me fournit le plus haut niveau de personnalisation, vous offrant la possibilit\u00e9 de montrer votre marque distinctive et un contenu captivant d&rsquo;une mani\u00e8re extr\u00eamement distinctive et captivante. Fabriqu\u00e9 avec les technologies les plus de pointe disponibles, il accorde \u00e0 ses utilisateurs le chargement rapide de pages, une conception intrins\u00e8quement r\u00e9active, ainsi que des incorpations transparentes et harmonieuses avec une myriade de plugins tr\u00e8s recherch\u00e9s. Avec le th\u00e8me Rogan \u00e0 votre disposition, vous poss\u00e9dez la capacit\u00e9 de fabriquer et d&rsquo;\u00e9tablir sans effort les sites Web les plus professionnels et les plus \u00e9tonnants qui augmenteront sans aucun doute votre position et votre r\u00e9putation au sein de votre industrie respective.<\/p>\n","protected":false},"featured_media":145141,"comment_status":"open","ping_status":"open","template":"","meta":[],"product_brand":[2433],"product_cat":[1214,1212,1213],"product_tag":[1366],"class_list":{"0":"post-112199","1":"product","2":"type-product","3":"status-publish","4":"has-post-thumbnail","6":"product_brand-themeforest","7":"product_cat-polyvalent","8":"product_cat-themes","9":"product_cat-wordpress-themes","10":"product_tag-themeforest","11":"member-discount","12":"discount-restricted","14":"first","15":"instock","16":"sale","17":"downloadable","18":"virtual","19":"sold-individually","20":"purchasable","21":"product-type-simple"},"_links":{"self":[{"href":"https:\/\/gpl-love.com\/fr\/wp-json\/wp\/v2\/product\/112199","targetHints":{"allow":["GET"]}}],"collection":[{"href":"https:\/\/gpl-love.com\/fr\/wp-json\/wp\/v2\/product"}],"about":[{"href":"https:\/\/gpl-love.com\/fr\/wp-json\/wp\/v2\/types\/product"}],"replies":[{"embeddable":true,"href":"https:\/\/gpl-love.com\/fr\/wp-json\/wp\/v2\/comments?post=112199"}],"wp:featuredmedia":[{"embeddable":true,"href":"https:\/\/gpl-love.com\/fr\/wp-json\/wp\/v2\/media\/145141"}],"wp:attachment":[{"href":"https:\/\/gpl-love.com\/fr\/wp-json\/wp\/v2\/media?parent=112199"}],"wp:term":[{"taxonomy":"product_brand","embeddable":true,"href":"https:\/\/gpl-love.com\/fr\/wp-json\/wp\/v2\/product_brand?post=112199"},{"taxonomy":"product_cat","embeddable":true,"href":"https:\/\/gpl-love.com\/fr\/wp-json\/wp\/v2\/product_cat?post=112199"},{"taxonomy":"product_tag","embeddable":true,"href":"https:\/\/gpl-love.com\/fr\/wp-json\/wp\/v2\/product_tag?post=112199"}],"curies":[{"name":"wp","href":"https:\/\/api.w.org\/{rel}","templated":true}]}}