{"id":112197,"date":"2022-05-16T00:00:00","date_gmt":"2022-05-15T22:00:00","guid":{"rendered":"http:\/\/gpl-love.com\/fr\/produit\/wp-configurator-woocommerce-wordpress-theme\/"},"modified":"2026-03-20T23:49:34","modified_gmt":"2026-03-20T22:49:34","slug":"wp-configurator-woocommerce-wordpress-theme","status":"publish","type":"product","link":"https:\/\/gpl-love.com\/fr\/produit\/wp-configurator-woocommerce-wordpress-theme\/","title":{"rendered":"WP Configurator WooCommerce WordPress Theme 1.4.6"},"content":{"rendered":"<h3>WP Configurator WooCommerce WordPress Theme Traits<\/h3>\n<p>Le th\u00e8me WOOCommerce WOOCommerce WP Configurator, avec sa pl\u00e9thore de fonctionnalit\u00e9s, est un outil incroyablement robuste et dynamique qui vise \u00e0 augmenter la fonctionnalit\u00e9 et l&rsquo;esth\u00e9tique de votre magasin num\u00e9rique. Ce th\u00e8me accorde aux utilisateurs un \u00e9ventail d&rsquo;options pour personnaliser et affiner la mise en page et la conception de leur site Web, gracieuset\u00e9 d&rsquo;une interface de glisser-d\u00e9poser par les utilisateurs qui simplifie l&rsquo;ensemble du processus de personnalisation. De plus, avec un design pleinement r\u00e9actif, ce th\u00e8me garantit que votre emporium en ligne maintient son attrait visuel et ses performances optimales sur tous les appareils, quelle que soit leur taille ou leur plate-forme.<\/p>\n<p>Outre son adaptabilit\u00e9 remarquable, le th\u00e8me du configurateur WP int\u00e8gre \u00e9galement un ensemble diversifi\u00e9 de fonctionnalit\u00e9s int\u00e9gr\u00e9es qui se pr\u00eatent \u00e0 la gestion efficace de votre boutique en ligne. Parmi ces fonctionnalit\u00e9s figurent des tables de tarification, des curseurs de produits et une int\u00e9gration transparente avec un syst\u00e8me complet de paniers d&rsquo;achat. Par cons\u00e9quent, que vous soyez un entrepreneur en herbe qui se lance dans votre premier voyage dans le domaine de la vente au d\u00e9tail en ligne ou un marchand \u00e9tabli en ascension de plus grands sommets, le th\u00e8me Woocommerce WOOCommerce WOCommerce est un choix impeccable qui promet de faciliter votre voyage vers le succ\u00e8s et prosp\u00e9rit\u00e9.<\/p>\n<ul>\n<li>Th\u00e8me WordPress WooCommerce personnalisable con\u00e7u pour les entreprises vendant des produits personnalisables<\/li>\n<li>Plugin de configurateur WP facile \u00e0 utiliser qui permet aux clients de cr\u00e9er et de pr\u00e9visualiser leurs propres conceptions de produits<\/li>\n<li>Plusieurs options de disposition et sch\u00e9mas de couleurs au choix<\/li>\n<li>Conception conviviale et r\u00e9active pour une visualisation optimale sur n&rsquo;importe quel appareil<\/li>\n<li>Int\u00e9gration avec les passerelles de paiement populaires et les fournisseurs d&rsquo;exp\u00e9dition<\/li>\n<li>Optimis\u00e9 pour la visibilit\u00e9 des moteurs de recherche pour augmenter le trafic et les ventes en ligne<\/li>\n<li>Documentation compl\u00e8te et support pr\u00e9vu pour une configuration et une maintenance faciles<\/li>\n<li>Mises \u00e0 jour r\u00e9guli\u00e8res et am\u00e9liorations pour se tenir \u00e0 jour avec les derni\u00e8res versions WordPress et WooCommerce<\/li>\n<li>Construit avec un code propre et optimis\u00e9 pour am\u00e9liorer la vitesse et les performances du site Web<\/li>\n<li>Compatible avec plusieurs langues et la traduction pr\u00eate pour une port\u00e9e commerciale mondiale<\/li>\n<li>Des mesures de s\u00e9curit\u00e9 am\u00e9lior\u00e9es pour prot\u00e9ger les informations sensibles des clients et les donn\u00e9es du site Web.<\/li>\n<\/ul>\n","protected":false},"excerpt":{"rendered":"<p>Le th\u00e8me WOOCommerce WOOCommerce WP Configurator, qui est destin\u00e9 \u00e0 la cr\u00e9ation de sites Web de commerce \u00e9lectronique personnalisables, sert de solution ultime dans ce domaine. Sp\u00e9cialement con\u00e7ue pour r\u00e9pondre aux besoins de WooCommerce, ce th\u00e8me pr\u00e9sente un \u00e9ventail de possibilit\u00e9s illimit\u00e9es pour l&rsquo;exposition de produits et leurs caract\u00e9ristiques qui l&rsquo;accompagnent. \u00c9quip\u00e9s d&rsquo;une interface conviviale, les clients ont la possibilit\u00e9 de fa\u00e7onner sans effort leurs propres configurations de produits, personnalisant ainsi leur exp\u00e9rience d&rsquo;achat d&rsquo;une mani\u00e8re qui convient le plus \u00e0 leurs pr\u00e9f\u00e9rences individuelles. De plus, il est important de noter que ce th\u00e8me est pleinement r\u00e9actif et m\u00e9ticuleusement optimis\u00e9 pour une utilisation transparente sur un \u00e9ventail d&rsquo;appareils mobiles, garantissant ainsi une exp\u00e9rience ininterrompue et finalement satisfaisante pour les clients, quel que soit leur appareil choisi. Le th\u00e8me du configurateur WP a engag\u00e9 l&rsquo;essence du th\u00e8me du configurateur WP \u00e0 autonomiser les entreprises dans la cr\u00e9ation de sites Web de commerce \u00e9lectronique qui sont non seulement esth\u00e9tiquement frappants, mais \u00e9galement enti\u00e8rement fonctionnels, servant efficacement un aimant s\u00e9duisant pour l&rsquo;attraction et la r\u00e9tention des clients.<\/p>\n","protected":false},"featured_media":146138,"comment_status":"open","ping_status":"open","template":"","meta":[],"product_brand":[2433],"product_cat":[1238,1851,1212],"product_tag":[1366],"class_list":{"0":"post-112197","1":"product","2":"type-product","3":"status-publish","4":"has-post-thumbnail","6":"product_brand-themeforest","7":"product_cat-commerce-electronique-themes","8":"product_cat-entreprise-commerce-electronique-themes","9":"product_cat-themes","10":"product_tag-themeforest","11":"member-discount","12":"discount-restricted","14":"first","15":"instock","16":"sale","17":"downloadable","18":"virtual","19":"sold-individually","20":"purchasable","21":"product-type-simple"},"_links":{"self":[{"href":"https:\/\/gpl-love.com\/fr\/wp-json\/wp\/v2\/product\/112197","targetHints":{"allow":["GET"]}}],"collection":[{"href":"https:\/\/gpl-love.com\/fr\/wp-json\/wp\/v2\/product"}],"about":[{"href":"https:\/\/gpl-love.com\/fr\/wp-json\/wp\/v2\/types\/product"}],"replies":[{"embeddable":true,"href":"https:\/\/gpl-love.com\/fr\/wp-json\/wp\/v2\/comments?post=112197"}],"wp:featuredmedia":[{"embeddable":true,"href":"https:\/\/gpl-love.com\/fr\/wp-json\/wp\/v2\/media\/146138"}],"wp:attachment":[{"href":"https:\/\/gpl-love.com\/fr\/wp-json\/wp\/v2\/media?parent=112197"}],"wp:term":[{"taxonomy":"product_brand","embeddable":true,"href":"https:\/\/gpl-love.com\/fr\/wp-json\/wp\/v2\/product_brand?post=112197"},{"taxonomy":"product_cat","embeddable":true,"href":"https:\/\/gpl-love.com\/fr\/wp-json\/wp\/v2\/product_cat?post=112197"},{"taxonomy":"product_tag","embeddable":true,"href":"https:\/\/gpl-love.com\/fr\/wp-json\/wp\/v2\/product_tag?post=112197"}],"curies":[{"name":"wp","href":"https:\/\/api.w.org\/{rel}","templated":true}]}}