{"id":112195,"date":"2023-01-13T00:00:00","date_gmt":"2023-01-12T23:00:00","guid":{"rendered":"http:\/\/gpl-love.com\/fr\/produit\/maxhost-web-hosting-whmcs-and-corporate-business-wordpress-theme\/"},"modified":"2026-03-20T23:23:57","modified_gmt":"2026-03-20T22:23:57","slug":"maxhost-web-hosting-whmcs-and-corporate-business-wordpress-theme","status":"publish","type":"product","link":"https:\/\/gpl-love.com\/fr\/produit\/maxhost-web-hosting-whmcs-and-corporate-business-wordpress-theme\/","title":{"rendered":"MaxHost Web Hosting WHMCS et Corporate Business WordPress Theme 9.4.2"},"content":{"rendered":"<h3>MaxHost Web Hosting WHMCS et Corporate Business WordPress Theme Traits<\/h3>\n<p>Le th\u00e8me WordPress d&rsquo;entreprise MAXHOST WEB HOSTINGS ET BUSINESS CORMACATE est un produit tr\u00e8s sophistiqu\u00e9 et avanc\u00e9 qui offre une solution compl\u00e8te pour r\u00e9pondre \u00e0 la diversit\u00e9 des exigences auxquelles sont confront\u00e9s les entreprises \u00e0 la recherche d&rsquo;une plate-forme d&rsquo;h\u00e9bergement Web fiable, tout en int\u00e9grant simultan\u00e9ment un th\u00e8me WordPress professionnel et d&rsquo;entreprise. Le th\u00e8me m\u00e9ticuleusement con\u00e7u a \u00e9t\u00e9 sp\u00e9cifiquement con\u00e7u pour captiver et attirer des clients et des clients potentiels, avec une esth\u00e9tique extr\u00eamement \u00e9l\u00e9gante et contemporaine qui combine sans effort la convivialit\u00e9 avec une navigabilit\u00e9 transparente. La plate-forme d&rsquo;h\u00e9bergement Web, m\u00e9ticuleusement fortifi\u00e9e et fortifi\u00e9e par les WHMC remarquables, garantit le fonctionnement transparent et efficace de toutes les fonctions d&rsquo;h\u00e9bergement et de facturation, offrant finalement une exp\u00e9rience remarquablement pratique et sans tracas aux propri\u00e9taires de sites Web. En raison de la large gamme d&rsquo;options de personnalisation qui ont \u00e9t\u00e9 soigneusement int\u00e9gr\u00e9es, les entreprises sont autoris\u00e9es \u00e0 adapter et \u00e0 personnaliser sans effort le th\u00e8me pour s&rsquo;aligner pr\u00e9cis\u00e9ment avec leur identit\u00e9 de marque unique, captivant ainsi efficacement leur public cible. Cette solution globale et pleinement int\u00e9gr\u00e9e est vraiment la quintessence de l&rsquo;excellence pour les entreprises qui cherchent \u00e0 \u00e9tablir un site Web poli et hautement fonctionnel qui poss\u00e8de la capacit\u00e9 in\u00e9gal\u00e9e pour g\u00e9rer et r\u00e9pondre ad\u00e9quatement \u00e0 toute la gamme des exigences d&rsquo;h\u00e9bergement Web.<\/p>\n<ul>\n<li>Une solution d&rsquo;h\u00e9bergement Web puissante et flexible qui comprend \u00e0 la fois une int\u00e9gration WHMCS et un th\u00e8me WordPress con\u00e7u pour les entreprises.<\/li>\n<li>Des contr\u00f4les faciles \u00e0 utiliser et des options personnalisables qui vous permettent d&rsquo;adapter la plate-forme d&rsquo;h\u00e9bergement et la conception de vos besoins exacts.<\/li>\n<li>Une int\u00e9gration WHMCS sans couture qui rationalise la facturation, la gestion des clients et la gestion des billets, ce qui facilite la gestion de votre entreprise d&rsquo;h\u00e9bergement Web \u00e0 partir d&rsquo;une seule plate-forme.<\/li>\n<li>Le th\u00e8me WordPress d&rsquo;entreprise offre des visuels \u00e9tonnants qui sont professionnels et esth\u00e9tiquement agr\u00e9ables.<\/li>\n<li>Le th\u00e8me est construit sur un framework r\u00e9actif, garantissant que votre site Web est superbe et fonctionne parfaitement sur tous les appareils, des ordinateurs de bureau aux tablettes en passant par les smartphones.<\/li>\n<li>Le th\u00e8me comprend un \u00e9ventail puissant de codes shortcodes pour la personnalisation, ainsi que six dispositions de page d&rsquo;accueil qui peuvent \u00eatre facilement personnalis\u00e9es pour r\u00e9pondre aux besoins sp\u00e9cifiques de votre entreprise.<\/li>\n<li>Sa conception propre et facile \u00e0 naviguer garantit que les visiteurs de votre site vivront une exp\u00e9rience transparente et conviviale.<\/li>\n<li>Avec un support client solide, l&rsquo;\u00e9quipe Maxhost est toujours disponible pour fournir une assistance ou r\u00e9pondre \u00e0 toutes les questions que vous pourriez avoir.<\/li>\n<\/ul>\n","protected":false},"excerpt":{"rendered":"<p>Le th\u00e8me WordPress d&rsquo;entreprise MAXHOST WEB HOSTINGS et d&rsquo;entreprise est un th\u00e8me de site Web incroyablement robuste et adaptable qui a \u00e9t\u00e9 con\u00e7u de mani\u00e8re experte dans l&rsquo;objectif explicite de r\u00e9pondre aux besoins des soci\u00e9t\u00e9s d&rsquo;h\u00e9bergement Web et des entreprises. Ce th\u00e8me poss\u00e8de une vaste gamme de fonctionnalit\u00e9s et d&rsquo;options hautement personnalisables qui vous impressionneront et vous \u00e9tonneront sans aucun doute. Certains des attributs notables incluent l&rsquo;int\u00e9gration des WHMC sans couture, une conception incroyablement r\u00e9active qui garantit des exp\u00e9riences d&rsquo;utilisateurs optimales sur tous les appareils et tailles d&rsquo;\u00e9cran, une multitude de dispositions de page d&rsquo;accueil captivantes et un backend avanc\u00e9 qui vous accorde un contr\u00f4le sans pr\u00e9c\u00e9dent sur les fonctionnalit\u00e9s et les fonctionnalit\u00e9s de votre site Web et votre site Web apparence. Il est ind\u00e9niable que le design \u00e9l\u00e9gant et contemporain du th\u00e8me maxhost vous aidera sans effort \u00e0 \u00e9tablir une pr\u00e9sence en ligne poli et percutante pour votre entreprise d&rsquo;entreprise estim\u00e9e.<\/p>\n","protected":false},"featured_media":144471,"comment_status":"open","ping_status":"open","template":"","meta":[],"product_brand":[2433],"product_cat":[1516,1212,1213],"product_tag":[1366],"class_list":{"0":"post-112195","1":"product","2":"type-product","3":"status-publish","4":"has-post-thumbnail","6":"product_brand-themeforest","7":"product_cat-entreprise","8":"product_cat-themes","9":"product_cat-wordpress-themes","10":"product_tag-themeforest","11":"member-discount","12":"discount-restricted","14":"first","15":"instock","16":"sale","17":"downloadable","18":"virtual","19":"sold-individually","20":"purchasable","21":"product-type-simple"},"_links":{"self":[{"href":"https:\/\/gpl-love.com\/fr\/wp-json\/wp\/v2\/product\/112195","targetHints":{"allow":["GET"]}}],"collection":[{"href":"https:\/\/gpl-love.com\/fr\/wp-json\/wp\/v2\/product"}],"about":[{"href":"https:\/\/gpl-love.com\/fr\/wp-json\/wp\/v2\/types\/product"}],"replies":[{"embeddable":true,"href":"https:\/\/gpl-love.com\/fr\/wp-json\/wp\/v2\/comments?post=112195"}],"wp:featuredmedia":[{"embeddable":true,"href":"https:\/\/gpl-love.com\/fr\/wp-json\/wp\/v2\/media\/144471"}],"wp:attachment":[{"href":"https:\/\/gpl-love.com\/fr\/wp-json\/wp\/v2\/media?parent=112195"}],"wp:term":[{"taxonomy":"product_brand","embeddable":true,"href":"https:\/\/gpl-love.com\/fr\/wp-json\/wp\/v2\/product_brand?post=112195"},{"taxonomy":"product_cat","embeddable":true,"href":"https:\/\/gpl-love.com\/fr\/wp-json\/wp\/v2\/product_cat?post=112195"},{"taxonomy":"product_tag","embeddable":true,"href":"https:\/\/gpl-love.com\/fr\/wp-json\/wp\/v2\/product_tag?post=112195"}],"curies":[{"name":"wp","href":"https:\/\/api.w.org\/{rel}","templated":true}]}}