{"id":112193,"date":"2024-04-03T00:00:00","date_gmt":"2024-04-02T22:00:00","guid":{"rendered":"http:\/\/gpl-love.com\/fr\/produit\/ed-school-education-wordpress-theme\/"},"modified":"2026-03-20T23:02:47","modified_gmt":"2026-03-20T22:02:47","slug":"ed-school-education-wordpress-theme","status":"publish","type":"product","link":"https:\/\/gpl-love.com\/fr\/produit\/ed-school-education-wordpress-theme\/","title":{"rendered":"Ed School Education WordPress Theme 3.20.1"},"content":{"rendered":"<h3>Ed School Education WordPress Theme Traits<\/h3>\n<p>Le th\u00e8me WordPress de l&rsquo;\u00e9ducation scolaire ED est un th\u00e8me WordPress remarquablement efficace et exceptionnellement professionnel qui a \u00e9t\u00e9 d\u00e9lib\u00e9r\u00e9ment con\u00e7u dans le but sp\u00e9cifique de s&rsquo;adresser aux sites Web \u00e9ducatifs. Son interface est non seulement r\u00e9active mais \u00e9galement conviviale, garantissant des exp\u00e9riences de navigation transparentes pour les utilisateurs, quel que soit l&rsquo;appareil qu&rsquo;ils utilisent. Ce th\u00e8me offre une pl\u00e9thore d&rsquo;options de personnalisation, allant de plusieurs sch\u00e9mas de couleurs aux widgets et mod\u00e8les de page, permettant aux utilisateurs d&rsquo;adapter sans effort leur site Web \u00e0 leurs pr\u00e9f\u00e9rences uniques. De plus, il poss\u00e8de une gamme de fonctionnalit\u00e9s int\u00e9gr\u00e9es, telles que des calendriers d&rsquo;\u00e9v\u00e9nements, des outils de gestion des cours et un formulaire de contact personnalisable, ce qui en fait un choix id\u00e9al pour divers \u00e9tablissements d&rsquo;enseignement, que ce soit des \u00e9coles ou des universit\u00e9s. Ce qui distingue ce th\u00e8me, c&rsquo;est son engagement in\u00e9branlable envers la fiabilit\u00e9 et la s\u00e9curit\u00e9, garantissant que les donn\u00e9es pr\u00e9cieuses des utilisateurs restent prot\u00e9g\u00e9es et sauvegard\u00e9es. Avec le th\u00e8me WordPress de l&rsquo;\u00e9ducation scolaire ED \u00e0 votre disposition, la cr\u00e9ation d&rsquo;un site Web \u00e9ducatif captivant et informatif n&rsquo;a jamais \u00e9t\u00e9 aussi simple.<\/p>\n<ul>\n<li>Conception professionnelle et intuitive sp\u00e9cifiquement pour les sites Web de l&rsquo;\u00e9ducation<\/li>\n<li>Disposition r\u00e9active qui fonctionne bien sur les appareils de bureau et mobiles<\/li>\n<li>Des options de personnalisation puissantes pour les couleurs, les polices, les dispositions et plus encore<\/li>\n<li>Int\u00e9gration avec des plugins populaires comme WooCommerce et le formulaire de contact 7<\/li>\n<li>Cr\u00e9ez et g\u00e9rez facilement les cours, les horaires et les \u00e9v\u00e9nements<\/li>\n<li>Builateur de page de glisser-d\u00e9poser int\u00e9gr\u00e9 avec des mod\u00e8les pr\u00e9-con\u00e7us<\/li>\n<li>Code de r\u00e9f\u00e9rencement et optimis\u00e9 pour les temps de chargement de page rapides<\/li>\n<li>Comprend du contenu de d\u00e9monstration pour vous aider \u00e0 d\u00e9marrer rapidement<\/li>\n<li>Support client et documentation d\u00e9di\u00e9<\/li>\n<li>Achat unique avec des mises \u00e0 jour \u00e0 vie et l&rsquo;acc\u00e8s aux fonctionnalit\u00e9s futures<\/li>\n<\/ul>\n","protected":false},"excerpt":{"rendered":"<p>Ed School est un th\u00e8me WordPress tr\u00e8s estim\u00e9 qui a \u00e9t\u00e9 m\u00e9ticuleusement con\u00e7u pour r\u00e9pondre aux besoins uniques des \u00e9tablissements d&rsquo;enseignement dans tous les domaines. Afin d&rsquo;assurer une satisfaction optimale des utilisateurs, ce th\u00e8me poss\u00e8de un \u00e9ventail diversifi\u00e9 de fonctionnalit\u00e9s qui en font une option exceptionnelle pour les \u00e9coles, les universit\u00e9s, les cours en ligne et une multitude d&rsquo;autres entreprises \u00e9ducatives. Notamment, Ed School est pleinement r\u00e9actif, ce qui signifie que sa conception s&rsquo;adapte parfaitement \u00e0 diverses tailles d&rsquo;\u00e9cran, garantissant ainsi une exp\u00e9rience de vision optimale pour chaque visiteur. De plus, ce th\u00e8me est adapt\u00e9 au r\u00e9f\u00e9rencement, permettant aux \u00e9tablissements \u00e9ducatifs de maximiser leur visibilit\u00e9 en ligne et d&rsquo;attirer un public plus large. De plus, Ed School est incroyablement convivial, offrant aux utilisateurs le luxe de personnaliser sans effort leurs sites Web pour r\u00e9pondre \u00e0 leurs pr\u00e9f\u00e9rences et exigences pr\u00e9cises. Avec une s\u00e9lection compl\u00e8te de dispositions pr\u00e9d\u00e9finies et de pages personnalisables, les utilisateurs peuvent sans effort fa\u00e7onner un site Web scolaire visuellement magnifique et hautement professionnel en quelques minutes. En outre, Ed School est \u00e9quip\u00e9 d&rsquo;un large \u00e9ventail de plugins qui simplifient consid\u00e9rablement la cr\u00e9ation d&rsquo;une plate-forme \u00e9ducative esth\u00e9tique et pleinement fonctionnelle. Une capacit\u00e9 notable est sa compatibilit\u00e9 avec WooCommerce, un plugin de commerce \u00e9lectronique extr\u00eamement populaire qui facilite la vente transparente de cours et de produits \u00e9ducatifs. Essentiellement, Ed School est un choix exceptionnel pour tous ceux qui cherchent \u00e0 construire un site \u00e9ducatif captivant, pratique et sans effort.<\/p>\n","protected":false},"featured_media":143667,"comment_status":"open","ping_status":"open","template":"","meta":[],"product_brand":[2433],"product_cat":[1242,1212,1213],"product_tag":[1366],"class_list":{"0":"post-112193","1":"product","2":"type-product","3":"status-publish","4":"has-post-thumbnail","6":"product_brand-themeforest","7":"product_cat-creatif","8":"product_cat-themes","9":"product_cat-wordpress-themes","10":"product_tag-themeforest","11":"member-discount","12":"discount-restricted","14":"first","15":"instock","16":"sale","17":"downloadable","18":"virtual","19":"sold-individually","20":"purchasable","21":"product-type-simple"},"_links":{"self":[{"href":"https:\/\/gpl-love.com\/fr\/wp-json\/wp\/v2\/product\/112193","targetHints":{"allow":["GET"]}}],"collection":[{"href":"https:\/\/gpl-love.com\/fr\/wp-json\/wp\/v2\/product"}],"about":[{"href":"https:\/\/gpl-love.com\/fr\/wp-json\/wp\/v2\/types\/product"}],"replies":[{"embeddable":true,"href":"https:\/\/gpl-love.com\/fr\/wp-json\/wp\/v2\/comments?post=112193"}],"wp:featuredmedia":[{"embeddable":true,"href":"https:\/\/gpl-love.com\/fr\/wp-json\/wp\/v2\/media\/143667"}],"wp:attachment":[{"href":"https:\/\/gpl-love.com\/fr\/wp-json\/wp\/v2\/media?parent=112193"}],"wp:term":[{"taxonomy":"product_brand","embeddable":true,"href":"https:\/\/gpl-love.com\/fr\/wp-json\/wp\/v2\/product_brand?post=112193"},{"taxonomy":"product_cat","embeddable":true,"href":"https:\/\/gpl-love.com\/fr\/wp-json\/wp\/v2\/product_cat?post=112193"},{"taxonomy":"product_tag","embeddable":true,"href":"https:\/\/gpl-love.com\/fr\/wp-json\/wp\/v2\/product_tag?post=112193"}],"curies":[{"name":"wp","href":"https:\/\/api.w.org\/{rel}","templated":true}]}}