{"id":112191,"date":"2021-10-12T00:00:00","date_gmt":"2021-10-11T22:00:00","guid":{"rendered":"http:\/\/gpl-love.com\/fr\/produit\/onero-creative-portfolio-theme-for-professionals\/"},"modified":"2026-03-20T23:29:55","modified_gmt":"2026-03-20T22:29:55","slug":"onero-creative-portfolio-theme-for-professionals","status":"publish","type":"product","link":"https:\/\/gpl-love.com\/fr\/produit\/onero-creative-portfolio-theme-for-professionals\/","title":{"rendered":"Onero Creative Portfolio Th\u00e8me pour Professionals 1.7.5"},"content":{"rendered":"<h3>Onero Creative Portfolio Th\u00e8me pour Professionals Traits<\/h3>\n<p>Le th\u00e8me du portefeuille cr\u00e9atif Onero pour les professionnels est une solution de conception incroyablement polyvalente et de pointe qui r\u00e9pond aux besoins des cr\u00e9atifs qui s&rsquo;efforcent de pr\u00e9senter leur travail d&rsquo;une mani\u00e8re tr\u00e8s polie et captivante. Ce th\u00e8me exceptionnel poss\u00e8de une pl\u00e9thore d&rsquo;\u00e9l\u00e9ments personnalisables, englobant une gamme diversifi\u00e9e de dispositions de page d&rsquo;accueil, de mod\u00e8les de portefeuille et de sch\u00e9mas de couleurs, qui permettent aux utilisateurs de g\u00e9rer une plate-forme en ligne distinctement personnalis\u00e9e et distinctive. Ce qui distingue ce th\u00e8me, c&rsquo;est son interface remarquablement conviviale et son constructeur de glisser-d\u00e9poser remarquablement intuitif, qui facilitent sans effort la cr\u00e9ation de sites Web visuellement frappants et impeccablement fonctionnels, m\u00eame pour les personnes qui poss\u00e8dent une exp\u00e9rience minimale dans le domaine de la conception Web. To ensure optimal accessibility, the Onero Creative Portfolio Theme has been meticulously crafted to be fully responsive and compatible with all major web browsers, thereby solidifying its status as an exceedingly dependable and efficacious choice for professionals who yearn to transcend the boundaries of their online presence and Montez \u00e0 des hauteurs de succ\u00e8s sans pr\u00e9c\u00e9dent.<\/p>\n<ul>\n<li>Design \u00e9l\u00e9gant et moderne<\/li>\n<li>Enti\u00e8rement personnalisable pour s&rsquo;adapter \u00e0 votre marque<\/li>\n<li>Con\u00e7u sp\u00e9cifiquement pour les professionnels cr\u00e9atifs<\/li>\n<li>Plusieurs dispositions de portefeuille pour pr\u00e9senter votre travail<\/li>\n<li>Facile \u00e0 utiliser Drag and Drop Page Builder<\/li>\n<li>Conception r\u00e9active pour une visualisation optimale sur tous les appareils<\/li>\n<li>Support client 24\/7<\/li>\n<li>SEO optimis\u00e9 pour un meilleur classement des moteurs de recherche<\/li>\n<li>Boutons de partage des m\u00e9dias sociaux int\u00e9gr\u00e9s<\/li>\n<li>Mises \u00e0 jour r\u00e9guli\u00e8res pour suivre les derni\u00e8res tendances et fonctionnalit\u00e9s.<\/li>\n<\/ul>\n","protected":false},"excerpt":{"rendered":"<p>Le th\u00e8me du portefeuille cr\u00e9atif Onero pour les professionnels s&rsquo;av\u00e8re \u00eatre un th\u00e8me WordPress tr\u00e8s puissant et adaptable m\u00e9ticuleusement con\u00e7u pour r\u00e9pondre aux besoins des cr\u00e9atifs d\u00e9sireux d&rsquo;exposer leur travail d&rsquo;une mani\u00e8re qui r\u00e9sonne avec le professionnalisme et captive leur public. B\u00e9n\u00e9ficiant d&rsquo;un design \u00e9l\u00e9gant et contemporain, un \u00e9ventail de possibilit\u00e9s de mise en page et des capacit\u00e9s de personnalisation avanc\u00e9es, Onero autorise les individus \u00e0 construire un site Web de portefeuille visuellement frappant qui incarne leur style distinctif et leur essence visionnaire. Que vous vous sp\u00e9cialisiez dans la photographie, le design, le talent artistique ou toute autre forme d&rsquo;expertise cr\u00e9ative, Onero vous accorde une bo\u00eete \u00e0 outils tout compris, vous \u00e9quipant des ressources n\u00e9cessaires pour \u00e9tablir une pr\u00e9sence en ligne extraordinaire et incitez une base de client\u00e8le \u00e9largie.<\/p>\n","protected":false},"featured_media":144864,"comment_status":"open","ping_status":"open","template":"","meta":[],"product_brand":[2433],"product_cat":[1242,1212,1213],"product_tag":[1366],"class_list":{"0":"post-112191","1":"product","2":"type-product","3":"status-publish","4":"has-post-thumbnail","6":"product_brand-themeforest","7":"product_cat-creatif","8":"product_cat-themes","9":"product_cat-wordpress-themes","10":"product_tag-themeforest","11":"member-discount","12":"discount-restricted","14":"first","15":"instock","16":"sale","17":"downloadable","18":"virtual","19":"sold-individually","20":"purchasable","21":"product-type-simple"},"_links":{"self":[{"href":"https:\/\/gpl-love.com\/fr\/wp-json\/wp\/v2\/product\/112191","targetHints":{"allow":["GET"]}}],"collection":[{"href":"https:\/\/gpl-love.com\/fr\/wp-json\/wp\/v2\/product"}],"about":[{"href":"https:\/\/gpl-love.com\/fr\/wp-json\/wp\/v2\/types\/product"}],"replies":[{"embeddable":true,"href":"https:\/\/gpl-love.com\/fr\/wp-json\/wp\/v2\/comments?post=112191"}],"wp:featuredmedia":[{"embeddable":true,"href":"https:\/\/gpl-love.com\/fr\/wp-json\/wp\/v2\/media\/144864"}],"wp:attachment":[{"href":"https:\/\/gpl-love.com\/fr\/wp-json\/wp\/v2\/media?parent=112191"}],"wp:term":[{"taxonomy":"product_brand","embeddable":true,"href":"https:\/\/gpl-love.com\/fr\/wp-json\/wp\/v2\/product_brand?post=112191"},{"taxonomy":"product_cat","embeddable":true,"href":"https:\/\/gpl-love.com\/fr\/wp-json\/wp\/v2\/product_cat?post=112191"},{"taxonomy":"product_tag","embeddable":true,"href":"https:\/\/gpl-love.com\/fr\/wp-json\/wp\/v2\/product_tag?post=112191"}],"curies":[{"name":"wp","href":"https:\/\/api.w.org\/{rel}","templated":true}]}}