{"id":112189,"date":"2025-07-25T00:00:00","date_gmt":"2025-07-24T22:00:00","guid":{"rendered":"http:\/\/gpl-love.com\/fr\/produit\/youzify-buddypress-community-and-wordpress-user-profile-plugin\/"},"modified":"2026-04-08T18:31:19","modified_gmt":"2026-04-08T16:31:19","slug":"youzify-buddypress-community-and-wordpress-user-profile-plugin","status":"publish","type":"product","link":"https:\/\/gpl-love.com\/fr\/produit\/youzify-buddypress-community-and-wordpress-user-profile-plugin\/","title":{"rendered":"Youzify Buddypress Community et WordPress User Profile Plugin 3.6.0"},"content":{"rendered":"<h3>Youzify Buddypress Community et WordPress User Profile Plugin Traits<\/h3>\n<p>Youzify BuddyPress Community and WordPress User Profile Plugin est un outil incroyablement multiforme qui am\u00e9liore consid\u00e9rablement l&rsquo;exp\u00e9rience utilisateur globale d&rsquo;une communaut\u00e9 en ligne donn\u00e9e. Ce plugin remarquable pr\u00e9sente aux utilisateurs un \u00e9ventail de capacit\u00e9s inestimables, y compris la possibilit\u00e9 de modeler des profils personnalis\u00e9s, de forger de nouvelles amiti\u00e9s et de s&rsquo;engager dans des interactions significatives dans un forum en ligne florissant. De plus, le plugin s&rsquo;int\u00e8gre parfaitement \u00e0 la plate-forme WordPress tr\u00e8s populaire, la rendant exceptionnellement conviviale et personnalisable sans effort. En utilisant Youzify, les utilisateurs ont la possibilit\u00e9 d&rsquo;\u00e9tablir leurs propres groupes exclusifs, de communiquer efficacement avec les autres utilisateurs via la messagerie directe et d&rsquo;acc\u00e8s sans effort \u00e0 un vaste assortiment de fonctionnalit\u00e9s express\u00e9ment con\u00e7ues pour optimiser leur exp\u00e9rience en ligne. Que les efforts consistent \u00e0 superviser un forum de discussion virtuel, \u00e0 organiser un r\u00e9seau social florissant ou \u00e0 g\u00e9rer un site Web en plein essor, il est ind\u00e9niablement \u00e9vident que Youzify BuddyPress a la communaut\u00e9 et le plugin d&rsquo;utilisateur WordPress repr\u00e9sente un outil indispensable qui est indispensable pour cultiver un robuste et prosp\u00e8re en ligne en ligne en ligne en ligne robuste et prosp\u00e8re en ligne communaut\u00e9.<\/p>\n<ul>\n<li>Offre une exp\u00e9rience communautaire enti\u00e8rement personnalisable dans WordPress<\/li>\n<li>S&rsquo;int\u00e8gre \u00e0 BuddyPress pour une fonctionnalit\u00e9 de r\u00e9seautage social am\u00e9lior\u00e9<\/li>\n<li>Permet aux utilisateurs de cr\u00e9er et de g\u00e9rer des profils uniques avec des champs personnalisables<\/li>\n<li>Active la messagerie de l&rsquo;utilisateur et les fonctionnalit\u00e9s de messagerie priv\u00e9e<\/li>\n<li>Soutient les connexions d&rsquo;amis et les demandes d&rsquo;amis au sein de la communaut\u00e9<\/li>\n<li>Offre un flux d&rsquo;activit\u00e9s personnalis\u00e9 pour garder les utilisateurs engag\u00e9s avec la communaut\u00e9<\/li>\n<li>Fournit des analyses d\u00e9taill\u00e9es sur l&rsquo;activit\u00e9 des utilisateurs et l&rsquo;engagement au sein de la communaut\u00e9<\/li>\n<li>Offre un support multi-langues pour les communaut\u00e9s mondiales<\/li>\n<li>Peut \u00eatre utilis\u00e9 pour les communaut\u00e9s publiques et priv\u00e9es, selon les param\u00e8tres du site<\/li>\n<li>Compatible avec une large gamme de th\u00e8mes et plugins WordPress pour une installation et une personnalisation faciles.<\/li>\n<\/ul>\n","protected":false},"excerpt":{"rendered":"<p>Pr\u00e9sentation de Youzify, un plugin de profil utilisateur de bouddypress extr\u00eamement puissant et WordPress qui vous offre la capacit\u00e9 transparente \u00e0 g\u00e9n\u00e9rer et \u00e0 superviser sans effort les profils d&rsquo;utilisateurs, \u00e0 favoriser les communaut\u00e9s sociales et \u00e0 administrer les adh\u00e9sions \u00e0 votre site Web estim\u00e9. Gr\u00e2ce \u00e0 Youzify, vous avez la capacit\u00e9 d&rsquo;activer le contenu g\u00e9n\u00e9r\u00e9 par l&rsquo;utilisateur, les flux d&rsquo;activit\u00e9s, les groupes d&rsquo;utilisateurs, la messagerie priv\u00e9e et une multitude d&rsquo;autres fonctionnalit\u00e9s \u00e9tonnantes. Ce plugin remarquable est la quintessence de la perfection lorsqu&rsquo;il s&rsquo;agit d&rsquo;\u00e9riger une communaut\u00e9 en ligne florissante, de forger des liens avec des individus qui partagent des int\u00e9r\u00eats similaires et de cultiver la croissance de votre marque estim\u00e9e. Que vous vous identifiiez comme un blogueur, un propri\u00e9taire d&rsquo;entreprise ou un sp\u00e9cialiste du marketing en ligne, soyez assur\u00e9 que Youzify est la solution d\u00e9finitive pour fabriquer une exp\u00e9rience utilisateur robuste et captivante sur votre site Web estim\u00e9.<\/p>\n","protected":false},"featured_media":146459,"comment_status":"open","ping_status":"open","template":"","meta":[],"product_brand":[2435],"product_cat":[1300,1181,1186],"product_tag":[1231],"class_list":{"0":"post-112189","1":"product","2":"type-product","3":"status-publish","4":"has-post-thumbnail","6":"product_brand-codecanyon","7":"product_cat-adhesion","8":"product_cat-plugins","9":"product_cat-wordpress-plugins","10":"product_tag-codecanyon","11":"member-discount","12":"discount-restricted","14":"first","15":"instock","16":"sale","17":"downloadable","18":"virtual","19":"sold-individually","20":"purchasable","21":"product-type-simple"},"_links":{"self":[{"href":"https:\/\/gpl-love.com\/fr\/wp-json\/wp\/v2\/product\/112189","targetHints":{"allow":["GET"]}}],"collection":[{"href":"https:\/\/gpl-love.com\/fr\/wp-json\/wp\/v2\/product"}],"about":[{"href":"https:\/\/gpl-love.com\/fr\/wp-json\/wp\/v2\/types\/product"}],"replies":[{"embeddable":true,"href":"https:\/\/gpl-love.com\/fr\/wp-json\/wp\/v2\/comments?post=112189"}],"wp:featuredmedia":[{"embeddable":true,"href":"https:\/\/gpl-love.com\/fr\/wp-json\/wp\/v2\/media\/146459"}],"wp:attachment":[{"href":"https:\/\/gpl-love.com\/fr\/wp-json\/wp\/v2\/media?parent=112189"}],"wp:term":[{"taxonomy":"product_brand","embeddable":true,"href":"https:\/\/gpl-love.com\/fr\/wp-json\/wp\/v2\/product_brand?post=112189"},{"taxonomy":"product_cat","embeddable":true,"href":"https:\/\/gpl-love.com\/fr\/wp-json\/wp\/v2\/product_cat?post=112189"},{"taxonomy":"product_tag","embeddable":true,"href":"https:\/\/gpl-love.com\/fr\/wp-json\/wp\/v2\/product_tag?post=112189"}],"curies":[{"name":"wp","href":"https:\/\/api.w.org\/{rel}","templated":true}]}}