{"id":112187,"date":"2021-11-19T00:00:00","date_gmt":"2021-11-18T23:00:00","guid":{"rendered":"http:\/\/gpl-love.com\/fr\/produit\/wppayform-pro-wordpress-payments-made-simple\/"},"modified":"2026-03-20T23:50:22","modified_gmt":"2026-03-20T22:50:22","slug":"wppayform-pro-wordpress-payments-made-simple","status":"publish","type":"product","link":"https:\/\/gpl-love.com\/fr\/produit\/wppayform-pro-wordpress-payments-made-simple\/","title":{"rendered":"WP PayForm Pro 3.0.1"},"content":{"rendered":"<h3>WP PayForm Pro Traits<\/h3>\n<p>WP Payform Pro est une solution de paiement incroyablement robuste et efficace sp\u00e9cialement con\u00e7ue pour les sites Web WordPress. Cet outil exceptionnel simplifie et rationalise l&rsquo;int\u00e9gralit\u00e9 de la proc\u00e9dure de traitement des paiements, garantissant une exp\u00e9rience sans tracas. Avec WP Payform Pro, m\u00eame les particuliers sans aucune expertise technique peuvent g\u00e9n\u00e9rer sans effort des formulaires de paiement et percevoir de mani\u00e8re transparente les paiements de leurs pr\u00e9cieux clients. Ce plugin extraordinaire poss\u00e8de une pl\u00e9thore de fonctionnalit\u00e9s remarquables qui le distinguent vraiment de la comp\u00e9tition. De la possibilit\u00e9 de personnaliser les formulaires de paiement \u00e0 la fourniture de paiements transparents via des plates-formes renomm\u00e9es telles que PayPal et Stripe, WP Payform Pro ne laisse aucune pierre non retourn\u00e9e dans la plus grande commodit\u00e9. En outre, cette solution exceptionnelle r\u00e9pond aux besoins des entreprises et des particuliers en offrant des fonctionnalit\u00e9s remarquables comme les paiements r\u00e9currents et les notifications par e-mail automatiques. Incontestablement, WP Payform Pro va au-del\u00e0 pour fournir un tableau de bord intuitif et convivial, permettant aux utilisateurs de g\u00e9rer leurs paiements avec une facilit\u00e9 in\u00e9gal\u00e9e. En conclusion, WP Payform Pro est vraiment la r\u00e9ponse ultime pour ceux qui cherchent \u00e0 optimiser leurs processus de paiement et \u00e0 \u00e9lever l&rsquo;exp\u00e9rience client globale \u00e0 des hauteurs sans pr\u00e9c\u00e9dent.<\/p>\n<ul>\n<li>Offre une solution de paiement facile et intuitive pour les sites WordPress<\/li>\n<li>Permet la cr\u00e9ation de formulaires de paiement personnalisables<\/li>\n<li>S&rsquo;int\u00e8gre aux passerelles de paiement populaires telles que PayPal et Stripe<\/li>\n<li>Prend en charge les paiements et abonnements r\u00e9currents<\/li>\n<li>Fournit des rapports de paiement et des analyses d\u00e9taill\u00e9es pour aider \u00e0 suivre les performances de l&rsquo;entreprise<\/li>\n<li>Propose des notifications par e-mail personnalisables pour tenir les clients inform\u00e9s de leurs paiements<\/li>\n<li>Fournit un raccourci facile \u00e0 utiliser pour l&rsquo;int\u00e9gration des formulaires de paiement sur les pages WordPress<\/li>\n<li>Offre un traitement de paiement s\u00e9curis\u00e9 et fiable avec cryptage SSL<\/li>\n<li>Comprend une interface conviviale et une conception r\u00e9active pour les appareils mobiles<\/li>\n<li>Fournit un excellent support client un temps de r\u00e9ponse rapide pour r\u00e9soudre tout probl\u00e8me.<\/li>\n<\/ul>\n","protected":false},"excerpt":{"rendered":"<p>WP Payform Pro, un plugin WordPress incroyablement robuste, est con\u00e7u pour rationaliser le processus de paiement en ligne et \u00e9liminer les complications inutiles pour votre entreprise. B\u00e9n\u00e9ficiant d&rsquo;une interface incroyablement intuitive et d&rsquo;une int\u00e9gration transparente avec des passerelles de paiement s\u00e9curis\u00e9es, ce plugin garantit que vos clients peuvent effectuer sans effort les paiements sur votre site Web. Que vous vendiez des produits ou fournissez des services, WP Payform Pro simplifie le processus de paiement, lib\u00e9rant votre temps et votre \u00e9nergie pour vous concentrer sur l&rsquo;expansion de votre entreprise. N&rsquo;h\u00e9sitez pas \u00e0 passer \u00e0 WP Payform Pro aujourd&rsquo;hui et \u00e0 l&rsquo;exp\u00e9rience de la facilit\u00e9 et de l&rsquo;efficacit\u00e9 du traitement des paiements.<\/p>\n","protected":false},"featured_media":146186,"comment_status":"open","ping_status":"open","template":"","meta":[],"product_brand":[2606],"product_cat":[1253,1181,1186],"product_tag":[1568],"class_list":{"0":"post-112187","1":"product","2":"type-product","3":"status-publish","4":"has-post-thumbnail","6":"product_brand-manage-ninja","7":"product_cat-paiement","8":"product_cat-plugins","9":"product_cat-wordpress-plugins","10":"product_tag-manage-ninja","11":"member-discount","12":"discount-restricted","14":"first","15":"instock","16":"sale","17":"downloadable","18":"virtual","19":"sold-individually","20":"purchasable","21":"product-type-simple"},"_links":{"self":[{"href":"https:\/\/gpl-love.com\/fr\/wp-json\/wp\/v2\/product\/112187","targetHints":{"allow":["GET"]}}],"collection":[{"href":"https:\/\/gpl-love.com\/fr\/wp-json\/wp\/v2\/product"}],"about":[{"href":"https:\/\/gpl-love.com\/fr\/wp-json\/wp\/v2\/types\/product"}],"replies":[{"embeddable":true,"href":"https:\/\/gpl-love.com\/fr\/wp-json\/wp\/v2\/comments?post=112187"}],"wp:featuredmedia":[{"embeddable":true,"href":"https:\/\/gpl-love.com\/fr\/wp-json\/wp\/v2\/media\/146186"}],"wp:attachment":[{"href":"https:\/\/gpl-love.com\/fr\/wp-json\/wp\/v2\/media?parent=112187"}],"wp:term":[{"taxonomy":"product_brand","embeddable":true,"href":"https:\/\/gpl-love.com\/fr\/wp-json\/wp\/v2\/product_brand?post=112187"},{"taxonomy":"product_cat","embeddable":true,"href":"https:\/\/gpl-love.com\/fr\/wp-json\/wp\/v2\/product_cat?post=112187"},{"taxonomy":"product_tag","embeddable":true,"href":"https:\/\/gpl-love.com\/fr\/wp-json\/wp\/v2\/product_tag?post=112187"}],"curies":[{"name":"wp","href":"https:\/\/api.w.org\/{rel}","templated":true}]}}