{"id":112185,"date":"2021-02-24T00:00:00","date_gmt":"2021-02-23T23:00:00","guid":{"rendered":"http:\/\/gpl-love.com\/fr\/produit\/hr-human-consult-searching-and-recruiting-wordpress-theme\/"},"modified":"2026-03-20T23:19:52","modified_gmt":"2026-03-20T22:19:52","slug":"hr-human-consult-searching-and-recruiting-wordpress-theme","status":"publish","type":"product","link":"https:\/\/gpl-love.com\/fr\/produit\/hr-human-consult-searching-and-recruiting-wordpress-theme\/","title":{"rendered":"HR Human Consult Searching et Recruiting WordPress Theme 1.3.0"},"content":{"rendered":"<h3>HR Human Consult Searching et Recruiting WordPress Theme Traits<\/h3>\n<p>Le RH Human Consult Searching and Recruiting WordPress Th\u00e8me se pr\u00e9sente comme la solution optimale pour les entreprises visant \u00e0 rationaliser leurs proc\u00e9dures de recrutement et d&#8217;embauche. Ce th\u00e8me particulier a \u00e9t\u00e9 m\u00e9ticuleusement con\u00e7u avec l&rsquo;intention d&rsquo;aider les services RH et les agences de recrutement pour g\u00e9rer sans effort les listes d&#8217;emplois, les curriculum vitae et les applications. Accompagn\u00e9 d&rsquo;une interface conviviale, de formidables fonctionnalit\u00e9s de recherche et d&rsquo;un \u00e9ventail d&rsquo;options personnalisables, le th\u00e8me HR Human Consult garantit efficacement que les entreprises peuvent facilement identifier et s&rsquo;engager avec des candidats qualifi\u00e9s. De plus, ce th\u00e8me int\u00e8gre un design contemporain et professionnel qui renforcera certainement l&rsquo;image de marque des entreprises et attire des talents de haut niveau. En englobant des fonctionnalit\u00e9s telles que la publication d&#8217;emplois et la gestion des applications, les RH Human Cons constituent la recherche et le recrutement du th\u00e8me WordPress appara\u00eet comme l&rsquo;outil par excellence pour toute entreprise dans la recherche des candidats les plus exceptionnels.<\/p>\n<ul>\n<li>HR Human Consult est un th\u00e8me WordPress complet sp\u00e9cialement con\u00e7u pour les agences de dotation et de recrutement.<\/li>\n<li>Le th\u00e8me est livr\u00e9 avec un design propre et professionnel, ce qui le rend id\u00e9al pour les startups et les entreprises \u00e9tablies.<\/li>\n<li>Avec son constructeur de page de glisser-d\u00e9poser intuitif, vous pouvez facilement cr\u00e9er des pages et des sections personnalis\u00e9es sans aucune connaissance de codage.<\/li>\n<li>Le th\u00e8me comprend \u00e9galement un portail d&#8217;emploi personnalisable, vous permettant de cr\u00e9er des listes d&#8217;emplois, d&rsquo;accepter les applications et de g\u00e9rer les candidats \u00e0 partir de votre tableau de bord WordPress.<\/li>\n<li>HR Human Consult est enti\u00e8rement r\u00e9actif, garantissant que votre site Web sera incroyable sur tous les appareils et tailles d&rsquo;\u00e9cran.<\/li>\n<li>Le th\u00e8me est \u00e9galement optimis\u00e9 pour le r\u00e9f\u00e9rencement, ce qui permet aux demandeurs d&#8217;emploi de trouver facilement vos listes via des moteurs de recherche.<\/li>\n<li>D&rsquo;autres fonctionnalit\u00e9s notables incluent une vari\u00e9t\u00e9 de mod\u00e8les de page pr\u00e9d\u00e9finis, de widgets personnalis\u00e9s et de prise en charge de plusieurs langues.<\/li>\n<li>HR Human Consult est soutenue par une \u00e9quipe de soutien amicale et comp\u00e9tente, pr\u00eate \u00e0 vous aider avec toutes les questions ou probl\u00e8mes que vous pourriez rencontrer.<\/li>\n<\/ul>\n","protected":false},"excerpt":{"rendered":"<p>Le th\u00e8me WordPress de recherche et de recrutement HR Human Consulting se pr\u00e9sente comme la solution ultime et globale pour les entreprises cherchant \u00e0 rationaliser et \u00e0 simplifier leur processus de recrutement complexe et souvent ardu. Arm\u00e9 d&rsquo;une pl\u00e9thore d&rsquo;outils conviviaux et de fonctionnalit\u00e9s hautement personnalisables, ce th\u00e8me remarquable aide les employeurs dans sa qu\u00eate pour rechercher, \u00e9valuer, \u00e9valuer et, finalement, utiliser sans effort et en fin de compte. B\u00e9n\u00e9ficiant d&rsquo;un design \u00e9l\u00e9gant et contemporain, le th\u00e8me des RH Human Consult d\u00e9gage d&rsquo;un air de professionnalisme et de sophistication, am\u00e9liorant ainsi l&rsquo;image globale et la r\u00e9putation de votre organisation estim\u00e9e. De plus, il offre une exp\u00e9rience supr\u00eamement centr\u00e9e sur l&rsquo;utilisateur et intuitif aux candidats potentiels, garantissant un niveau de commodit\u00e9 et d&rsquo;accessibilit\u00e9 in\u00e9gal\u00e9. Embrassez cet outil de recrutement puissant et robuste et lib\u00e9rez-vous des entraves du temps perdu et des complications inutiles. En exploitant la puissance et l&rsquo;efficacit\u00e9 de cette ressource inestimable, vous serez en mesure d&rsquo;identifier rapidement et efficacement les talents les plus meilleurs et les plus appropri\u00e9s pour votre \u00e9quipe estim\u00e9e, propulsant ainsi votre organisation \u00e0 des sommets inimaginables.<\/p>\n","protected":false},"featured_media":144200,"comment_status":"open","ping_status":"open","template":"","meta":[],"product_brand":[2433],"product_cat":[1516,1212,1213],"product_tag":[1366],"class_list":{"0":"post-112185","1":"product","2":"type-product","3":"status-publish","4":"has-post-thumbnail","6":"product_brand-themeforest","7":"product_cat-entreprise","8":"product_cat-themes","9":"product_cat-wordpress-themes","10":"product_tag-themeforest","11":"member-discount","12":"discount-restricted","14":"first","15":"instock","16":"sale","17":"downloadable","18":"virtual","19":"sold-individually","20":"purchasable","21":"product-type-simple"},"_links":{"self":[{"href":"https:\/\/gpl-love.com\/fr\/wp-json\/wp\/v2\/product\/112185","targetHints":{"allow":["GET"]}}],"collection":[{"href":"https:\/\/gpl-love.com\/fr\/wp-json\/wp\/v2\/product"}],"about":[{"href":"https:\/\/gpl-love.com\/fr\/wp-json\/wp\/v2\/types\/product"}],"replies":[{"embeddable":true,"href":"https:\/\/gpl-love.com\/fr\/wp-json\/wp\/v2\/comments?post=112185"}],"wp:featuredmedia":[{"embeddable":true,"href":"https:\/\/gpl-love.com\/fr\/wp-json\/wp\/v2\/media\/144200"}],"wp:attachment":[{"href":"https:\/\/gpl-love.com\/fr\/wp-json\/wp\/v2\/media?parent=112185"}],"wp:term":[{"taxonomy":"product_brand","embeddable":true,"href":"https:\/\/gpl-love.com\/fr\/wp-json\/wp\/v2\/product_brand?post=112185"},{"taxonomy":"product_cat","embeddable":true,"href":"https:\/\/gpl-love.com\/fr\/wp-json\/wp\/v2\/product_cat?post=112185"},{"taxonomy":"product_tag","embeddable":true,"href":"https:\/\/gpl-love.com\/fr\/wp-json\/wp\/v2\/product_tag?post=112185"}],"curies":[{"name":"wp","href":"https:\/\/api.w.org\/{rel}","templated":true}]}}