{"id":112183,"date":"2025-10-20T00:00:00","date_gmt":"2025-10-19T22:00:00","guid":{"rendered":"http:\/\/gpl-love.com\/fr\/produit\/cbkit-course-builder-lms-wordpress-theme\/"},"modified":"2026-03-20T22:59:13","modified_gmt":"2026-03-20T21:59:13","slug":"cbkit-course-builder-lms-wordpress-theme","status":"publish","type":"product","link":"https:\/\/gpl-love.com\/fr\/produit\/cbkit-course-builder-lms-wordpress-theme\/","title":{"rendered":"Course Builder et LMS WordPress Theme 3.6.9"},"content":{"rendered":"<h3>Course Builder et LMS WordPress Theme Traits<\/h3>\n<p>Le constructeur de cours et le th\u00e8me LMS WordPress est un outil extr\u00eamement robuste et tr\u00e8s efficace qui donne aux utilisateurs la possibilit\u00e9 de g\u00e9n\u00e9rer et de superviser sans effort des cours en ligne. Avec sa vaste gamme de mod\u00e8les personnalisables et ses fonctionnalit\u00e9s remarquablement conviviales de glisser-d\u00e9poser, le processus de fabrication de contenu captivant et vraiment interactif n&rsquo;a jamais \u00e9t\u00e9 plus accessible. En outre, ce th\u00e8me exceptionnel poss\u00e8de \u00e9galement l&rsquo;inclusion d&rsquo;un syst\u00e8me de gestion de l&rsquo;apprentissage de pointe, offrant aux utilisateurs la possibilit\u00e9 de surveiller m\u00e9ticuleusement les progr\u00e8s de leurs \u00e9tudiants, d&rsquo;administrer efficacement des affectations et des quiz et de fournir rapidement de pr\u00e9cieux commentaires en temps r\u00e9el. Que vous vous trouviez dans le r\u00f4le d&rsquo;un \u00e9ducateur estim\u00e9, d&rsquo;un entra\u00eeneur chevronn\u00e9 ou d&rsquo;un entrepreneur entreprenant qui aspire \u00e0 capitaliser sur leur domaine d&rsquo;expertise, il devient clairement clair que ce constructeur de cours in\u00e9gal\u00e9 et le th\u00e8me LMS WordPress repr\u00e9sente sans aucun doute la solution essentielle \u00e0 la solution pour la solution essentielle pour la solution mille pour la solution mille pour la solution essentielle pour la solution mille pour la solution essentielle pour la solution mille pour la solution mille pour la solution mille pour la solution essentielle \u00e0 la solution mille pour la solution mille pour la solution essentielle \u00e0 la solution mille pour la solution essentielle pour la solution mille pour la solution mille pour la solution essentielle \u00e0 la solution mille pour la solution mille pour la solution mille pour la solution mille pour la solution mille pour la solution mille pour la solution mille pour la solution mille pour la solution mille pour la solution mille pour la solution mille pour la solution mille pour la solution mille pour la solution mille pour la solution \u00a0\u00bb Cr\u00e9ation et livraison transparentes de cours en ligne hautement professionnels et de haut niveau.<\/p>\n<ul>\n<li>Interface conviviale pour la cr\u00e9ation et la gestion des cours en ligne<\/li>\n<li>Le constructeur de parcours de glisser-d\u00e9poser permet une personnalisation facile de la structure de cours<\/li>\n<li>Syst\u00e8me de gestion de l&rsquo;apprentissage int\u00e9gr\u00e9 (LMS) pour suivre les progr\u00e8s et les notes des \u00e9tudiants<\/li>\n<li>Compatible avec WordPress, l&rsquo;une des plates-formes de site Web les plus utilis\u00e9es<\/li>\n<li>Conception enti\u00e8rement r\u00e9active et conviviale pour une visualisation optimale sur n&rsquo;importe quel appareil<\/li>\n<li>Multipli\u00e9s dispositions au choix, y compris les options de grille et de liste<\/li>\n<li>Capacit\u00e9s de recherche avanc\u00e9es pour aider les \u00e9tudiants \u00e0 trouver rapidement des cours et du contenu<\/li>\n<li>Int\u00e9gration avec des passerelles de paiement populaires pour une mon\u00e9tisation facile des cours<\/li>\n<li>Capacit\u00e9 \u00e0 cr\u00e9er des quiz, des affectations et d&rsquo;autres types d&rsquo;\u00e9valuations pour les \u00e9tudiants<\/li>\n<li>Support multilingue pour les publications internationales<\/li>\n<li>Assistance client d\u00e9di\u00e9e \u00e0 toute question ou questions techniques.<\/li>\n<\/ul>\n","protected":false},"excerpt":{"rendered":"<p>Lib\u00e9rez le potentiel de votre \u00e9tablissement d&rsquo;enseignement avec notre constructeur de cours polyvalent et le th\u00e8me WordPress de la gestion de l&rsquo;apprentissage (LMS). Con\u00e7u pour les \u00e9ducateurs et les institutions, ce th\u00e8me propose une plate-forme LMS robuste, offrant une interface rationalis\u00e9e pour g\u00e9rer et dispenser des cours en ligne. La fonctionnalit\u00e9 du constructeur de cours vous permet de cr\u00e9er des cours interactifs complets avec facilit\u00e9, offrant \u00e0 vos \u00e9tudiants une exp\u00e9rience d&rsquo;apprentissage engageante. Le composant LMS permet une gestion efficace des donn\u00e9es des \u00e9tudiants, du contenu du cours et des syst\u00e8mes de notation, ce qui vous permet d&rsquo;\u00e9conomiser du temps et des ressources pr\u00e9cieux. Ce th\u00e8me WordPress est enti\u00e8rement personnalisable, vous permettant de l&rsquo;adapter \u00e0 l&rsquo;esth\u00e9tique de votre marque. Boostez la pr\u00e9sence num\u00e9rique de votre \u00e9tablissement avec notre constructeur de cours et le th\u00e8me LMS WordPress, l&rsquo;outil parfait pour am\u00e9liorer l&rsquo;exp\u00e9rience d&rsquo;apprentissage tout en simplifiant la gestion des cours.<\/p>\n","protected":false},"featured_media":143433,"comment_status":"open","ping_status":"open","template":"","meta":[],"product_brand":[2433],"product_cat":[1242,1212,1213],"product_tag":[1366],"class_list":{"0":"post-112183","1":"product","2":"type-product","3":"status-publish","4":"has-post-thumbnail","6":"product_brand-themeforest","7":"product_cat-creatif","8":"product_cat-themes","9":"product_cat-wordpress-themes","10":"product_tag-themeforest","11":"member-discount","12":"discount-restricted","14":"first","15":"instock","16":"sale","17":"downloadable","18":"virtual","19":"sold-individually","20":"purchasable","21":"product-type-simple"},"_links":{"self":[{"href":"https:\/\/gpl-love.com\/fr\/wp-json\/wp\/v2\/product\/112183","targetHints":{"allow":["GET"]}}],"collection":[{"href":"https:\/\/gpl-love.com\/fr\/wp-json\/wp\/v2\/product"}],"about":[{"href":"https:\/\/gpl-love.com\/fr\/wp-json\/wp\/v2\/types\/product"}],"replies":[{"embeddable":true,"href":"https:\/\/gpl-love.com\/fr\/wp-json\/wp\/v2\/comments?post=112183"}],"wp:featuredmedia":[{"embeddable":true,"href":"https:\/\/gpl-love.com\/fr\/wp-json\/wp\/v2\/media\/143433"}],"wp:attachment":[{"href":"https:\/\/gpl-love.com\/fr\/wp-json\/wp\/v2\/media?parent=112183"}],"wp:term":[{"taxonomy":"product_brand","embeddable":true,"href":"https:\/\/gpl-love.com\/fr\/wp-json\/wp\/v2\/product_brand?post=112183"},{"taxonomy":"product_cat","embeddable":true,"href":"https:\/\/gpl-love.com\/fr\/wp-json\/wp\/v2\/product_cat?post=112183"},{"taxonomy":"product_tag","embeddable":true,"href":"https:\/\/gpl-love.com\/fr\/wp-json\/wp\/v2\/product_tag?post=112183"}],"curies":[{"name":"wp","href":"https:\/\/api.w.org\/{rel}","templated":true}]}}