{"id":112181,"date":"2021-03-20T00:00:00","date_gmt":"2021-03-19T23:00:00","guid":{"rendered":"http:\/\/gpl-love.com\/fr\/produit\/geobin-digital-marketing-agency-seo-wordpress-theme\/"},"modified":"2026-03-20T23:16:08","modified_gmt":"2026-03-20T22:16:08","slug":"geobin-digital-marketing-agency-seo-wordpress-theme","status":"publish","type":"product","link":"https:\/\/gpl-love.com\/fr\/produit\/geobin-digital-marketing-agency-seo-wordpress-theme\/","title":{"rendered":"GeoBin Digital Marketing Agency, SEO WordPress Theme 2.7.1"},"content":{"rendered":"<h3>GeoBin Digital Marketing Agency, SEO WordPress Theme Traits<\/h3>\n<p>Le th\u00e8me de l&rsquo;agence de marketing num\u00e9rique Geobin SEO WordPress est un th\u00e8me de haut niveau, exceptionnellement con\u00e7u et largement personnalisable, id\u00e9alement adapt\u00e9 aux agences de marketing num\u00e9rique, aux entreprises de r\u00e9f\u00e9rencement et aux entreprises de diverses natures. Ce th\u00e8me remarquable a \u00e9t\u00e9 con\u00e7u de mani\u00e8re complexe pour aider \u00e0 la cr\u00e9ation d&rsquo;un site Web exquis qui met brillamment votre marque et vos services, attirant et retenant efficacement les clients. Le th\u00e8me Geobin est une pl\u00e9thore de fonctionnalit\u00e9s, facilitant de mani\u00e8re transparente la cr\u00e9ation d&rsquo;un site Web optimis\u00e9 en SEO qui poss\u00e8de des vitesses de chargement rapides et une navigation sans effort. Que vous poss\u00e9diez un ensemble de comp\u00e9tences novice ou avanc\u00e9 en tant que d\u00e9veloppeur, le th\u00e8me Geobin reste un choix sans \u00e9quivoque impeccable pour vos exigences de marketing num\u00e9rique. Par cons\u00e9quent, si vous aspirez \u00e0 \u00e9lever votre entreprise \u00e0 des hauteurs sans pr\u00e9c\u00e9dent, procurez le th\u00e8me Geobin Digital Marketing Agency SEO WordPress sans d\u00e9lai!<\/p>\n<ul>\n<li>Un th\u00e8me WordPress personnalisable et convivial sp\u00e9cialement con\u00e7u pour les agences de marketing num\u00e9rique et les professionnels du r\u00e9f\u00e9rencement<\/li>\n<li>Enti\u00e8rement optimis\u00e9 pour les moteurs de recherche, avec des fonctionnalit\u00e9s de r\u00e9f\u00e9rencement int\u00e9gr\u00e9es telles que des en-t\u00eates optimis\u00e9s et des balises de m\u00e9ta<\/li>\n<li>Variations de page d&rsquo;accueil multiples et options de personnalisation pour correspondre \u00e0 l&rsquo;identit\u00e9 de votre marque et aux objectifs commerciaux<\/li>\n<li>Comprend des pages pr\u00e9-con\u00e7ues pour les services, le portefeuille, l&rsquo;\u00e9quipe, les t\u00e9moignages et le blog<\/li>\n<li>Construit avec Elementor Page Builder, vous permettant de faire glisser et d\u00e9poser des \u00e9l\u00e9ments pour cr\u00e9er des pages \u00e9tonnantes sans aucune connaissance de codage<\/li>\n<li>Conception r\u00e9active, garantir que votre site Web a fi\u00e8re allure sur n&rsquo;importe quel appareil<\/li>\n<li>Comprend des polices Google et des ic\u00f4nes impressionnantes pour la police pour des options de conception suppl\u00e9mentaires<\/li>\n<li>S&rsquo;int\u00e8gre \u00e0 des plugins populaires tels que le formulaire de contact 7, MailChimp et WooCommerce<\/li>\n<li>Mises \u00e0 jour et soutien en cours de Geobin, garantissant que votre site Web reste \u00e0 jour et optimis\u00e9 pour les meilleures performances.<\/li>\n<\/ul>\n","protected":false},"excerpt":{"rendered":"<p>Permettez-nous de pr\u00e9senter l&rsquo;agence de marketing num\u00e9rique Geobin, un th\u00e8me remarquable de SEO WordPress qui offre une solution id\u00e9ale pour les entreprises qui cherchent \u00e0 am\u00e9liorer leur pr\u00e9sence en ligne. Ce th\u00e8me remarquablement puissant poss\u00e8de une vaste gamme de fonctionnalit\u00e9s de r\u00e9f\u00e9rencement avanc\u00e9es et d&rsquo;options personnalisables, toutes m\u00e9ticuleusement con\u00e7ues pour am\u00e9liorer consid\u00e9rablement les classements des moteurs de recherche et g\u00e9n\u00e9rer efficacement un volume accru de trafic vers votre site Web estim\u00e9. Geobin vous permet sans effort d&rsquo;afficher vos services en \u00e9vidence et de pr\u00e9senter votre portefeuille, tandis que les formulaires d&rsquo;opt-in positionn\u00e9s strat\u00e9giquement capturent efficacement des prospects pr\u00e9cieux. Le design \u00e9l\u00e9gant et contemporain garantit une apparence tr\u00e8s professionnelle qui laisse une impression durable \u00e0 la fois sur vos clients estim\u00e9s et vos clients appr\u00e9ci\u00e9s. De plus, avec une abondance d&rsquo;options de personnalisation simples, vous pouvez personnaliser de mani\u00e8re transparente Geobin pour s&rsquo;aligner parfaitement avec vos exigences de marque et de marketing uniques. \u00c9levez vos efforts de marketing en ligne \u00e0 des hauteurs sans pr\u00e9c\u00e9dent avec l&rsquo;agence de marketing num\u00e9rique Geobin in\u00e9gal\u00e9e, le th\u00e8me SEO WordPress.<\/p>\n","protected":false},"featured_media":143961,"comment_status":"open","ping_status":"open","template":"","meta":[],"product_brand":[2433],"product_cat":[1242,1212,1213],"product_tag":[1366],"class_list":{"0":"post-112181","1":"product","2":"type-product","3":"status-publish","4":"has-post-thumbnail","6":"product_brand-themeforest","7":"product_cat-creatif","8":"product_cat-themes","9":"product_cat-wordpress-themes","10":"product_tag-themeforest","11":"member-discount","12":"discount-restricted","14":"first","15":"instock","16":"sale","17":"downloadable","18":"virtual","19":"sold-individually","20":"purchasable","21":"product-type-simple"},"_links":{"self":[{"href":"https:\/\/gpl-love.com\/fr\/wp-json\/wp\/v2\/product\/112181","targetHints":{"allow":["GET"]}}],"collection":[{"href":"https:\/\/gpl-love.com\/fr\/wp-json\/wp\/v2\/product"}],"about":[{"href":"https:\/\/gpl-love.com\/fr\/wp-json\/wp\/v2\/types\/product"}],"replies":[{"embeddable":true,"href":"https:\/\/gpl-love.com\/fr\/wp-json\/wp\/v2\/comments?post=112181"}],"wp:featuredmedia":[{"embeddable":true,"href":"https:\/\/gpl-love.com\/fr\/wp-json\/wp\/v2\/media\/143961"}],"wp:attachment":[{"href":"https:\/\/gpl-love.com\/fr\/wp-json\/wp\/v2\/media?parent=112181"}],"wp:term":[{"taxonomy":"product_brand","embeddable":true,"href":"https:\/\/gpl-love.com\/fr\/wp-json\/wp\/v2\/product_brand?post=112181"},{"taxonomy":"product_cat","embeddable":true,"href":"https:\/\/gpl-love.com\/fr\/wp-json\/wp\/v2\/product_cat?post=112181"},{"taxonomy":"product_tag","embeddable":true,"href":"https:\/\/gpl-love.com\/fr\/wp-json\/wp\/v2\/product_tag?post=112181"}],"curies":[{"name":"wp","href":"https:\/\/api.w.org\/{rel}","templated":true}]}}