{"id":112179,"date":"2021-02-24T00:00:00","date_gmt":"2021-02-23T23:00:00","guid":{"rendered":"http:\/\/gpl-love.com\/fr\/produit\/free-downloads-woocommerce-pro\/"},"modified":"2026-03-20T23:06:43","modified_gmt":"2026-03-20T22:06:43","slug":"free-downloads-woocommerce-pro","status":"publish","type":"product","link":"https:\/\/gpl-love.com\/fr\/produit\/free-downloads-woocommerce-pro\/","title":{"rendered":"Free Downloads WooCommerce Pro 3.3.0"},"content":{"rendered":"<h3>Free Downloads WooCommerce Pro Traits<\/h3>\n<p>Le plugin gratuit de t\u00e9l\u00e9chargements WooCommerce est un outil incroyablement robuste et efficace qui offre une m\u00e9thode transparente et simple pour fournir des t\u00e9l\u00e9chargements compl\u00e9mentaires \u00e0 vos pr\u00e9cieux clients. Avec l&rsquo;installation de ce plugin exceptionnel, vous pourrez \u00e9tablir et configurer sans effort des t\u00e9l\u00e9chargements gratuits pour vos produits estim\u00e9s, int\u00e9grer sans effort des liens de t\u00e9l\u00e9chargement dans vos pages de produits m\u00e9ticuleusement con\u00e7ues, et m\u00eame impl\u00e9menter des limitations de t\u00e9l\u00e9chargement bas\u00e9es sur les r\u00f4les utilisateur ou l&rsquo;historique d&rsquo;achat pr\u00e9c\u00e9dent. L&rsquo;\u00e9dition professionnelle de ce plugin remarquable poss\u00e8de des fonctionnalit\u00e9s suppl\u00e9mentaires telles que des capacit\u00e9s de suivi de t\u00e9l\u00e9chargement compl\u00e8tes, la possibilit\u00e9 de personnaliser les dates d&rsquo;expiration de t\u00e9l\u00e9chargement en fonction de vos besoins et pr\u00e9f\u00e9rences sp\u00e9cifiques, et un \u00e9ventail de fonctionnalit\u00e9s suppl\u00e9mentaires qui am\u00e9lioreront sans aucun doute votre exp\u00e9rience utilisateur globale. Ce plugin in\u00e9gal\u00e9 est la solution par excellence pour les entreprises qui sont d\u00e9sireuses de fournir des t\u00e9l\u00e9chargements compl\u00e9mentaires \u00e0 leurs clients fid\u00e8les tout en conservant simultan\u00e9ment un enregistrement complet de leur activit\u00e9 de t\u00e9l\u00e9chargement. En substance, le plugin WooCommerce Pro t\u00e9l\u00e9chargement gratuit est une n\u00e9cessit\u00e9 absolue pour tout magasin WooCommerce qui s&rsquo;engage \u00e0 offrir une valeur exceptionnelle et une commodit\u00e9 in\u00e9gal\u00e9e \u00e0 leur client\u00e8le ch\u00e9ri.<\/p>\n<ul>\n<li>Vous permet d&rsquo;offrir gratuitement des produits num\u00e9riques sur votre boutique WooCommerce<\/li>\n<li>T\u00e9l\u00e9chargez et g\u00e9rer facilement rapidement et g\u00e9rer les fichiers t\u00e9l\u00e9chargeables<\/li>\n<li>Personnaliser les liens de t\u00e9l\u00e9chargement et les dates d&rsquo;expiration pour une s\u00e9curit\u00e9 suppl\u00e9mentaire<\/li>\n<li>Suivre et g\u00e9rer toutes les commandes de t\u00e9l\u00e9chargement gratuit dans le syst\u00e8me de gestion des commandes WooCommerce<\/li>\n<li>Fonctionne de mani\u00e8re transparente avec d&rsquo;autres plugins et th\u00e8mes WooCommerce<\/li>\n<li>Fournit une interface simple et conviviale pour les propri\u00e9taires de magasins et les clients<\/li>\n<li>Gave le temps et les tracas en automatisant le processus de livraison de t\u00e9l\u00e9chargements gratuits<\/li>\n<li>Am\u00e9liore l&rsquo;exp\u00e9rience client en simplifiant le processus d&rsquo;obtention des produits num\u00e9riques gratuits.<\/li>\n<\/ul>\n","protected":false},"excerpt":{"rendered":"<p>L&rsquo;extension Free Downloads WooCommerce Pro est un plugin exceptionnel dot\u00e9 d&rsquo;une large gamme de fonctionnalit\u00e9s qui vous permet d&rsquo;offrir facilement des produits t\u00e9l\u00e9chargeables gratuits \u00e0 vos clients WooCommerce. Gr\u00e2ce \u00e0 cette extension remarquable, vous pouvez g\u00e9n\u00e9rer sans effort des fichiers t\u00e9l\u00e9chargeables, incluant divers formats num\u00e9riques tels que des livres num\u00e9riques, de la musique et des images, et les offrir gratuitement \u00e0 votre client\u00e8le. Ce qui distingue cette extension, c&rsquo;est l&rsquo;int\u00e9gration de fonctionnalit\u00e9s avanc\u00e9es comme la limitation et le suivi des t\u00e9l\u00e9chargements, entre autres, confirmant ainsi son statut d&rsquo;outil indispensable pour tout propri\u00e9taire de boutique WooCommerce soucieux d&rsquo;offrir des produits t\u00e9l\u00e9chargeables gratuits \u00e0 ses clients. N&rsquo;h\u00e9sitez plus, procurez-vous Free Downloads WooCommerce Pro d\u00e8s aujourd&rsquo;hui et commencez \u00e0 distribuer de merveilleux cadeaux \u00e0 vos clients !<\/p>\n","protected":false},"featured_media":143926,"comment_status":"open","ping_status":"open","template":"","meta":[],"product_brand":[2556],"product_cat":[1182,1223,1181],"product_tag":[1676],"class_list":{"0":"post-112179","1":"product","2":"type-product","3":"status-publish","4":"has-post-thumbnail","6":"product_brand-square-one-media","7":"product_cat-commerce-electronique-plugins","8":"product_cat-personnalisation-commerce-electronique-plugins","9":"product_cat-plugins","10":"product_tag-square-one-media","11":"member-discount","12":"discount-restricted","14":"first","15":"instock","16":"sale","17":"downloadable","18":"virtual","19":"sold-individually","20":"purchasable","21":"product-type-simple"},"_links":{"self":[{"href":"https:\/\/gpl-love.com\/fr\/wp-json\/wp\/v2\/product\/112179","targetHints":{"allow":["GET"]}}],"collection":[{"href":"https:\/\/gpl-love.com\/fr\/wp-json\/wp\/v2\/product"}],"about":[{"href":"https:\/\/gpl-love.com\/fr\/wp-json\/wp\/v2\/types\/product"}],"replies":[{"embeddable":true,"href":"https:\/\/gpl-love.com\/fr\/wp-json\/wp\/v2\/comments?post=112179"}],"wp:featuredmedia":[{"embeddable":true,"href":"https:\/\/gpl-love.com\/fr\/wp-json\/wp\/v2\/media\/143926"}],"wp:attachment":[{"href":"https:\/\/gpl-love.com\/fr\/wp-json\/wp\/v2\/media?parent=112179"}],"wp:term":[{"taxonomy":"product_brand","embeddable":true,"href":"https:\/\/gpl-love.com\/fr\/wp-json\/wp\/v2\/product_brand?post=112179"},{"taxonomy":"product_cat","embeddable":true,"href":"https:\/\/gpl-love.com\/fr\/wp-json\/wp\/v2\/product_cat?post=112179"},{"taxonomy":"product_tag","embeddable":true,"href":"https:\/\/gpl-love.com\/fr\/wp-json\/wp\/v2\/product_tag?post=112179"}],"curies":[{"name":"wp","href":"https:\/\/api.w.org\/{rel}","templated":true}]}}