{"id":112173,"date":"2022-03-23T00:00:00","date_gmt":"2022-03-22T23:00:00","guid":{"rendered":"http:\/\/gpl-love.com\/fr\/produit\/blo-corporate-business-wordpress-theme\/"},"modified":"2026-03-20T22:56:25","modified_gmt":"2026-03-20T21:56:25","slug":"blo-corporate-business-wordpress-theme","status":"publish","type":"product","link":"https:\/\/gpl-love.com\/fr\/produit\/blo-corporate-business-wordpress-theme\/","title":{"rendered":"BLO Corporate Business WordPress Theme 3.6"},"content":{"rendered":"<h3>BLO Corporate Business WordPress Theme Traits<\/h3>\n<p>Le th\u00e8me WordPress d&rsquo;entreprise BLO, avec ses capacit\u00e9s impressionnants, s&rsquo;av\u00e8re \u00eatre une solution tr\u00e8s avantageuse pour les entreprises visant \u00e0 \u00e9tablir une pr\u00e9sence en ligne robuste. B\u00e9n\u00e9ficiant d&rsquo;un design de pointe et poli, ce th\u00e8me permet aux utilisateurs de construire sans effort un site Web remarquablement sophistiqu\u00e9, m\u00eame en l&rsquo;absence d&rsquo;expertise de codage. Un aspect remarquable du th\u00e8me WordPress d&rsquo;entreprise BLO d&rsquo;entreprise r\u00e9side dans sa personnalisation compl\u00e8te, accordant aux utilisateurs un vaste assortiment de fonctionnalit\u00e9s et de fonctionnalit\u00e9s, y compris, mais sans s&rsquo;y limiter, les widgets personnalis\u00e9s, les dispositions adaptables et divers mod\u00e8les de pages. De plus, la conception r\u00e9active de ce th\u00e8me garantit une exp\u00e9rience visuelle impeccable sur tous les appareils, garantissant ainsi une satisfaction optimale des utilisateurs. Dans l&rsquo;ensemble, le th\u00e8me WordPress d&rsquo;entreprise BLO appara\u00eet comme une option exceptionnelle pour les entreprises qui aspirent \u00e0 \u00e9lever leur visibilit\u00e9 en ligne et \u00e0 afficher leur marque avec le plus grand professionnalisme.<\/p>\n<ul>\n<li>Conception propre et moderne avec plusieurs options personnalisables<\/li>\n<li>Disposition r\u00e9active qui fonctionne bien sur tous les appareils<\/li>\n<li>Comprend une vari\u00e9t\u00e9 de mod\u00e8les de page pr\u00e9fabriqu\u00e9s pour une configuration facile<\/li>\n<li>Compatible avec les plugins WordPress populaires tels que WooCommerce et Contact Form 7<\/li>\n<li>Construit en pensant au r\u00e9f\u00e9rencement pour aider \u00e0 am\u00e9liorer le classement des sites Web<\/li>\n<li>Comprend un panneau d&rsquo;options de th\u00e8me puissant pour personnaliser les couleurs, les polices et plus<\/li>\n<li>Livr\u00e9 avec une gamme de widgets pr\u00e9d\u00e9finis et de shortcodes pour des fonctionnalit\u00e9s suppl\u00e9mentaires<\/li>\n<li>Support client 24\/7 disponible pour tous les probl\u00e8mes ou questions<\/li>\n<li>R\u00e9guli\u00e8rement mis \u00e0 jour avec de nouvelles fonctionnalit\u00e9s et des corrections de bogues pour assurer des performances optimales<\/li>\n<li>Id\u00e9al pour les entreprises de toutes tailles qui cherchent \u00e0 cr\u00e9er une pr\u00e9sence en ligne professionnelle.<\/li>\n<\/ul>\n","protected":false},"excerpt":{"rendered":"<p>Le th\u00e8me WordPress d&rsquo;entreprise BLO est la solution parfaite pour toute entreprise qui cherche \u00e0 am\u00e9liorer sa pr\u00e9sence en ligne. Avec sa conception \u00e9l\u00e9gante et son interface conviviale, il offre un look professionnel et poli pour votre site Web d&rsquo;entreprise. Le th\u00e8me est pleinement r\u00e9actif, assurant une exp\u00e9rience transparente sur tous les appareils. Il est \u00e9galement optimis\u00e9 en SEO, ce qui peut augmenter la visibilit\u00e9 de votre site dans les r\u00e9sultats des moteurs de recherche, augmentant ainsi le trafic potentiel des clients. Le th\u00e8me BLO est facile \u00e0 personnaliser, vous permettant d&rsquo;adapter la conception en fonction du style et des besoins de votre marque. De plus, il est livr\u00e9 avec un plugin WooCommerce int\u00e9gr\u00e9, vous permettant de configurer une boutique en ligne enti\u00e8rement fonctionnelle en un rien de temps. Avec son assistance client fantastique et ses mises \u00e0 jour r\u00e9guli\u00e8res, le th\u00e8me WordPress d&rsquo;entreprise BLO offre une solution fiable et efficace pour les besoins en ligne de votre entreprise.<\/p>\n","protected":false},"featured_media":143250,"comment_status":"open","ping_status":"open","template":"","meta":[],"product_brand":[2433],"product_cat":[1516,1212,1213],"product_tag":[1366],"class_list":{"0":"post-112173","1":"product","2":"type-product","3":"status-publish","4":"has-post-thumbnail","6":"product_brand-themeforest","7":"product_cat-entreprise","8":"product_cat-themes","9":"product_cat-wordpress-themes","10":"product_tag-themeforest","11":"member-discount","12":"discount-restricted","14":"first","15":"instock","16":"sale","17":"downloadable","18":"virtual","19":"sold-individually","20":"purchasable","21":"product-type-simple"},"_links":{"self":[{"href":"https:\/\/gpl-love.com\/fr\/wp-json\/wp\/v2\/product\/112173","targetHints":{"allow":["GET"]}}],"collection":[{"href":"https:\/\/gpl-love.com\/fr\/wp-json\/wp\/v2\/product"}],"about":[{"href":"https:\/\/gpl-love.com\/fr\/wp-json\/wp\/v2\/types\/product"}],"replies":[{"embeddable":true,"href":"https:\/\/gpl-love.com\/fr\/wp-json\/wp\/v2\/comments?post=112173"}],"wp:featuredmedia":[{"embeddable":true,"href":"https:\/\/gpl-love.com\/fr\/wp-json\/wp\/v2\/media\/143250"}],"wp:attachment":[{"href":"https:\/\/gpl-love.com\/fr\/wp-json\/wp\/v2\/media?parent=112173"}],"wp:term":[{"taxonomy":"product_brand","embeddable":true,"href":"https:\/\/gpl-love.com\/fr\/wp-json\/wp\/v2\/product_brand?post=112173"},{"taxonomy":"product_cat","embeddable":true,"href":"https:\/\/gpl-love.com\/fr\/wp-json\/wp\/v2\/product_cat?post=112173"},{"taxonomy":"product_tag","embeddable":true,"href":"https:\/\/gpl-love.com\/fr\/wp-json\/wp\/v2\/product_tag?post=112173"}],"curies":[{"name":"wp","href":"https:\/\/api.w.org\/{rel}","templated":true}]}}