{"id":112171,"date":"2021-02-24T00:00:00","date_gmt":"2021-02-23T23:00:00","guid":{"rendered":"http:\/\/gpl-love.com\/fr\/produit\/blabber-blog-and-news-magazine-wordpress-theme\/"},"modified":"2026-03-20T22:56:21","modified_gmt":"2026-03-20T21:56:21","slug":"blabber-blog-and-news-magazine-wordpress-theme","status":"publish","type":"product","link":"https:\/\/gpl-love.com\/fr\/produit\/blabber-blog-and-news-magazine-wordpress-theme\/","title":{"rendered":"Blabber Blog et News Magazine WordPress Theme 1.7.0"},"content":{"rendered":"<h3>Blabber Blog et News Magazine WordPress Theme Traits<\/h3>\n<p>BLABBER BLOG ET MAGAZINE DE NOUVELLES WordPress Th\u00e8me, un th\u00e8me contemporain et enti\u00e8rement r\u00e9actif, a \u00e9t\u00e9 con\u00e7u de mani\u00e8re experte pour les blogueurs et les \u00e9diteurs de nouvelles. Son interface, qui est \u00e0 la fois conviviale et intuitive, s&rsquo;accompagne d&rsquo;une pl\u00e9thore de fonctionnalit\u00e9s personnalisables qui permettent aux utilisateurs de modeler des sites Web non seulement uniques mais qui poss\u00e8dent \u00e9galement une esth\u00e9tique professionnelle, tout en contournant la n\u00e9cessit\u00e9 d&rsquo;une expertise de codage. B\u00e9n\u00e9ficiant d&rsquo;un large \u00e9ventail de dispositions de page d&rsquo;accueil, de formats de poste et de widgets, ce th\u00e8me garantit que les utilisateurs ont la plus haute occasion de montrer leur contenu d&rsquo;une mani\u00e8re \u00e0 la fois captivante et percutante. De plus, l&rsquo;int\u00e9gration des m\u00e9dias sociaux, l&rsquo;optimisation des moteurs de recherche et la compatibilit\u00e9 entre les navigateurs ont tous \u00e9t\u00e9 int\u00e9gr\u00e9s de mani\u00e8re transparente dans le cadre du th\u00e8me. Essentiellement, le th\u00e8me Blabber Blog et News Magazine WordPress est l&rsquo;incarnation de la perfection pour ceux qui souhaitent fa\u00e7onner une plate-forme en ligne pour leur blog ou leur magazine d&rsquo;actualit\u00e9s qui est \u00e0 la fois visuellement frappant et engageant.<\/p>\n<ul>\n<li>Un th\u00e8me WordPress \u00e9l\u00e9gant et moderne con\u00e7u pour les blogs et les magazines d&rsquo;information<\/li>\n<li>Plusieurs dispositions de page d&rsquo;accueil disponibles au choix<\/li>\n<li>Int\u00e9gration des m\u00e9dias sociaux int\u00e9gr\u00e9s et boutons de partage<\/li>\n<li>Conception enti\u00e8rement r\u00e9active qui a fi\u00e8re allure sur tous les appareils<\/li>\n<li>Options de personnalisation faciles avec l&rsquo;\u00e9diteur de th\u00e8me intuitif<\/li>\n<li>Options de publication flexibles, y compris les galeries d&rsquo;images, les diaporamas et les int\u00e9r\u00eats vid\u00e9o<\/li>\n<li>Le r\u00e9f\u00e9rencement optimis\u00e9 hors de la bo\u00eete pour aider votre contenu plus haut dans les moteurs de recherche<\/li>\n<li>Compatible avec des plugins populaires comme Jetpack et Yoast SEO<\/li>\n<li>Mises \u00e0 jour r\u00e9guli\u00e8res et excellent support client pour assurer une excellente exp\u00e9rience utilisateur.<\/li>\n<\/ul>\n","protected":false},"excerpt":{"rendered":"<p>D\u00e9couvrez le blog Blabber et le th\u00e8me WordPress du magazine News, votre solution ultime pour cr\u00e9er des plateformes en ligne engageantes, interactives et visuellement \u00e9poustouflantes. Ce th\u00e8me complet est enti\u00e8rement personnalisable, offrant une gamme de fonctionnalit\u00e9s con\u00e7ues pour am\u00e9liorer votre exp\u00e9rience de magazine de blogs ou d&rsquo;actualit\u00e9s. Blabber est construit en pensant au r\u00e9f\u00e9rencement, garantissant que votre site gagne une visibilit\u00e9 maximale. Il prend \u00e9galement en charge divers formats de poste et widgets personnalis\u00e9s, vous donnant la libert\u00e9 de cr\u00e9er un site Web unique et personnalis\u00e9. Avec sa conception pr\u00eate pour la r\u00e9tine et r\u00e9active, votre contenu sera net et \u00e9tonnant sur n&rsquo;importe quel appareil. Le th\u00e8me prend \u00e9galement en charge WooCommerce, vous permettant d&rsquo;int\u00e9grer une boutique en ligne sans effort. Enfin, profitez des mises \u00e0 jour r\u00e9guli\u00e8res et du support client professionnel pour vous aider \u00e0 prendre les d\u00e9fis. Choisissez le th\u00e8me Blabber WordPress pour une exp\u00e9rience de cr\u00e9ation de sites Web de premier ordre et conviviale.<\/p>\n","protected":false},"featured_media":143245,"comment_status":"open","ping_status":"open","template":"","meta":[],"product_brand":[2433],"product_cat":[1220,1212,1213],"product_tag":[1366],"class_list":{"0":"post-112171","1":"product","2":"type-product","3":"status-publish","4":"has-post-thumbnail","6":"product_brand-themeforest","7":"product_cat-blog-magazine","8":"product_cat-themes","9":"product_cat-wordpress-themes","10":"product_tag-themeforest","11":"member-discount","12":"discount-restricted","14":"first","15":"instock","16":"sale","17":"downloadable","18":"virtual","19":"sold-individually","20":"purchasable","21":"product-type-simple"},"_links":{"self":[{"href":"https:\/\/gpl-love.com\/fr\/wp-json\/wp\/v2\/product\/112171","targetHints":{"allow":["GET"]}}],"collection":[{"href":"https:\/\/gpl-love.com\/fr\/wp-json\/wp\/v2\/product"}],"about":[{"href":"https:\/\/gpl-love.com\/fr\/wp-json\/wp\/v2\/types\/product"}],"replies":[{"embeddable":true,"href":"https:\/\/gpl-love.com\/fr\/wp-json\/wp\/v2\/comments?post=112171"}],"wp:featuredmedia":[{"embeddable":true,"href":"https:\/\/gpl-love.com\/fr\/wp-json\/wp\/v2\/media\/143245"}],"wp:attachment":[{"href":"https:\/\/gpl-love.com\/fr\/wp-json\/wp\/v2\/media?parent=112171"}],"wp:term":[{"taxonomy":"product_brand","embeddable":true,"href":"https:\/\/gpl-love.com\/fr\/wp-json\/wp\/v2\/product_brand?post=112171"},{"taxonomy":"product_cat","embeddable":true,"href":"https:\/\/gpl-love.com\/fr\/wp-json\/wp\/v2\/product_cat?post=112171"},{"taxonomy":"product_tag","embeddable":true,"href":"https:\/\/gpl-love.com\/fr\/wp-json\/wp\/v2\/product_tag?post=112171"}],"curies":[{"name":"wp","href":"https:\/\/api.w.org\/{rel}","templated":true}]}}