{"id":112167,"date":"2021-06-17T00:00:00","date_gmt":"2021-06-16T22:00:00","guid":{"rendered":"http:\/\/gpl-love.com\/fr\/produit\/alliance-intranet-and-extranet-wordpress-theme\/"},"modified":"2026-03-20T22:54:26","modified_gmt":"2026-03-20T21:54:26","slug":"alliance-intranet-and-extranet-wordpress-theme","status":"publish","type":"product","link":"https:\/\/gpl-love.com\/fr\/produit\/alliance-intranet-and-extranet-wordpress-theme\/","title":{"rendered":"Alliance Intranet et Extranet WordPress Theme 2.4.8"},"content":{"rendered":"<h3>Alliance Intranet et Extranet WordPress Theme Traits<\/h3>\n<p>Le th\u00e8me Alliance Intranet et Extranet WordPress est un th\u00e8me remarquablement polyvalent et convivial qui r\u00e9pond aux besoins complexes et diversifi\u00e9s des entreprises \u00e0 la recherche d&rsquo;un syst\u00e8me de communication interne tr\u00e8s efficace et contemporain. B\u00e9n\u00e9ficiant d&rsquo;un design \u00e9l\u00e9gant et professionnel, ce th\u00e8me est id\u00e9al pour la cr\u00e9ation de portails Intranet et Extranet qui permettent aux employ\u00e9s et aux clients d&rsquo;acc\u00e9der facilement aux informations pertinentes, de s&rsquo;engager dans une communication transparente et de collaborer harmonieusement sur divers projets. Remarquablement, ce th\u00e8me fournit une pl\u00e9thore de fonctionnalit\u00e9s innovantes, englobant des mod\u00e8les personnalisables, une interface intuitivement navigable, un syst\u00e8me de connexion utilisateur s\u00e9curis\u00e9 de mani\u00e8re fiable et une int\u00e9gration transparente avec diverses plateformes de m\u00e9dias sociaux. En outre, il est important de noter que ce th\u00e8me est con\u00e7u pour \u00eatre pleinement r\u00e9actif, garantissant ainsi une exp\u00e9rience de visualisation optimale sur tous les appareils. Par cons\u00e9quent, il est incontestablement clair que le th\u00e8me Alliance Intranet et Extranet WordPress repr\u00e9sente un choix exceptionnel pour les entreprises d\u00e9termin\u00e9es \u00e0 rationaliser leurs canaux de communication internes et \u00e0 favoriser une collaboration am\u00e9lior\u00e9e entre leurs \u00e9quipes estim\u00e9es.<\/p>\n<ul>\n<li>Un th\u00e8me WordPress premium con\u00e7u sp\u00e9cifiquement pour les sites Web Intranet et Extranet.<\/li>\n<li>Livr\u00e9 avec un design propre et moderne avec des sections d\u00e9di\u00e9es pour les groupes, les membres et les activit\u00e9s.<\/li>\n<li>Comprend un tableau de bord puissant qui permet aux administrateurs de g\u00e9rer facilement les utilisateurs, les groupes et le contenu.<\/li>\n<li>Comprend des syst\u00e8mes de messagerie et de notification int\u00e9gr\u00e9s qui tiennent les membres \u00e0 jour sur des \u00e9v\u00e9nements et des annonces importantes.<\/li>\n<li>Comprend une fonctionnalit\u00e9 de recherche avanc\u00e9e qui permet aux utilisateurs de trouver rapidement les informations dont ils ont besoin.<\/li>\n<li>Prend en charge des options multicanguelles et multi-monnaies, ce qui le rend id\u00e9al pour les entreprises avec un public international.<\/li>\n<li>S&rsquo;int\u00e8gre parfaitement aux plugins populaires comme Buddypress, BBPress et WooCommerce.<\/li>\n<li>Livr\u00e9 avec une documentation approfondie et un support d\u00e9di\u00e9 pour aider les utilisateurs \u00e0 tirer le meilleur parti de leur site Web.<\/li>\n<\/ul>\n","protected":false},"excerpt":{"rendered":"<p>Le th\u00e8me Alliance Intranet et Extranet WordPress est une solution innovante con\u00e7ue pour am\u00e9liorer vos op\u00e9rations commerciales. Ce th\u00e8me est parfait pour mettre en place une plate-forme intranet ou Extranet efficace qui favorise la collaboration, le partage d&rsquo;informations et la communication transparente au sein de votre organisation. Le th\u00e8me de l&rsquo;Alliance est compatible WordPress, ce qui signifie que vous pouvez profiter d&rsquo;une installation facile, d&rsquo;une interface conviviale et de performances optimales. Ses fonctionnalit\u00e9s incluent une conception enti\u00e8rement r\u00e9active qui assure une exp\u00e9rience utilisateur transparente sur n&rsquo;importe quel appareil, une multitude d&rsquo;options de personnalisation pour un look personnalis\u00e9 et des mesures de s\u00e9curit\u00e9 robustes pour prot\u00e9ger vos donn\u00e9es. Le th\u00e8me de l&rsquo;Alliance n&rsquo;est pas seulement un outil, mais un investissement strat\u00e9gique pour stimuler la productivit\u00e9, favoriser l&rsquo;unit\u00e9 de l&rsquo;\u00e9quipe et optimiser vos processus internes.<\/p>\n","protected":false},"featured_media":143117,"comment_status":"open","ping_status":"open","template":"","meta":[],"product_brand":[2433],"product_cat":[1516,1212,1213],"product_tag":[1366],"class_list":{"0":"post-112167","1":"product","2":"type-product","3":"status-publish","4":"has-post-thumbnail","6":"product_brand-themeforest","7":"product_cat-entreprise","8":"product_cat-themes","9":"product_cat-wordpress-themes","10":"product_tag-themeforest","11":"member-discount","12":"discount-restricted","14":"first","15":"instock","16":"sale","17":"downloadable","18":"virtual","19":"sold-individually","20":"purchasable","21":"product-type-simple"},"_links":{"self":[{"href":"https:\/\/gpl-love.com\/fr\/wp-json\/wp\/v2\/product\/112167","targetHints":{"allow":["GET"]}}],"collection":[{"href":"https:\/\/gpl-love.com\/fr\/wp-json\/wp\/v2\/product"}],"about":[{"href":"https:\/\/gpl-love.com\/fr\/wp-json\/wp\/v2\/types\/product"}],"replies":[{"embeddable":true,"href":"https:\/\/gpl-love.com\/fr\/wp-json\/wp\/v2\/comments?post=112167"}],"wp:featuredmedia":[{"embeddable":true,"href":"https:\/\/gpl-love.com\/fr\/wp-json\/wp\/v2\/media\/143117"}],"wp:attachment":[{"href":"https:\/\/gpl-love.com\/fr\/wp-json\/wp\/v2\/media?parent=112167"}],"wp:term":[{"taxonomy":"product_brand","embeddable":true,"href":"https:\/\/gpl-love.com\/fr\/wp-json\/wp\/v2\/product_brand?post=112167"},{"taxonomy":"product_cat","embeddable":true,"href":"https:\/\/gpl-love.com\/fr\/wp-json\/wp\/v2\/product_cat?post=112167"},{"taxonomy":"product_tag","embeddable":true,"href":"https:\/\/gpl-love.com\/fr\/wp-json\/wp\/v2\/product_tag?post=112167"}],"curies":[{"name":"wp","href":"https:\/\/api.w.org\/{rel}","templated":true}]}}