{"id":112165,"date":"2026-04-22T00:00:00","date_gmt":"2026-04-21T22:00:00","guid":{"rendered":"http:\/\/gpl-love.com\/fr\/produit\/use-your-drive-google-drive-plugin-for-wordpress-2\/"},"modified":"2026-04-23T00:31:04","modified_gmt":"2026-04-22T22:31:04","slug":"use-your-drive-google-drive-plugin-for-wordpress-2","status":"publish","type":"product","link":"https:\/\/gpl-love.com\/fr\/produit\/use-your-drive-google-drive-plugin-for-wordpress-2\/","title":{"rendered":"Use your Drive Google Drive plugin pour WordPress 3.6"},"content":{"rendered":"<h3>Use your Drive Google Drive plugin pour WordPress Traits<\/h3>\n<p>Gr\u00e2ce au plugin Drive Google Drive pour WordPress, la t\u00e2che de g\u00e9rer le contenu de votre site Web est devenue incroyablement pratique et sans effort. Cet outil robuste s&rsquo;int\u00e8gre parfaitement \u00e0 votre compte Google Drive existant, vous accordant la capacit\u00e9 transparente de t\u00e9l\u00e9charger et superviser sans effort les fichiers directement \u00e0 partir de votre tableau de bord WordPress. Que votre objectif soit d&rsquo;incorporer des images captivantes, des vid\u00e9os engageantes ou des documents informatifs sur votre site Web, le plugin Google Drive Drive simplifie et optimise ce processus. De plus, sa fonctionnalit\u00e9 impressionnante s&rsquo;\u00e9tend \u00e0 l&rsquo;organisation de fichiers dans des dossiers soigneusement cat\u00e9goris\u00e9s et \u00e0 la localisation rapidement des \u00e9l\u00e9ments sp\u00e9cifiques gr\u00e2ce \u00e0 des capacit\u00e9s de recherche efficaces. Offrez des adieux \u00e0 la g\u00eane de la gestion manuelle des fichiers et am\u00e9liorez votre flux de travail en adoptant le plugin Google Drive Drive aujourd&rsquo;hui.<\/p>\n<ul>\n<li>Int\u00e8gre de mani\u00e8re transparente votre site WordPress avec votre compte Google Drive<\/li>\n<li>Vous permet d&rsquo;acc\u00e9der et d&rsquo;utiliser facilement vos fichiers Google Drive directement \u00e0 partir de votre tableau de bord WordPress<\/li>\n<li>Prend en charge divers types de fichiers, y compris des documents, des feuilles de calcul, des pr\u00e9sentations et des images<\/li>\n<li>Vous donne un contr\u00f4le total sur vos fichiers, vous permettant de les modifier, de les g\u00e9rer et de les partager facilement<\/li>\n<li>Vous permet d&rsquo;int\u00e9grer des fichiers Google Drive dans vos pages et articles WordPress en quelques clics<\/li>\n<li>Augmente la productivit\u00e9 en \u00e9liminant la n\u00e9cessit\u00e9 de t\u00e9l\u00e9charger, t\u00e9l\u00e9charger ou re-t\u00e9l\u00e9charger des fichiers entre Google Drive et WordPress<\/li>\n<li>Offre une solution s\u00e9curis\u00e9e et fiable pour g\u00e9rer et stocker vos fichiers en ligne<\/li>\n<li>Vous \u00e9vite le temps et les efforts en automatisant les t\u00e2ches de gestion des fichiers et en rationalisant votre flux de travail<\/li>\n<li>Fournit des performances rapides et r\u00e9actives, garantissant que vos fichiers se chargent rapidement et en douceur sur votre site WordPress<\/li>\n<li>Compatible avec les derni\u00e8res versions de WordPress et Google Drive, et facile \u00e0 installer et \u00e0 configurer.<\/li>\n<\/ul>\n","protected":false},"excerpt":{"rendered":"<p>En utilisant le remarquable plugin Google Drive pour WordPress, les individus sont autoris\u00e9s \u00e0 incorporer sans effort leur vaste gamme de fichiers et de documents Google Drive directement dans le cadre de leur site Web. Ce syst\u00e8me impeccablement int\u00e9gr\u00e9 pr\u00e9sente et diffuse de mani\u00e8re transparente le contenu, permettant aux utilisateurs d&rsquo;acc\u00e9der facilement et de s&rsquo;engager avec la pl\u00e9thore de fichiers pr\u00e9sent\u00e9s. Sans oublier que le processus de configuration est remarquablement simple, ce qui rend ce plugin indispensable \u00e0 ceux qui cherchent \u00e0 optimiser les avantages offerts par Google Drive et WordPress.<\/p>\n","protected":false},"featured_media":145671,"comment_status":"open","ping_status":"closed","template":"","meta":[],"product_brand":[2435],"product_cat":[1189,1181,1186],"product_tag":[1231],"class_list":{"0":"post-112165","1":"product","2":"type-product","3":"status-publish","4":"has-post-thumbnail","6":"product_brand-codecanyon","7":"product_cat-personnalisation","8":"product_cat-plugins","9":"product_cat-wordpress-plugins","10":"product_tag-codecanyon","11":"member-discount","12":"discount-restricted","14":"first","15":"instock","16":"sale","17":"downloadable","18":"virtual","19":"sold-individually","20":"purchasable","21":"product-type-simple"},"_links":{"self":[{"href":"https:\/\/gpl-love.com\/fr\/wp-json\/wp\/v2\/product\/112165","targetHints":{"allow":["GET"]}}],"collection":[{"href":"https:\/\/gpl-love.com\/fr\/wp-json\/wp\/v2\/product"}],"about":[{"href":"https:\/\/gpl-love.com\/fr\/wp-json\/wp\/v2\/types\/product"}],"replies":[{"embeddable":true,"href":"https:\/\/gpl-love.com\/fr\/wp-json\/wp\/v2\/comments?post=112165"}],"wp:featuredmedia":[{"embeddable":true,"href":"https:\/\/gpl-love.com\/fr\/wp-json\/wp\/v2\/media\/145671"}],"wp:attachment":[{"href":"https:\/\/gpl-love.com\/fr\/wp-json\/wp\/v2\/media?parent=112165"}],"wp:term":[{"taxonomy":"product_brand","embeddable":true,"href":"https:\/\/gpl-love.com\/fr\/wp-json\/wp\/v2\/product_brand?post=112165"},{"taxonomy":"product_cat","embeddable":true,"href":"https:\/\/gpl-love.com\/fr\/wp-json\/wp\/v2\/product_cat?post=112165"},{"taxonomy":"product_tag","embeddable":true,"href":"https:\/\/gpl-love.com\/fr\/wp-json\/wp\/v2\/product_tag?post=112165"}],"curies":[{"name":"wp","href":"https:\/\/api.w.org\/{rel}","templated":true}]}}