{"id":112163,"date":"2026-01-04T00:00:00","date_gmt":"2026-01-03T23:00:00","guid":{"rendered":"http:\/\/gpl-love.com\/fr\/produit\/consultio-corporate-consulting-wordpress-theme\/"},"modified":"2026-03-20T22:58:56","modified_gmt":"2026-03-20T21:58:56","slug":"consultio-corporate-consulting-wordpress-theme","status":"publish","type":"product","link":"https:\/\/gpl-love.com\/fr\/produit\/consultio-corporate-consulting-wordpress-theme\/","title":{"rendered":"Consultio Corporate Consulting WordPress Theme 3.2.8"},"content":{"rendered":"<h3>Consultio Corporate Consulting WordPress Theme Traits<\/h3>\n<p>Le th\u00e8me WordPress Consultio Corporate Consulting se pr\u00e9sente comme une solution globale et multiforme pour les entreprises qui cherchent \u00e0 \u00e9tablir une pr\u00e9sence en ligne forte et cr\u00e9dible. En offrant une gamme diversifi\u00e9e de dispositions personnalisables et de mod\u00e8les pr\u00e9d\u00e9finis, ce th\u00e8me offre aux utilisateurs la possibilit\u00e9 de cr\u00e9er des sites Web non seulement distinctifs, mais aussi esth\u00e9tiques. En plus de ces avantages bas\u00e9s sur la conception, le th\u00e8me WordPress Consultio Corporate Consulting poss\u00e8de une vaste gamme de fonctionnalit\u00e9s puissantes qui vont au-del\u00e0 du niveau de surface. Ceux-ci incluent des options de personnalisation avanc\u00e9es, en veillant \u00e0 ce que les utilisateurs aient de nombreuses opportunit\u00e9s d&rsquo;adapter leur site Web \u00e0 leurs besoins et pr\u00e9f\u00e9rences sp\u00e9cifiques. De plus, la conception r\u00e9active du th\u00e8me garantit que le site Web s&rsquo;adaptera de mani\u00e8re transparente \u00e0 n&rsquo;importe quel appareil ou taille d&rsquo;\u00e9cran, optimisant l&rsquo;exp\u00e9rience utilisateur globale. En outre, le th\u00e8me WordPress Consultio Corporate Consulting int\u00e8gre parfaitement les plugins essentiels pour l&rsquo;optimisation du r\u00e9f\u00e9rencement et l&rsquo;int\u00e9gration des m\u00e9dias sociaux, permettant ainsi aux entreprises de maximiser leur visibilit\u00e9 et leur port\u00e9e en ligne. Quelle que soit la nature de votre entreprise, qu&rsquo;il s&rsquo;agisse d&rsquo;un cabinet de conseil, d&rsquo;un cabinet d&rsquo;avocats ou d&rsquo;une soci\u00e9t\u00e9 de services financiers, le th\u00e8me WordPress Consultio Corporate Consulting poss\u00e8de la capacit\u00e9 de vous permettre de cr\u00e9er un site Web qui non seulement s&rsquo;aligne avec votre marque, mais aussi captive, mais captive \u00e9galement l&rsquo;attention des clients potentiels.<\/p>\n<ul>\n<li>Page d&rsquo;accueil personnalisable avec plusieurs options de mise en page<\/li>\n<li>Int\u00e9gration avec des plugins populaires tels que WooCommerce, Contact Form 7 et WPML<\/li>\n<li>Design professionnel avec une esth\u00e9tique \u00e9l\u00e9gante et moderne<\/li>\n<li>Mod\u00e8les de plusieurs pages pour diff\u00e9rents types de contenu, y compris l&rsquo;\u00e9quipe, les services et les t\u00e9moignages<\/li>\n<li>Conception r\u00e9active pour une visualisation optimale sur tous les appareils<\/li>\n<li>Facile \u00e0 utiliser et \u00e0 personnaliser \u00e0 l&rsquo;aide du panneau d&rsquo;options de th\u00e8me int\u00e9gr\u00e9<\/li>\n<li>Installation de d\u00e9monstration en un clic pour une configuration simple<\/li>\n<li>SEO optimis\u00e9 pour am\u00e9liorer le classement des moteurs de recherche<\/li>\n<li>Traduction pr\u00eate pour la localisation dans diff\u00e9rentes langues<\/li>\n<li>\u00c9quipe de support client d\u00e9di\u00e9e pour obtenir de l&rsquo;aide pour toutes les questions ou probl\u00e8mes<\/li>\n<\/ul>\n","protected":false},"excerpt":{"rendered":"<p>Explorez les opportunit\u00e9s illimit\u00e9es avec le th\u00e8me WordPress consultant consultant consultant consultant consulter. Id\u00e9al pour tous les sites Web de conseil, d&rsquo;entreprise et d&rsquo;entreprise, ce th\u00e8me est con\u00e7u avec pr\u00e9cision et attention aux d\u00e9tails. Il poss\u00e8de une gamme de fonctionnalit\u00e9s robustes, notamment des dispositions enti\u00e8rement personnalisables, une conception r\u00e9active et des options de th\u00e8me avanc\u00e9es. L&rsquo;int\u00e9gration transparente de Consultio avec des plugins populaires comme Elementor et Slider Revolution am\u00e9liore ses fonctionnalit\u00e9s, vous offrant une interface conviviale et des options illimit\u00e9es pour cr\u00e9er le site Web que vous envisagez. Le th\u00e8me prend \u00e9galement en charge les langues RTL et est compatible avec WooCommerce, \u00e9largissant votre port\u00e9e commerciale \u00e0 un public mondial. Avec Consurio, vous pouvez profiter de mises \u00e0 jour r\u00e9guli\u00e8res, un soutien d\u00e9di\u00e9 et une documentation \u00e9tendue qui vous guide \u00e0 chaque \u00e9tape du processus. Donnez \u00e0 votre identit\u00e9 d&rsquo;entreprise une plate-forme num\u00e9rique avec le th\u00e8me Consulo WordPress &#8211; le m\u00e9lange parfait de polyvalence, d&rsquo;efficacit\u00e9 et de cr\u00e9ativit\u00e9.<\/p>\n","protected":false},"featured_media":143415,"comment_status":"open","ping_status":"open","template":"","meta":[],"product_brand":[2433],"product_cat":[1516,1212,1213],"product_tag":[1366],"class_list":{"0":"post-112163","1":"product","2":"type-product","3":"status-publish","4":"has-post-thumbnail","6":"product_brand-themeforest","7":"product_cat-entreprise","8":"product_cat-themes","9":"product_cat-wordpress-themes","10":"product_tag-themeforest","11":"member-discount","12":"discount-restricted","14":"first","15":"instock","16":"sale","17":"downloadable","18":"virtual","19":"sold-individually","20":"purchasable","21":"product-type-simple"},"_links":{"self":[{"href":"https:\/\/gpl-love.com\/fr\/wp-json\/wp\/v2\/product\/112163","targetHints":{"allow":["GET"]}}],"collection":[{"href":"https:\/\/gpl-love.com\/fr\/wp-json\/wp\/v2\/product"}],"about":[{"href":"https:\/\/gpl-love.com\/fr\/wp-json\/wp\/v2\/types\/product"}],"replies":[{"embeddable":true,"href":"https:\/\/gpl-love.com\/fr\/wp-json\/wp\/v2\/comments?post=112163"}],"wp:featuredmedia":[{"embeddable":true,"href":"https:\/\/gpl-love.com\/fr\/wp-json\/wp\/v2\/media\/143415"}],"wp:attachment":[{"href":"https:\/\/gpl-love.com\/fr\/wp-json\/wp\/v2\/media?parent=112163"}],"wp:term":[{"taxonomy":"product_brand","embeddable":true,"href":"https:\/\/gpl-love.com\/fr\/wp-json\/wp\/v2\/product_brand?post=112163"},{"taxonomy":"product_cat","embeddable":true,"href":"https:\/\/gpl-love.com\/fr\/wp-json\/wp\/v2\/product_cat?post=112163"},{"taxonomy":"product_tag","embeddable":true,"href":"https:\/\/gpl-love.com\/fr\/wp-json\/wp\/v2\/product_tag?post=112163"}],"curies":[{"name":"wp","href":"https:\/\/api.w.org\/{rel}","templated":true}]}}