{"id":112159,"date":"2023-02-21T00:00:00","date_gmt":"2023-02-20T23:00:00","guid":{"rendered":"http:\/\/gpl-love.com\/fr\/produit\/chef-multi-restaurant-saas-contact-less-digital-menu-admin-panel-with-react-native-app\/"},"modified":"2026-03-20T22:58:25","modified_gmt":"2026-03-20T21:58:25","slug":"chef-multi-restaurant-saas-contact-less-digital-menu-admin-panel-with-react-native-app","status":"publish","type":"product","link":"https:\/\/gpl-love.com\/fr\/produit\/chef-multi-restaurant-saas-contact-less-digital-menu-admin-panel-with-react-native-app\/","title":{"rendered":"Chef Multi-restaurant Saas Contact less Digital Menu Admin Panel with React Native App 5.5.4"},"content":{"rendered":"<h3>Chef Multi-restaurant Saas Contact less Digital Menu Admin Panel with React Native App Traits<\/h3>\n<p>Le menu num\u00e9rique sans contact Chef Multi-Restaurant SaaS se pr\u00e9sente comme une solution d&rsquo;avant-garde, r\u00e9pondant aux besoins des restaurants visant \u00e0 r\u00e9organiser leurs syst\u00e8mes de commande avec une touche de modernit\u00e9. \u00c9quip\u00e9 d&rsquo;un panneau administratif facilement navigable aux c\u00f4t\u00e9s d&rsquo;une application native React adapt\u00e9e aux clients, ce menu num\u00e9rique sert de support pour la commande et le paiement sans contact, att\u00e9nuant efficacement le risque de transmission germinale. Gr\u00e2ce \u00e0 cette solution de pointe, les propri\u00e9taires de restaurants acqui\u00e8rent la possibilit\u00e9 de g\u00e9rer un \u00e9ventail de menus \u00e0 partir d&rsquo;un seul emplacement centralis\u00e9, leur accordant le pouvoir de mettre en \u0153uvre des modifications et des mises \u00e0 jour en temps r\u00e9el. En outre, l&rsquo;application facilite une exp\u00e9rience utilisateur transparente en offrant aux clients la possibilit\u00e9 de parcourir le menu, de passer des commandes et d&rsquo;ex\u00e9cuter les paiements directement via leurs smartphones, rationalisant ainsi le processus de commande tout en am\u00e9liorant simultan\u00e9ment la commodit\u00e9. Avec l&rsquo;incorporation de cette technologie pionni\u00e8re, les restaurants peuvent efficacement am\u00e9liorer leur g\u00e9n\u00e9ration de revenus et \u00e9tablir un environnement de restauration plus s\u00fbr, favorisant un sentiment de s\u00e9curit\u00e9 parmi leurs clients.<\/p>\n<ul>\n<li>Une solution de menu num\u00e9rique multi-restaurant bas\u00e9e au SaaS pour l&rsquo;industrie de la restauration moderne<\/li>\n<li>Panneau d&rsquo;administration convivial pour une gestion transparente des \u00e9l\u00e9ments de menu, des prix et de la disponibilit\u00e9<\/li>\n<li>Fonctionnalit\u00e9 de menu num\u00e9rique sans contact pour plus de s\u00e9curit\u00e9 et de commodit\u00e9 pour les clients des restaurants<\/li>\n<li>Construit avec React Native Technology, assurant une exp\u00e9rience utilisateur fluide et efficace<\/li>\n<li>Prend en charge plusieurs langues, permettant aux restaurants de r\u00e9pondre \u00e0 une client\u00e8le diversifi\u00e9e<\/li>\n<li>Int\u00e9gration facile avec les syst\u00e8mes de point de vente des restaurants existants pour les op\u00e9rations rationalis\u00e9es<\/li>\n<li>Options de marque personnalisables, permettant aux restaurants de pr\u00e9senter leur style et leur identit\u00e9 uniques<\/li>\n<li>Analytiques et informations en temps r\u00e9el pour aider les propri\u00e9taires de restaurants \u00e0 prendre des d\u00e9cisions bas\u00e9es sur les donn\u00e9es et \u00e0 optimiser leurs menus<\/li>\n<li>Des plans de prix abordables adapt\u00e9s aux petits et aux grands restaurants, ce qui le rend accessible \u00e0 tous.<\/li>\n<\/ul>\n","protected":false},"excerpt":{"rendered":"<p>Pr\u00e9sentation de notre chef Multi-Restaurant SaaS, une solution compl\u00e8te pour tous vos besoins de restaurant. Ce syst\u00e8me est con\u00e7u pour transformer votre entreprise en une exp\u00e9rience transparente et sans contact avec un menu accessible num\u00e9riquement. Il dispose d&rsquo;un panneau d&rsquo;administration intuitif qui vous permet de g\u00e9rer plusieurs restaurants, en garantissant un flux de travail et des op\u00e9rations commerciales efficaces. Construit avec React Native App, cette plate-forme garantit des performances de premier ordre et une interface conviviale pour vos clients. Le menu num\u00e9rique offre une alternative plus s\u00fbre et moderne aux menus traditionnels, minimisant le contact et augmentant la satisfaction des clients. Que vous soyez un seul restaurant ou une cha\u00eene, notre solution SaaS est con\u00e7ue pour \u00e9voluer et s&rsquo;adapter \u00e0 vos exigences uniques. Profitez des avantages d&rsquo;un syst\u00e8me organis\u00e9, facile \u00e0 naviguer et efficace avec notre chef multi-restaurant Chef.<\/p>\n","protected":false},"featured_media":143381,"comment_status":"open","ping_status":"open","template":"","meta":[],"product_brand":[2435],"product_cat":[1189,1181,1186],"product_tag":[1231],"class_list":{"0":"post-112159","1":"product","2":"type-product","3":"status-publish","4":"has-post-thumbnail","6":"product_brand-codecanyon","7":"product_cat-personnalisation","8":"product_cat-plugins","9":"product_cat-wordpress-plugins","10":"product_tag-codecanyon","11":"member-discount","12":"discount-restricted","14":"first","15":"instock","16":"sale","17":"downloadable","18":"virtual","19":"sold-individually","20":"purchasable","21":"product-type-simple"},"_links":{"self":[{"href":"https:\/\/gpl-love.com\/fr\/wp-json\/wp\/v2\/product\/112159","targetHints":{"allow":["GET"]}}],"collection":[{"href":"https:\/\/gpl-love.com\/fr\/wp-json\/wp\/v2\/product"}],"about":[{"href":"https:\/\/gpl-love.com\/fr\/wp-json\/wp\/v2\/types\/product"}],"replies":[{"embeddable":true,"href":"https:\/\/gpl-love.com\/fr\/wp-json\/wp\/v2\/comments?post=112159"}],"wp:featuredmedia":[{"embeddable":true,"href":"https:\/\/gpl-love.com\/fr\/wp-json\/wp\/v2\/media\/143381"}],"wp:attachment":[{"href":"https:\/\/gpl-love.com\/fr\/wp-json\/wp\/v2\/media?parent=112159"}],"wp:term":[{"taxonomy":"product_brand","embeddable":true,"href":"https:\/\/gpl-love.com\/fr\/wp-json\/wp\/v2\/product_brand?post=112159"},{"taxonomy":"product_cat","embeddable":true,"href":"https:\/\/gpl-love.com\/fr\/wp-json\/wp\/v2\/product_cat?post=112159"},{"taxonomy":"product_tag","embeddable":true,"href":"https:\/\/gpl-love.com\/fr\/wp-json\/wp\/v2\/product_tag?post=112159"}],"curies":[{"name":"wp","href":"https:\/\/api.w.org\/{rel}","templated":true}]}}