{"id":112157,"date":"2021-02-24T00:00:00","date_gmt":"2021-02-23T23:00:00","guid":{"rendered":"http:\/\/gpl-love.com\/fr\/produit\/quizier-multipurpose-viral-application-capture-leads\/"},"modified":"2026-04-10T18:37:40","modified_gmt":"2026-04-10T16:37:40","slug":"quizier-multipurpose-viral-application-capture-leads","status":"publish","type":"product","link":"https:\/\/gpl-love.com\/fr\/produit\/quizier-multipurpose-viral-application-capture-leads\/","title":{"rendered":"Quizier Multipurpose Viral Application et Capture Leads 3.6.0"},"content":{"rendered":"<h3>Quizier Multipurpose Viral Application et Capture Leads Traits<\/h3>\n<p>Quizier est une application virale incroyablement polyvalente et tr\u00e8s efficace qui a \u00e9t\u00e9 sp\u00e9cialement con\u00e7ue pour aider les entreprises \u00e0 capturer des prospects pr\u00e9cieux. Ceci est r\u00e9alis\u00e9 gr\u00e2ce \u00e0 l&rsquo;utilisation de quiz et de sondages interactifs, qui se sont r\u00e9v\u00e9l\u00e9s incroyablement engageants pour les utilisateurs. L&rsquo;interface conviviale que Quizier offre garantit que les entreprises sont capables de cr\u00e9er sans effort des quiz et des enqu\u00eates qui sont non seulement agr\u00e9ables esth\u00e9tiquement, mais ont \u00e9galement la capacit\u00e9 d&rsquo;attirer l&rsquo;attention et d&rsquo;encourager le partage sur de nombreuses plateformes de m\u00e9dias sociaux.<\/p>\n<p>L&rsquo;un des principaux avantages de Quizier est la capacit\u00e9 des entreprises \u00e0 capturer les plombs gr\u00e2ce \u00e0 l&rsquo;utilisation de formulaires de r\u00e9ponse. Cela signifie qu&rsquo;en tirant parti de la puissance de Quizier, les entreprises sont en mesure de cr\u00e9er une vaste liste de diffusion, qui peut ensuite \u00eatre utilis\u00e9e pour am\u00e9liorer l&rsquo;engagement des clients ainsi que les ventes de stimulation. De plus, Quizier propose une large gamme de fonctionnalit\u00e9s qui am\u00e9liorent encore son efficacit\u00e9. Par exemple, la fonctionnalit\u00e9 des r\u00e9sultats en direct fournit aux entreprises des donn\u00e9es en temps r\u00e9el, ce qui leur permet de mieux comprendre les pr\u00e9f\u00e9rences et les comportements des utilisateurs.<\/p>\n<p>En outre, Quizier permet \u00e9galement aux entreprises de personnaliser la marque de leurs quiz et enqu\u00eates. Cela signifie que les entreprises ont la possibilit\u00e9 de cr\u00e9er une exp\u00e9rience de marque enti\u00e8rement immersive et coh\u00e9sive pour leurs utilisateurs. En alignant les quiz et les enqu\u00eates avec leur image de marque existante, les entreprises peuvent renforcer leur pr\u00e9sence en ligne et cultiver un sentiment de familiarit\u00e9 et de confiance avec leur public.<\/p>\n<p>Enfin, Quizier fournit des analyses compl\u00e8tes qui permettent aux entreprises de suivre et de mesurer les performances de leurs quiz et enqu\u00eates. Ces donn\u00e9es inestimables permettent aux entreprises d&rsquo;affiner leurs strat\u00e9gies et d&rsquo;optimiser leur contenu pour mieux r\u00e9sonner avec leur public cible. En surveillant et en analysant continuellement les analyses, les entreprises peuvent prendre des d\u00e9cisions \u00e9clair\u00e9es qui entra\u00eeneront finalement des conversions plus \u00e9lev\u00e9es et le d\u00e9veloppement de la fid\u00e9lisation \u00e0 long terme de la client\u00e8le.<\/p>\n<p>En conclusion, Quizier est un outil exceptionnel qui permet aux entreprises non seulement de capturer les prospects et d&rsquo;am\u00e9liorer l&rsquo;engagement des clients, mais aussi de stimuler leur pr\u00e9sence en ligne et de convertir les visiteurs en clients fid\u00e8les. Avec sa polyvalence, son interface conviviale, ses options de marque personnalisables et son analyse compl\u00e8te, Quizier change vraiment dans le monde des quiz et des enqu\u00eates interactifs.<\/p>\n<ul>\n<li>Cr\u00e9er des quiz engageants pour que votre public augmente l&rsquo;interaction et la viralit\u00e9<\/li>\n<li>Capture est en t\u00eate en n\u00e9cessitant une adresse e-mail ou une connexion sur les r\u00e9seaux sociaux pour acc\u00e9der aux r\u00e9sultats du quiz<\/li>\n<li>Personnaliser la conception du quiz et les questions pour s&rsquo;adapter \u00e0 votre marque et \u00e0 un public cible<\/li>\n<li>Analyser les r\u00e9sultats et les donn\u00e9es du quiz pour obtenir des informations sur votre public et am\u00e9liorer les strat\u00e9gies de marketing<\/li>\n<li>Partagez des quiz sur plusieurs plateformes, y compris les m\u00e9dias sociaux, les e-mails et les sites Web<\/li>\n<li>Int\u00e9grer aux outils de marketing par e-mail populaires et de CRM pour rationaliser la gestion des plombs<\/li>\n<li>Acc\u00e9dez aux mod\u00e8les de quiz pr\u00e9-fabriqu\u00e9s et aux banques de questions pour la cr\u00e9ation de quiz facile<\/li>\n<li>Prot\u00e9gez le contenu du quiz avec des mesures anti-triche pour assurer une collecte de donn\u00e9es pr\u00e9cise<\/li>\n<li>Surveiller les performances du quiz avec le suivi et l&rsquo;analyse en temps r\u00e9el<\/li>\n<li>Augmentez le trafic et l&rsquo;engagement du site Web en int\u00e9grant des quiz sur votre site Web.<\/li>\n<\/ul>\n","protected":false},"excerpt":{"rendered":"<p>Quizier, l&rsquo;application incroyablement polyvalente et dynamiquement virale, poss\u00e8de la capacit\u00e9 remarquable \u00e0 servir une multitude d&rsquo;objectifs, englobant la g\u00e9n\u00e9ration de leads, l&rsquo;engagement client et la sensibilisation de l&rsquo;audience. Ce logiciel exceptionnel, avec une interface intuitive et une abondance de fonctionnalit\u00e9s personnalisables, permet aux entreprises sans effort de fa\u00e7onner des quiz et des \u00e9valuations interactifs qui saisissent efficacement l&rsquo;attention des utilisateurs et stimulent l&rsquo;int\u00e9r\u00eat pour leurs produits ou services respectifs. Que l&rsquo;objectif soit d&rsquo;am\u00e9liorer ses m\u00e9dias sociaux apr\u00e8s ou de faciliter la g\u00e9n\u00e9ration de prospects pour une \u00e9quipe de vente, Quizier est une solution compl\u00e8te et globale qui donne syst\u00e9matiquement des r\u00e9sultats impressionnants. Pourquoi tergiverser plus longtemps? Embarquez dans votre voyage de quizier aujourd&rsquo;hui et assistez de premi\u00e8re main \u00e0 l&rsquo;impact transformateur qu&rsquo;il aura sur votre capacit\u00e9 \u00e0 capturer des prospects et \u00e0 engager les clients d&rsquo;une mani\u00e8re que vous n&rsquo;avez jamais connue auparavant!<\/p>\n","protected":false},"featured_media":145067,"comment_status":"open","ping_status":"open","template":"","meta":[],"product_brand":[2435],"product_cat":[1207,1181,1186],"product_tag":[1231],"class_list":{"0":"post-112157","1":"product","2":"type-product","3":"status-publish","4":"has-post-thumbnail","6":"product_brand-codecanyon","7":"product_cat-commercialisation-wordpress-plugins","8":"product_cat-plugins","9":"product_cat-wordpress-plugins","10":"product_tag-codecanyon","11":"member-discount","12":"discount-restricted","14":"first","15":"instock","16":"sale","17":"downloadable","18":"virtual","19":"sold-individually","20":"purchasable","21":"product-type-simple"},"_links":{"self":[{"href":"https:\/\/gpl-love.com\/fr\/wp-json\/wp\/v2\/product\/112157","targetHints":{"allow":["GET"]}}],"collection":[{"href":"https:\/\/gpl-love.com\/fr\/wp-json\/wp\/v2\/product"}],"about":[{"href":"https:\/\/gpl-love.com\/fr\/wp-json\/wp\/v2\/types\/product"}],"replies":[{"embeddable":true,"href":"https:\/\/gpl-love.com\/fr\/wp-json\/wp\/v2\/comments?post=112157"}],"wp:featuredmedia":[{"embeddable":true,"href":"https:\/\/gpl-love.com\/fr\/wp-json\/wp\/v2\/media\/145067"}],"wp:attachment":[{"href":"https:\/\/gpl-love.com\/fr\/wp-json\/wp\/v2\/media?parent=112157"}],"wp:term":[{"taxonomy":"product_brand","embeddable":true,"href":"https:\/\/gpl-love.com\/fr\/wp-json\/wp\/v2\/product_brand?post=112157"},{"taxonomy":"product_cat","embeddable":true,"href":"https:\/\/gpl-love.com\/fr\/wp-json\/wp\/v2\/product_cat?post=112157"},{"taxonomy":"product_tag","embeddable":true,"href":"https:\/\/gpl-love.com\/fr\/wp-json\/wp\/v2\/product_tag?post=112157"}],"curies":[{"name":"wp","href":"https:\/\/api.w.org\/{rel}","templated":true}]}}