{"id":112155,"date":"2026-02-06T00:00:00","date_gmt":"2026-02-05T23:00:00","guid":{"rendered":"http:\/\/gpl-love.com\/fr\/produit\/ohio-creative-portfolio-agency-wordpress-theme\/"},"modified":"2026-04-10T18:35:11","modified_gmt":"2026-04-10T16:35:11","slug":"ohio-creative-portfolio-agency-wordpress-theme","status":"publish","type":"product","link":"https:\/\/gpl-love.com\/fr\/produit\/ohio-creative-portfolio-agency-wordpress-theme\/","title":{"rendered":"Ohio Creative Portfolio et Agency WordPress Theme 3.6.5"},"content":{"rendered":"<h3>Ohio Creative Portfolio et Agency WordPress Theme Traits<\/h3>\n<p>Le portefeuille cr\u00e9atif de l&rsquo;Ohio et le th\u00e8me WordPress de l&rsquo;agence, r\u00e9put\u00e9 pour sa polyvalence et sa modernit\u00e9, r\u00e9pond aux besoins des professionnels de la cr\u00e9ation et des agences. B\u00e9n\u00e9ficiant d&rsquo;un design \u00e9l\u00e9gamment \u00e9l\u00e9gant et \u00e9l\u00e9gant, ce th\u00e8me est garanti pour propulser votre portefeuille ou votre agence au premier plan du domaine en ligne. Avec une vaste gamme d&rsquo;options de personnalisation \u00e0 votre disposition, englobant plusieurs dispositions de page d&rsquo;accueil, sch\u00e9mas de couleurs et choix de polices, adaptez sans effort le th\u00e8me pour s&rsquo;aligner parfaitement avec votre marque et votre style individuel. De plus, le th\u00e8me de l&rsquo;Ohio propose un assortiment de fonctionnalit\u00e9s puissantes, telles que des widgets personnalis\u00e9s, l&rsquo;int\u00e9gration avec les plateformes de m\u00e9dias sociaux et une conception r\u00e9active qui d\u00e9gage l&rsquo;excellence sur tous les appareils. Que vous soyez designer, photographe ou agence de cr\u00e9ation, l&rsquo;Ohio Creative Portfolio and Agency WordPress Th\u00e8me se r\u00e9v\u00e8le \u00eatre la s\u00e9lection par excellence pour pr\u00e9senter votre travail et passionnant des clients potentiels dans votre sph\u00e8re cr\u00e9ative.<\/p>\n<ul>\n<li>Th\u00e8me WordPress con\u00e7u par des professionnels pour les portefeuilles et les agences cr\u00e9atifs<\/li>\n<li>Design moderne et \u00e9l\u00e9gant avec des sch\u00e9mas de couleurs personnalisables<\/li>\n<li>Enti\u00e8rement r\u00e9actif et optimis\u00e9 pour tous les appareils<\/li>\n<li>Facile \u00e0 utiliser Drag and Drop Page Builder<\/li>\n<li>Plusieurs dispositions et styles de portefeuille au choix<\/li>\n<li>Options de t\u00eate et de pied de page personnalisables<\/li>\n<li>Int\u00e9gration avec des plugins populaires tels que le formulaire de contact 7 et le curseur de r\u00e9volution<\/li>\n<li>Code propre et bien document\u00e9 pour une personnalisation facile<\/li>\n<li>Fonction d&rsquo;importation de d\u00e9monstration en un clic pour une configuration rapide<\/li>\n<li>\u00c9quipe de support d\u00e9di\u00e9e et mises \u00e0 jour r\u00e9guli\u00e8res pour des performances optimales.<\/li>\n<\/ul>\n","protected":false},"excerpt":{"rendered":"<p>Le portfolio cr\u00e9atif de l&rsquo;Ohio et le th\u00e8me WordPress de l&rsquo;agence est un outil remarquablement adaptable et tr\u00e8s sophistiqu\u00e9 sp\u00e9cialement con\u00e7u pour vous aider \u00e0 afficher votre portefeuille ou \u00e0 cr\u00e9er un site Web impressionnant pour votre agence. B\u00e9n\u00e9ficiant d&rsquo;une vaste \u00e9ventail d&rsquo;alternatives de personnalisation, englobant une myriade de d\u00e9mos pr\u00e9-construites, de sch\u00e9mas de couleurs, de dispositions et de polices, l&rsquo;Ohio vous permet de fabriquer un site Web esth\u00e9tiquement fascinant qui incarne vraiment l&rsquo;essence de votre marque. De nature remarquablement r\u00e9active, ce th\u00e8me int\u00e8gre un puissant constructeur de pages et est m\u00e9ticuleusement optimis\u00e9 pour l&rsquo;optimisation des moteurs de recherche, vous permettant ainsi de g\u00e9n\u00e9rer de grandes quantit\u00e9s de trafic vers votre site Web estim\u00e9. Ne perdez pas de temps et vous lancez dans votre voyage de l&rsquo;Ohio aujourd&rsquo;hui, vous alignant ainsi sur les illustres des rangs de cr\u00e9atifs triomphants dispers\u00e9s \u00e0 travers le monde.<\/p>\n","protected":false},"featured_media":144856,"comment_status":"open","ping_status":"open","template":"","meta":[],"product_brand":[2433],"product_cat":[1242,1212,1213],"product_tag":[1366],"class_list":{"0":"post-112155","1":"product","2":"type-product","3":"status-publish","4":"has-post-thumbnail","6":"product_brand-themeforest","7":"product_cat-creatif","8":"product_cat-themes","9":"product_cat-wordpress-themes","10":"product_tag-themeforest","11":"member-discount","12":"discount-restricted","14":"first","15":"instock","16":"sale","17":"downloadable","18":"virtual","19":"sold-individually","20":"purchasable","21":"product-type-simple"},"_links":{"self":[{"href":"https:\/\/gpl-love.com\/fr\/wp-json\/wp\/v2\/product\/112155","targetHints":{"allow":["GET"]}}],"collection":[{"href":"https:\/\/gpl-love.com\/fr\/wp-json\/wp\/v2\/product"}],"about":[{"href":"https:\/\/gpl-love.com\/fr\/wp-json\/wp\/v2\/types\/product"}],"replies":[{"embeddable":true,"href":"https:\/\/gpl-love.com\/fr\/wp-json\/wp\/v2\/comments?post=112155"}],"wp:featuredmedia":[{"embeddable":true,"href":"https:\/\/gpl-love.com\/fr\/wp-json\/wp\/v2\/media\/144856"}],"wp:attachment":[{"href":"https:\/\/gpl-love.com\/fr\/wp-json\/wp\/v2\/media?parent=112155"}],"wp:term":[{"taxonomy":"product_brand","embeddable":true,"href":"https:\/\/gpl-love.com\/fr\/wp-json\/wp\/v2\/product_brand?post=112155"},{"taxonomy":"product_cat","embeddable":true,"href":"https:\/\/gpl-love.com\/fr\/wp-json\/wp\/v2\/product_cat?post=112155"},{"taxonomy":"product_tag","embeddable":true,"href":"https:\/\/gpl-love.com\/fr\/wp-json\/wp\/v2\/product_tag?post=112155"}],"curies":[{"name":"wp","href":"https:\/\/api.w.org\/{rel}","templated":true}]}}